{"id":37234,"date":"2017-03-09T00:00:00","date_gmt":"2017-03-09T00:00:00","guid":{"rendered":"https:\/\/www.theinvisiblecollection.com\/product\/chaise-puzzle\/"},"modified":"2026-05-01T07:40:03","modified_gmt":"2026-05-01T07:40:03","slug":"oitoemponto-chaise-puzzle","status":"publish","type":"product","link":"https:\/\/theinvisiblecollection.com\/fr\/produit\/oitoemponto-chaise-puzzle\/","title":{"rendered":"Chaise Puzzle"},"content":{"rendered":"<p style=\"text-align: justify;\">Les meubles de la collection Puzzle s\u2019inspirent d\u2019un d\u00e9cor de t\u00e9l\u00e9vision des ann\u00e9es 1980. Jacques Bec et Artur Miranda ont demand\u00e9 \u00e0 leurs artisans de repousser les limites de leur art afin de r\u00e9aliser ces pi\u00e8ces, v\u00e9ritables prouesses techniques.<\/p>\n","protected":false},"excerpt":{"rendered":"<p>Chaise photographi\u00e9e ici en tissu Toyine Sellers Phinda R\u00e9, cama\u00efeux de bleus, gris et roses<br \/>\nStructure en palissandre et laque noire<br \/>\nBois et laque sur-mesure sur demande<\/p>\n<p>L 57 x l 55 x H 92 cm<br \/>\nHauteur d&#8217;assise : 45 cm<br \/>\nTissu requis: 1 m<\/p>\n<p>Fabriqu\u00e9e \u00e0 la main en Europe<br \/>\nD\u00e9lais de production : 8 &#8211; 10 semaines<\/p>\n<p class=\"p1\"><span style=\"text-decoration: underline;\"><span class=\"s1\"><a href=\"https:\/\/www.theinvisiblecollection.com\/fr\/demande-de-devis\/?product_id=37234\">Contactez-nous pour toute demande de devis ou de renseignements<\/a><\/span><\/span><\/p>\n","protected":false},"featured_media":125847,"template":"","meta":{"_acf_changed":false,"content-type":"","_themeisle_gutenberg_block_has_review":false},"product_brand":[],"product_cat":[13076,8962,12499],"product_tag":[],"product_designer":[8881],"comfabric":[29848],"manufacturer":[21261],"reporting_designer":[37448],"samplecomfabric":[30352],"designer_clubroom":[],"class_list":{"0":"post-37234","1":"product","2":"type-product","3":"status-publish","4":"has-post-thumbnail","6":"product_cat-bureau-a-la-maison","7":"product_cat-chaises","8":"product_cat-assises","9":"product_designer-oitoemponto-fr","10":"comfabric-oitoemponto-atelier-fr","11":"manufacturer-oitoemponto-atelier-fr","12":"reporting_designer-oitoemponto","13":"samplecomfabric-oitoemponto-atelier-fr","15":"first","16":"instock","17":"taxable","18":"shipping-taxable","19":"purchasable","20":"product-type-variable"},"acf":[],"_links":{"self":[{"href":"https:\/\/theinvisiblecollection.com\/fr\/wp-json\/wp\/v2\/product\/37234","targetHints":{"allow":["GET"]}}],"collection":[{"href":"https:\/\/theinvisiblecollection.com\/fr\/wp-json\/wp\/v2\/product"}],"about":[{"href":"https:\/\/theinvisiblecollection.com\/fr\/wp-json\/wp\/v2\/types\/product"}],"wp:featuredmedia":[{"embeddable":true,"href":"https:\/\/theinvisiblecollection.com\/fr\/wp-json\/wp\/v2\/media\/125847"}],"wp:attachment":[{"href":"https:\/\/theinvisiblecollection.com\/fr\/wp-json\/wp\/v2\/media?parent=37234"}],"wp:term":[{"taxonomy":"product_brand","embeddable":true,"href":"https:\/\/theinvisiblecollection.com\/fr\/wp-json\/wp\/v2\/product_brand?post=37234"},{"taxonomy":"product_cat","embeddable":true,"href":"https:\/\/theinvisiblecollection.com\/fr\/wp-json\/wp\/v2\/product_cat?post=37234"},{"taxonomy":"product_tag","embeddable":true,"href":"https:\/\/theinvisiblecollection.com\/fr\/wp-json\/wp\/v2\/product_tag?post=37234"},{"taxonomy":"product_designer","embeddable":true,"href":"https:\/\/theinvisiblecollection.com\/fr\/wp-json\/wp\/v2\/product_designer?post=37234"},{"taxonomy":"comfabric","embeddable":true,"href":"https:\/\/theinvisiblecollection.com\/fr\/wp-json\/wp\/v2\/comfabric?post=37234"},{"taxonomy":"manufacturer","embeddable":true,"href":"https:\/\/theinvisiblecollection.com\/fr\/wp-json\/wp\/v2\/manufacturer?post=37234"},{"taxonomy":"reporting_designer","embeddable":true,"href":"https:\/\/theinvisiblecollection.com\/fr\/wp-json\/wp\/v2\/reporting_designer?post=37234"},{"taxonomy":"samplecomfabric","embeddable":true,"href":"https:\/\/theinvisiblecollection.com\/fr\/wp-json\/wp\/v2\/samplecomfabric?post=37234"},{"taxonomy":"clubroom_product_designer","embeddable":true,"href":"https:\/\/theinvisiblecollection.com\/fr\/wp-json\/wp\/v2\/designer_clubroom?post=37234"}],"curies":[{"name":"wp","href":"https:\/\/api.w.org\/{rel}","templated":true}]}}