{"id":37392,"date":"2018-10-10T00:00:00","date_gmt":"2018-10-09T23:00:00","guid":{"rendered":"https:\/\/www.theinvisiblecollection.com\/product\/chandelier-gui\/"},"modified":"2026-05-01T07:40:03","modified_gmt":"2026-05-01T07:40:03","slug":"chandelier-gui","status":"publish","type":"product","link":"https:\/\/theinvisiblecollection.com\/fr\/produit\/chandelier-gui\/","title":{"rendered":"Chandelier Gui"},"content":{"rendered":"<div style=\"text-align: justify;\">Objet\u00a0a\u00e9rien mimant des branches de gui. Cette plante sacr\u00e9e, \u00e9voquant l\u2019immortalit\u00e9 et la prosp\u00e9rit\u00e9, se mat\u00e9rialise pour cette collaboration sous forme pr\u00e9cieuse gr\u00e2ce au m\u00e9tal dor\u00e9 et aux perles de cristal de roche baroques.\u00a0Les inclusions naturelles du cristal de roche rendent chaque pi\u00e8ce unique.\u00a0Toutes les pierres sont taill\u00e9es \u00e0\u00a0la main, sp\u00e9cialement pour la Maison Goossens.<\/div>\n","protected":false},"excerpt":{"rendered":"<p><em>Dessin\u00e9 par\u00a0Harumi Klossowska de Rola<\/em><br \/>\nChandelier en laiton plaqu\u00e9 or 24 carats<br \/>\nFinition satin\u00e9e<br \/>\nPerles de cristal de roche<\/p>\n<p>L 33 x l 33 x H 36 cm<\/p>\n<p>Fabriqu\u00e9 \u00e0 la main \u00e0 Paris, France<br \/>\nD\u00e9lais de production : 6 &#8211; 8 semaines<\/p>\n<p><span style=\"text-decoration: underline;\"><a href=\"https:\/\/www.theinvisiblecollection.com\/fr\/contact-produit\/?product_id=37392\" target=\"_blank\" rel=\"noopener\">Contactez-nous pour toute demande de devis ou de renseignements<\/a><\/span><\/p>\n","protected":false},"featured_media":81963,"template":"","meta":{"_acf_changed":false,"content-type":"","_themeisle_gutenberg_block_has_review":false},"product_brand":[],"product_cat":[7517,12529,12531,12535,16319],"product_tag":[8989,9006,14926,31476,31477,35206],"product_designer":[8928,10621],"comfabric":[],"manufacturer":[16919],"reporting_designer":[37524,37526],"samplecomfabric":[],"designer_clubroom":[],"class_list":{"0":"post-37392","1":"product","2":"type-product","3":"status-publish","4":"has-post-thumbnail","6":"product_cat-deco-fr","7":"product_cat-bougies-bougeoirs","8":"product_cat-objets-de-decoration","9":"product_cat-arts-de-la-table","10":"product_cat-cartes-cadeaux","11":"product_tag-photophore","12":"product_tag-st-moritz-fr-3","13":"product_tag-hplstfav-fr","14":"product_tag-st-collectible-fr","15":"product_tag-st-curvy-fr","16":"product_tag-exclusive-fr","17":"product_shipping_class-gossens-1kg-fr","18":"product_designer-goossens-fr","19":"product_designer-harumi-klossowska-de-rola-fr","20":"manufacturer-goossens-paris-fr","21":"reporting_designer-goossens","22":"reporting_designer-harumi-klossowska-de-rola","24":"first","25":"instock","26":"featured","27":"taxable","28":"shipping-taxable","29":"purchasable","30":"product-type-simple"},"acf":[],"_links":{"self":[{"href":"https:\/\/theinvisiblecollection.com\/fr\/wp-json\/wp\/v2\/product\/37392","targetHints":{"allow":["GET"]}}],"collection":[{"href":"https:\/\/theinvisiblecollection.com\/fr\/wp-json\/wp\/v2\/product"}],"about":[{"href":"https:\/\/theinvisiblecollection.com\/fr\/wp-json\/wp\/v2\/types\/product"}],"wp:featuredmedia":[{"embeddable":true,"href":"https:\/\/theinvisiblecollection.com\/fr\/wp-json\/wp\/v2\/media\/81963"}],"wp:attachment":[{"href":"https:\/\/theinvisiblecollection.com\/fr\/wp-json\/wp\/v2\/media?parent=37392"}],"wp:term":[{"taxonomy":"product_brand","embeddable":true,"href":"https:\/\/theinvisiblecollection.com\/fr\/wp-json\/wp\/v2\/product_brand?post=37392"},{"taxonomy":"product_cat","embeddable":true,"href":"https:\/\/theinvisiblecollection.com\/fr\/wp-json\/wp\/v2\/product_cat?post=37392"},{"taxonomy":"product_tag","embeddable":true,"href":"https:\/\/theinvisiblecollection.com\/fr\/wp-json\/wp\/v2\/product_tag?post=37392"},{"taxonomy":"product_designer","embeddable":true,"href":"https:\/\/theinvisiblecollection.com\/fr\/wp-json\/wp\/v2\/product_designer?post=37392"},{"taxonomy":"comfabric","embeddable":true,"href":"https:\/\/theinvisiblecollection.com\/fr\/wp-json\/wp\/v2\/comfabric?post=37392"},{"taxonomy":"manufacturer","embeddable":true,"href":"https:\/\/theinvisiblecollection.com\/fr\/wp-json\/wp\/v2\/manufacturer?post=37392"},{"taxonomy":"reporting_designer","embeddable":true,"href":"https:\/\/theinvisiblecollection.com\/fr\/wp-json\/wp\/v2\/reporting_designer?post=37392"},{"taxonomy":"samplecomfabric","embeddable":true,"href":"https:\/\/theinvisiblecollection.com\/fr\/wp-json\/wp\/v2\/samplecomfabric?post=37392"},{"taxonomy":"clubroom_product_designer","embeddable":true,"href":"https:\/\/theinvisiblecollection.com\/fr\/wp-json\/wp\/v2\/designer_clubroom?post=37392"}],"curies":[{"name":"wp","href":"https:\/\/api.w.org\/{rel}","templated":true}]}}