{"id":37397,"date":"2019-10-02T00:00:00","date_gmt":"2019-10-01T23:00:00","guid":{"rendered":"https:\/\/www.theinvisiblecollection.com\/product\/chevet-voudhir\/"},"modified":"2026-05-08T04:41:15","modified_gmt":"2026-05-08T04:41:15","slug":"thierry-lemaire-commode-voudhir","status":"publish","type":"product","link":"https:\/\/theinvisiblecollection.com\/fr\/produit\/thierry-lemaire-commode-voudhir\/","title":{"rendered":"Commode Voudhir"},"content":{"rendered":"","protected":false},"excerpt":{"rendered":"<p>Commode en bois d&#8217;\u00e9pic\u00e9a bross\u00e9 teint\u00e9 blanc avec un vernis mat<br \/>\nPi\u00e8tement en laiton bross\u00e9<br \/>\nTiroirs en \u00e9pic\u00e9a, lisse \u00e0 l&#8217;int\u00e9rieur<\/p>\n<p>Disponible en trois dimensions :<br \/>\nPetit : L 80 x l 60 x H 68 cm<br \/>\nMoyen : L 120 x l 60 x H 68 cm<br \/>\nGrand : L 130 x l 60 x H 68 cm<\/p>\n<p>Fabriqu\u00e9e \u00e0 la main en France<br \/>\nD\u00e9lais de fabrication : 14 &#8211; 16 semaines<\/p>\n<p class=\"p1\"><span style=\"text-decoration: underline;\"><span class=\"s1\"><a href=\"https:\/\/www.theinvisiblecollection.com\/fr\/contact-produit\/?product_id=37397\">Contactez-nous pour toute demande de devis ou de renseignements<\/a><\/span><\/span><\/p>\n","protected":false},"featured_media":949111,"template":"","meta":{"_acf_changed":false,"content-type":"","_themeisle_gutenberg_block_has_review":false},"product_brand":[],"product_cat":[8957,12501,12505,12514],"product_tag":[8952,9058,9424,9683],"product_designer":[8875],"comfabric":[29410],"manufacturer":[19271],"reporting_designer":[37176],"samplecomfabric":[30460],"designer_clubroom":[],"class_list":{"0":"post-37397","1":"product","2":"type-product","3":"status-publish","4":"has-post-thumbnail","6":"product_cat-commodes","7":"product_cat-chambre-a-coucher","8":"product_cat-rangements","9":"product_cat-tables-de-chevet","10":"product_tag-bois-fr","11":"product_tag-bronze-fr-2","12":"product_tag-commode-fr","13":"product_tag-thierry-lemaire-fr-fr","14":"pa_size-grand-fr","15":"pa_size-mini","16":"pa_size-moyen","17":"pa_size-petit-fr","18":"product_designer-thierry-lemaire-fr","19":"comfabric-thierry-lemaire-fr","20":"manufacturer-plateforme-logistique-sogaris-fr","21":"reporting_designer-thierry-lemaire","22":"samplecomfabric-thierry-lemaire-fr","24":"first","25":"instock","26":"taxable","27":"shipping-taxable","28":"product-type-variable"},"acf":[],"_links":{"self":[{"href":"https:\/\/theinvisiblecollection.com\/fr\/wp-json\/wp\/v2\/product\/37397","targetHints":{"allow":["GET"]}}],"collection":[{"href":"https:\/\/theinvisiblecollection.com\/fr\/wp-json\/wp\/v2\/product"}],"about":[{"href":"https:\/\/theinvisiblecollection.com\/fr\/wp-json\/wp\/v2\/types\/product"}],"wp:featuredmedia":[{"embeddable":true,"href":"https:\/\/theinvisiblecollection.com\/fr\/wp-json\/wp\/v2\/media\/949111"}],"wp:attachment":[{"href":"https:\/\/theinvisiblecollection.com\/fr\/wp-json\/wp\/v2\/media?parent=37397"}],"wp:term":[{"taxonomy":"product_brand","embeddable":true,"href":"https:\/\/theinvisiblecollection.com\/fr\/wp-json\/wp\/v2\/product_brand?post=37397"},{"taxonomy":"product_cat","embeddable":true,"href":"https:\/\/theinvisiblecollection.com\/fr\/wp-json\/wp\/v2\/product_cat?post=37397"},{"taxonomy":"product_tag","embeddable":true,"href":"https:\/\/theinvisiblecollection.com\/fr\/wp-json\/wp\/v2\/product_tag?post=37397"},{"taxonomy":"product_designer","embeddable":true,"href":"https:\/\/theinvisiblecollection.com\/fr\/wp-json\/wp\/v2\/product_designer?post=37397"},{"taxonomy":"comfabric","embeddable":true,"href":"https:\/\/theinvisiblecollection.com\/fr\/wp-json\/wp\/v2\/comfabric?post=37397"},{"taxonomy":"manufacturer","embeddable":true,"href":"https:\/\/theinvisiblecollection.com\/fr\/wp-json\/wp\/v2\/manufacturer?post=37397"},{"taxonomy":"reporting_designer","embeddable":true,"href":"https:\/\/theinvisiblecollection.com\/fr\/wp-json\/wp\/v2\/reporting_designer?post=37397"},{"taxonomy":"samplecomfabric","embeddable":true,"href":"https:\/\/theinvisiblecollection.com\/fr\/wp-json\/wp\/v2\/samplecomfabric?post=37397"},{"taxonomy":"clubroom_product_designer","embeddable":true,"href":"https:\/\/theinvisiblecollection.com\/fr\/wp-json\/wp\/v2\/designer_clubroom?post=37397"}],"curies":[{"name":"wp","href":"https:\/\/api.w.org\/{rel}","templated":true}]}}