{"id":37423,"date":"2016-04-22T00:00:00","date_gmt":"2016-04-21T23:00:00","guid":{"rendered":"https:\/\/www.theinvisiblecollection.com\/product\/console-chinoise\/"},"modified":"2026-05-01T07:40:03","modified_gmt":"2026-05-01T07:40:03","slug":"jerome-faillant-dumas-console-chinoise","status":"publish","type":"product","link":"https:\/\/theinvisiblecollection.com\/fr\/produit\/jerome-faillant-dumas-console-chinoise\/","title":{"rendered":"Console Chinoise"},"content":{"rendered":"<p style=\"text-align: justify;\"><span class=\"TextRun SCXW121571987 BCX0\" lang=\"FR-FR\" xml:lang=\"FR-FR\" data-contrast=\"auto\"><span class=\"NormalTextRun SCXW121571987 BCX0\">La Console Chinoise de J\u00e9r\u00f4me Faillant-Dumas revisite l\u2019art de la d\u00e9coration avec un \u00e9l\u00e9ment essentiel : la console. Inspir\u00e9e par la forme typique d\u2019une pagode, elle se pare d\u2019une marqueterie de paille audacieusement twist\u00e9e, ponctu\u00e9e de trois lignes rouges \u00e9galement en marqueterie de paille. Ses pieds cylindriques laqu\u00e9s ajoutent une touche contemporaine \u00e0 ce meuble d\u2019exception.\u00a0<\/span><\/span><span class=\"EOP SCXW121571987 BCX0\" data-ccp-props=\"{&quot;134233117&quot;:false,&quot;134233118&quot;:false,&quot;201341983&quot;:0,&quot;335551550&quot;:1,&quot;335551620&quot;:1,&quot;335559685&quot;:0,&quot;335559737&quot;:0,&quot;335559738&quot;:0,&quot;335559739&quot;:160,&quot;335559740&quot;:279}\">\u00a0<\/span><\/p>\n","protected":false},"excerpt":{"rendered":"<p>Console en marqueterie de paille laqu\u00e9<br \/>\nDimensions, mat\u00e9riaux et couleurs sur mesure sur demande<\/p>\n<p>L\u00a0140 x l 30 x\u00a0H 80 cm<\/p>\n<p>Fabriqu\u00e9e \u00e0 la main en France<br \/>\nD\u00e9lais de fabrication : 12 &#8211; 14 semaines<\/p>\n<p><span style=\"text-decoration: underline;\"><a href=\"https:\/\/www.theinvisiblecollection.com\/fr\/demande-de-devis\/?product_id=37423\" target=\"_blank\" rel=\"noopener\">Contactez-nous pour toute demande de devis ou de renseignement<\/a><\/span><\/p>\n","protected":false},"featured_media":112772,"template":"","meta":{"_acf_changed":false,"content-type":"","_themeisle_gutenberg_block_has_review":false},"product_brand":[],"product_cat":[12503,13076,7675],"product_tag":[9444,9640,9670,10389,9256],"product_designer":[8887],"comfabric":[],"manufacturer":[16770],"reporting_designer":[37606],"samplecomfabric":[],"designer_clubroom":[],"class_list":{"0":"post-37423","1":"product","2":"type-product","3":"status-publish","4":"has-post-thumbnail","6":"product_cat-tables-fr","7":"product_cat-bureau-a-la-maison","8":"product_cat-consoles-fr","9":"product_tag-laque-fr-2","10":"product_tag-bureau-fr-2","11":"product_tag-console-fr-fr","12":"product_tag-jerome-faillant-dumas-fr-fr","13":"product_tag-marqueterie-de-paille","14":"product_designer-jerome-faillant-dumas-fr","15":"manufacturer-love-editions-fr","16":"reporting_designer-jerome-faillant-dumas","18":"first","19":"instock","20":"taxable","21":"shipping-taxable","22":"purchasable","23":"product-type-simple"},"acf":[],"_links":{"self":[{"href":"https:\/\/theinvisiblecollection.com\/fr\/wp-json\/wp\/v2\/product\/37423","targetHints":{"allow":["GET"]}}],"collection":[{"href":"https:\/\/theinvisiblecollection.com\/fr\/wp-json\/wp\/v2\/product"}],"about":[{"href":"https:\/\/theinvisiblecollection.com\/fr\/wp-json\/wp\/v2\/types\/product"}],"wp:featuredmedia":[{"embeddable":true,"href":"https:\/\/theinvisiblecollection.com\/fr\/wp-json\/wp\/v2\/media\/112772"}],"wp:attachment":[{"href":"https:\/\/theinvisiblecollection.com\/fr\/wp-json\/wp\/v2\/media?parent=37423"}],"wp:term":[{"taxonomy":"product_brand","embeddable":true,"href":"https:\/\/theinvisiblecollection.com\/fr\/wp-json\/wp\/v2\/product_brand?post=37423"},{"taxonomy":"product_cat","embeddable":true,"href":"https:\/\/theinvisiblecollection.com\/fr\/wp-json\/wp\/v2\/product_cat?post=37423"},{"taxonomy":"product_tag","embeddable":true,"href":"https:\/\/theinvisiblecollection.com\/fr\/wp-json\/wp\/v2\/product_tag?post=37423"},{"taxonomy":"product_designer","embeddable":true,"href":"https:\/\/theinvisiblecollection.com\/fr\/wp-json\/wp\/v2\/product_designer?post=37423"},{"taxonomy":"comfabric","embeddable":true,"href":"https:\/\/theinvisiblecollection.com\/fr\/wp-json\/wp\/v2\/comfabric?post=37423"},{"taxonomy":"manufacturer","embeddable":true,"href":"https:\/\/theinvisiblecollection.com\/fr\/wp-json\/wp\/v2\/manufacturer?post=37423"},{"taxonomy":"reporting_designer","embeddable":true,"href":"https:\/\/theinvisiblecollection.com\/fr\/wp-json\/wp\/v2\/reporting_designer?post=37423"},{"taxonomy":"samplecomfabric","embeddable":true,"href":"https:\/\/theinvisiblecollection.com\/fr\/wp-json\/wp\/v2\/samplecomfabric?post=37423"},{"taxonomy":"clubroom_product_designer","embeddable":true,"href":"https:\/\/theinvisiblecollection.com\/fr\/wp-json\/wp\/v2\/designer_clubroom?post=37423"}],"curies":[{"name":"wp","href":"https:\/\/api.w.org\/{rel}","templated":true}]}}