{"id":37425,"date":"2025-02-18T10:33:50","date_gmt":"2025-02-18T10:33:50","guid":{"rendered":"https:\/\/www.theinvisiblecollection.com\/product\/console-convergence\/"},"modified":"2026-05-01T07:40:03","modified_gmt":"2026-05-01T07:40:03","slug":"damien-langlois-meurinne-console-convergence","status":"publish","type":"product","link":"https:\/\/theinvisiblecollection.com\/fr\/produit\/damien-langlois-meurinne-console-convergence\/","title":{"rendered":"Console Convergence"},"content":{"rendered":"<p style=\"text-align: justify;\">La base g\u00e9om\u00e9trique de la console s&#8217;\u00e9chappe une ligne courbe sensuelle ; Damien Langlois-Meurinne a trouv\u00e9 l&#8217;\u00e9quilibre parfait entre sym\u00e9trie et volupt\u00e9.<\/p>\n","protected":false},"excerpt":{"rendered":"<p>\u00c9dition Limit\u00e9e &#8211; 10 pi\u00e8ces<br \/>\nPlateau en marbre et pied en \u00e9pic\u00e9a\u00a0sabl\u00e9 teint\u00e9<\/p>\n<p>L 185 x l 41 x H 87 cm<\/p>\n<p>Fabriqu\u00e9e en France<br \/>\nD\u00e9lais de fabrication : 12 semaines<\/p>\n<p class=\"p1\"><span style=\"text-decoration: underline;\"><span class=\"s1\"><a href=\"https:\/\/www.theinvisiblecollection.com\/fr\/demande-de-devis\/?product_id=37425\">Contactez-nous pour toute demande de devis ou de renseignements<\/a><\/span><\/span><\/p>\n","protected":false},"featured_media":77281,"template":"","meta":{"_acf_changed":false,"content-type":"","_themeisle_gutenberg_block_has_review":false},"product_brand":[],"product_cat":[7675,12503],"product_tag":[8855,9582,9670,31474,31477,33319,35206],"product_designer":[8891],"comfabric":[],"manufacturer":[21649],"reporting_designer":[37504],"samplecomfabric":[],"designer_clubroom":[],"class_list":{"0":"post-37425","1":"product","2":"type-product","3":"status-publish","4":"has-post-thumbnail","6":"product_cat-consoles-fr","7":"product_cat-tables-fr","8":"product_tag-table-fr-3","9":"product_tag-damien-langlois-meurinne-fr","10":"product_tag-console-fr-fr","11":"product_tag-co-white-fr","12":"product_tag-st-curvy-fr","13":"product_tag-edition-limitee","14":"product_tag-exclusive-fr","15":"product_designer-damien-langlois-meurinne-fr","16":"manufacturer-mdeb-paredes-fr","17":"reporting_designer-damien-langlois-meurinne","19":"first","20":"instock","21":"taxable","22":"shipping-taxable","23":"purchasable","24":"product-type-simple"},"acf":[],"_links":{"self":[{"href":"https:\/\/theinvisiblecollection.com\/fr\/wp-json\/wp\/v2\/product\/37425","targetHints":{"allow":["GET"]}}],"collection":[{"href":"https:\/\/theinvisiblecollection.com\/fr\/wp-json\/wp\/v2\/product"}],"about":[{"href":"https:\/\/theinvisiblecollection.com\/fr\/wp-json\/wp\/v2\/types\/product"}],"wp:featuredmedia":[{"embeddable":true,"href":"https:\/\/theinvisiblecollection.com\/fr\/wp-json\/wp\/v2\/media\/77281"}],"wp:attachment":[{"href":"https:\/\/theinvisiblecollection.com\/fr\/wp-json\/wp\/v2\/media?parent=37425"}],"wp:term":[{"taxonomy":"product_brand","embeddable":true,"href":"https:\/\/theinvisiblecollection.com\/fr\/wp-json\/wp\/v2\/product_brand?post=37425"},{"taxonomy":"product_cat","embeddable":true,"href":"https:\/\/theinvisiblecollection.com\/fr\/wp-json\/wp\/v2\/product_cat?post=37425"},{"taxonomy":"product_tag","embeddable":true,"href":"https:\/\/theinvisiblecollection.com\/fr\/wp-json\/wp\/v2\/product_tag?post=37425"},{"taxonomy":"product_designer","embeddable":true,"href":"https:\/\/theinvisiblecollection.com\/fr\/wp-json\/wp\/v2\/product_designer?post=37425"},{"taxonomy":"comfabric","embeddable":true,"href":"https:\/\/theinvisiblecollection.com\/fr\/wp-json\/wp\/v2\/comfabric?post=37425"},{"taxonomy":"manufacturer","embeddable":true,"href":"https:\/\/theinvisiblecollection.com\/fr\/wp-json\/wp\/v2\/manufacturer?post=37425"},{"taxonomy":"reporting_designer","embeddable":true,"href":"https:\/\/theinvisiblecollection.com\/fr\/wp-json\/wp\/v2\/reporting_designer?post=37425"},{"taxonomy":"samplecomfabric","embeddable":true,"href":"https:\/\/theinvisiblecollection.com\/fr\/wp-json\/wp\/v2\/samplecomfabric?post=37425"},{"taxonomy":"clubroom_product_designer","embeddable":true,"href":"https:\/\/theinvisiblecollection.com\/fr\/wp-json\/wp\/v2\/designer_clubroom?post=37425"}],"curies":[{"name":"wp","href":"https:\/\/api.w.org\/{rel}","templated":true}]}}