{"id":37482,"date":"2020-02-13T00:00:00","date_gmt":"2020-02-12T23:00:00","guid":{"rendered":"https:\/\/www.theinvisiblecollection.com\/product\/coupe-papier-en-bronze\/"},"modified":"2026-05-01T07:40:03","modified_gmt":"2026-05-01T07:40:03","slug":"coupe-papier-en-bronze","status":"publish","type":"product","link":"https:\/\/theinvisiblecollection.com\/fr\/produit\/coupe-papier-en-bronze\/","title":{"rendered":"Coupe-Papier en Bronze"},"content":{"rendered":"","protected":false},"excerpt":{"rendered":"<p>Bronze et argent Sterling 925<br \/>\nSculpt\u00e9 gr\u00e2ce \u00e0 la technique de la cire perdue<br \/>\nChaque pi\u00e8ce est unique<\/p>\n<p>H 22 cm<\/p>\n<p>Fabriqu\u00e9 \u00e0 la main en Italie<br \/>\nD\u00e9lais de fabrication : 12 &#8211; 14 semaines<\/p>\n<p><a href=\"https:\/\/www.theinvisiblecollection.com\/fr\/demande-de-devis\/?product_id=37482\">Contactez-nous pour toute demande de devis ou de renseignements<\/a><\/p>\n","protected":false},"featured_media":72345,"template":"","meta":{"_acf_changed":false,"content-type":"","_themeisle_gutenberg_block_has_review":false},"product_brand":[],"product_cat":[7517,12531,12532,13076],"product_tag":[9007,9058,9611,9681,31476],"product_designer":[8873],"comfabric":[],"manufacturer":[20001],"reporting_designer":[37502],"samplecomfabric":[],"designer_clubroom":[],"class_list":{"0":"post-37482","1":"product","2":"type-product","3":"status-publish","4":"has-post-thumbnail","6":"product_cat-deco-fr","7":"product_cat-objets-de-decoration","8":"product_cat-accessoires-de-bureau","9":"product_cat-bureau-a-la-maison","10":"product_tag-cire","11":"product_tag-bronze-fr-2","12":"product_tag-italie","13":"product_tag-osanna-visconti-fr-fr","14":"product_tag-st-collectible-fr","15":"product_designer-osanna-visconti-fr","16":"manufacturer-osanna-visconti-gallery-fr","17":"reporting_designer-osanna-visconti","19":"first","20":"instock","21":"taxable","22":"shipping-taxable","23":"purchasable","24":"product-type-simple"},"acf":[],"_links":{"self":[{"href":"https:\/\/theinvisiblecollection.com\/fr\/wp-json\/wp\/v2\/product\/37482","targetHints":{"allow":["GET"]}}],"collection":[{"href":"https:\/\/theinvisiblecollection.com\/fr\/wp-json\/wp\/v2\/product"}],"about":[{"href":"https:\/\/theinvisiblecollection.com\/fr\/wp-json\/wp\/v2\/types\/product"}],"wp:featuredmedia":[{"embeddable":true,"href":"https:\/\/theinvisiblecollection.com\/fr\/wp-json\/wp\/v2\/media\/72345"}],"wp:attachment":[{"href":"https:\/\/theinvisiblecollection.com\/fr\/wp-json\/wp\/v2\/media?parent=37482"}],"wp:term":[{"taxonomy":"product_brand","embeddable":true,"href":"https:\/\/theinvisiblecollection.com\/fr\/wp-json\/wp\/v2\/product_brand?post=37482"},{"taxonomy":"product_cat","embeddable":true,"href":"https:\/\/theinvisiblecollection.com\/fr\/wp-json\/wp\/v2\/product_cat?post=37482"},{"taxonomy":"product_tag","embeddable":true,"href":"https:\/\/theinvisiblecollection.com\/fr\/wp-json\/wp\/v2\/product_tag?post=37482"},{"taxonomy":"product_designer","embeddable":true,"href":"https:\/\/theinvisiblecollection.com\/fr\/wp-json\/wp\/v2\/product_designer?post=37482"},{"taxonomy":"comfabric","embeddable":true,"href":"https:\/\/theinvisiblecollection.com\/fr\/wp-json\/wp\/v2\/comfabric?post=37482"},{"taxonomy":"manufacturer","embeddable":true,"href":"https:\/\/theinvisiblecollection.com\/fr\/wp-json\/wp\/v2\/manufacturer?post=37482"},{"taxonomy":"reporting_designer","embeddable":true,"href":"https:\/\/theinvisiblecollection.com\/fr\/wp-json\/wp\/v2\/reporting_designer?post=37482"},{"taxonomy":"samplecomfabric","embeddable":true,"href":"https:\/\/theinvisiblecollection.com\/fr\/wp-json\/wp\/v2\/samplecomfabric?post=37482"},{"taxonomy":"clubroom_product_designer","embeddable":true,"href":"https:\/\/theinvisiblecollection.com\/fr\/wp-json\/wp\/v2\/designer_clubroom?post=37482"}],"curies":[{"name":"wp","href":"https:\/\/api.w.org\/{rel}","templated":true}]}}