{"id":37516,"date":"2016-06-08T00:00:00","date_gmt":"2016-06-07T23:00:00","guid":{"rendered":"https:\/\/www.theinvisiblecollection.com\/product\/enfilade-iris\/"},"modified":"2026-05-01T07:40:00","modified_gmt":"2026-05-01T07:40:00","slug":"csbl-studio-enfilade-iris","status":"publish","type":"product","link":"https:\/\/theinvisiblecollection.com\/fr\/produit\/csbl-studio-enfilade-iris\/","title":{"rendered":"Enfilade Iris"},"content":{"rendered":"<div class=\"page\" title=\"Page 2\">\n<div class=\"section\">\n<div class=\"layoutArea\">\n<div class=\"column\">\n<p style=\"text-align: justify;\">L\u2019enfilade Iris, \u00e0 l\u2019instar de la table basse du m\u00eame nom, s\u2019inspire de l\u2019iris de l\u2019oeil.\u00a0Dans un d\u00e9grad\u00e9 de beige, les mat\u00e9riaux de cette console jouent du graphisme entre marbre vein\u00e9 et motifs cosmiques et sont peints au palladium sur les fa\u00e7ades en verre du studio de d\u00e9coration Reese. CSLB Studio s\u2019attache \u00e0 mettre au go\u00fbt du jour des techniques classiques, telles qu\u2019ici, l\u2019utilisation du verre \u00e9glomis\u00e9 ou de la marqueterie de paille.<\/p>\n<\/div>\n<\/div>\n<\/div>\n<\/div>\n","protected":false},"excerpt":{"rendered":"<p>Design par CSLB Studio<br \/>\nPi\u00e8ce unique<\/p>\n<p>Structure en bois sycomore et fer martel\u00e9<br \/>\nPlateau en marbre Pierre de Caf\u00e9<br \/>\nPortes en verre peintes \u00e0 la feuille de palladium (inoxydable)<\/p>\n<p>L 167 x l 41,7 x H 95 cm<\/p>\n<p>R\u00e9alis\u00e9e \u00e0 la main en France<br \/>\nDisponible imm\u00e9diatement<br \/>\nPrix sur demande<\/p>\n<p><span style=\"text-decoration: underline;\"><a href=\"https:\/\/www.theinvisiblecollection.com\/fr\/demande-de-devis\/?product_id=37516\" target=\"_blank\" rel=\"noopener noreferrer\">Contactez-nous pour toute demande de devis ou de renseignements<\/a><\/span><\/p>\n","protected":false},"featured_media":80984,"template":"","meta":{"_acf_changed":false,"content-type":"","_themeisle_gutenberg_block_has_review":false},"product_brand":[],"product_cat":[8957,12505],"product_tag":[9030,9405,9406,9407,9408,9422,9423,9424,9425,9426],"product_designer":[8898],"comfabric":[],"manufacturer":[16870],"reporting_designer":[37354],"samplecomfabric":[],"designer_clubroom":[],"class_list":{"0":"post-37516","1":"product","2":"type-product","3":"status-publish","4":"has-post-thumbnail","6":"product_cat-commodes","7":"product_cat-rangements","8":"product_tag-marbre-fr-2","9":"product_tag-caroline-sarkozy","10":"product_tag-cslb-fr","11":"product_tag-cslb-studio","12":"product_tag-laurent-bourgeois-fr-2","13":"product_tag-enfilade","14":"product_tag-storage","15":"product_tag-commode-fr","16":"product_tag-fer-martele","17":"product_tag-bois-sycomore","18":"product_designer-cslb-studio-fr","19":"manufacturer-cslb-studio-fr","20":"reporting_designer-cslb-studio","22":"first","23":"instock","24":"taxable","25":"shipping-taxable","26":"purchasable","27":"product-type-simple"},"acf":[],"_links":{"self":[{"href":"https:\/\/theinvisiblecollection.com\/fr\/wp-json\/wp\/v2\/product\/37516","targetHints":{"allow":["GET"]}}],"collection":[{"href":"https:\/\/theinvisiblecollection.com\/fr\/wp-json\/wp\/v2\/product"}],"about":[{"href":"https:\/\/theinvisiblecollection.com\/fr\/wp-json\/wp\/v2\/types\/product"}],"wp:featuredmedia":[{"embeddable":true,"href":"https:\/\/theinvisiblecollection.com\/fr\/wp-json\/wp\/v2\/media\/80984"}],"wp:attachment":[{"href":"https:\/\/theinvisiblecollection.com\/fr\/wp-json\/wp\/v2\/media?parent=37516"}],"wp:term":[{"taxonomy":"product_brand","embeddable":true,"href":"https:\/\/theinvisiblecollection.com\/fr\/wp-json\/wp\/v2\/product_brand?post=37516"},{"taxonomy":"product_cat","embeddable":true,"href":"https:\/\/theinvisiblecollection.com\/fr\/wp-json\/wp\/v2\/product_cat?post=37516"},{"taxonomy":"product_tag","embeddable":true,"href":"https:\/\/theinvisiblecollection.com\/fr\/wp-json\/wp\/v2\/product_tag?post=37516"},{"taxonomy":"product_designer","embeddable":true,"href":"https:\/\/theinvisiblecollection.com\/fr\/wp-json\/wp\/v2\/product_designer?post=37516"},{"taxonomy":"comfabric","embeddable":true,"href":"https:\/\/theinvisiblecollection.com\/fr\/wp-json\/wp\/v2\/comfabric?post=37516"},{"taxonomy":"manufacturer","embeddable":true,"href":"https:\/\/theinvisiblecollection.com\/fr\/wp-json\/wp\/v2\/manufacturer?post=37516"},{"taxonomy":"reporting_designer","embeddable":true,"href":"https:\/\/theinvisiblecollection.com\/fr\/wp-json\/wp\/v2\/reporting_designer?post=37516"},{"taxonomy":"samplecomfabric","embeddable":true,"href":"https:\/\/theinvisiblecollection.com\/fr\/wp-json\/wp\/v2\/samplecomfabric?post=37516"},{"taxonomy":"clubroom_product_designer","embeddable":true,"href":"https:\/\/theinvisiblecollection.com\/fr\/wp-json\/wp\/v2\/designer_clubroom?post=37516"}],"curies":[{"name":"wp","href":"https:\/\/api.w.org\/{rel}","templated":true}]}}