{"id":37646,"date":"2021-05-16T00:00:00","date_gmt":"2021-05-15T23:00:00","guid":{"rendered":"https:\/\/www.theinvisiblecollection.com\/product\/fauteuil-dinamarquesa\/"},"modified":"2026-05-01T07:40:00","modified_gmt":"2026-05-01T07:40:00","slug":"etel-fauteuil-dinamarquesa","status":"publish","type":"product","link":"https:\/\/theinvisiblecollection.com\/fr\/produit\/etel-fauteuil-dinamarquesa\/","title":{"rendered":"Fauteuil Dinamarquesa"},"content":{"rendered":"<p>Dessin\u00e9 en 1959 par Jorge Zalszupin, la chaise Dinamarquesa s&#8217;inspire du design danois du milieu du si\u00e8cle dernier. Son nom signifie d&#8217;ailleurs &#8220;fille danoise&#8221; en portugais. La chaise de Jorge Zalszupin se caract\u00e9rise par ses lignes \u00e9l\u00e9gantes et \u00e9pur\u00e9es et sa structure d\u00e9licate.<\/p>\n","protected":false},"excerpt":{"rendered":"<p>Design par Jorge Zalszupin en 1959<br \/>\nSur l&#8217;image, fauteuil r\u00e9alis\u00e9 en bois exotique<br \/>\nAssise disponible en tissu ou cuir<br \/>\nPrix et options sur demande<br \/>\n<span style=\"text-decoration: underline;\"><a href=\"https:\/\/theinvisiblecollection.com\/wp-content\/uploads\/2021\/06\/TheInvisibleCollection_Etel_Samples_Catalogue_1.pdf\" target=\"_blank\" rel=\"noopener\">D\u00e9couvrez la s\u00e9lection de tissus ici<\/a><br \/>\n<a href=\"https:\/\/theinvisiblecollection.com\/wp-content\/uploads\/2021\/06\/TheInvisibleCollection_Wood_Samples_Dinamarquesa-Armchair.pdf\" target=\"_blank\" rel=\"noopener\">D\u00e9couvrez la s\u00e9lection de bois ici<\/a><\/span><\/p>\n<p>L 75 x l 70 x H 67 cm<br \/>\nHauteur d&#8217;assise : 40 cm<br \/>\nTissu requis : 3 m<br \/>\nCuir requis : 4.2 m2<\/p>\n<p>Fabriqu\u00e9 \u00e0 la main au Br\u00e9sil<br \/>\nD\u00e9lais de fabrication : 20 semaines<\/p>\n<p><span style=\"text-decoration: underline;\"><a href=\"https:\/\/www.theinvisiblecollection.com\/fr\/demande-de-devis\/?product_id=37646\" target=\"_blank\" rel=\"noopener noreferrer\">Contactez-nous pour toute demande de devis ou de renseignements<\/a><\/span><\/p>\n","protected":false},"featured_media":74127,"template":"","meta":{"_acf_changed":false,"content-type":"","_themeisle_gutenberg_block_has_review":false},"product_brand":[],"product_cat":[8945,12499],"product_tag":[8854,8862,8863,8942,8943,8952,9017,9150,11335],"product_designer":[8866,15483],"comfabric":[28854],"manufacturer":[16878],"reporting_designer":[37382],"samplecomfabric":[30448],"designer_clubroom":[],"class_list":{"0":"post-37646","1":"product","2":"type-product","3":"status-publish","4":"has-post-thumbnail","6":"product_cat-fauteuils","7":"product_cat-assises","8":"product_tag-etel-fr-2","9":"product_tag-etel-carmona-fr-3","10":"product_tag-etel-design-fr-2","11":"product_tag-assise","12":"product_tag-jorge-zalszupin-fr","13":"product_tag-bois-fr","14":"product_tag-chaise","15":"product_tag-fauteuil-fr-2","16":"product_tag-eco-design","17":"pa_wood-imbuia-miel-fr","18":"product_designer-etel-fr","19":"product_designer-jorge-zalszupin-par-etel","20":"comfabric-etel-atelier-1-fr","21":"manufacturer-etel-atelier-1-fr","22":"reporting_designer-etel","23":"samplecomfabric-etel-fr","25":"first","26":"instock","27":"taxable","28":"shipping-taxable","29":"purchasable","30":"product-type-variable"},"acf":[],"_links":{"self":[{"href":"https:\/\/theinvisiblecollection.com\/fr\/wp-json\/wp\/v2\/product\/37646","targetHints":{"allow":["GET"]}}],"collection":[{"href":"https:\/\/theinvisiblecollection.com\/fr\/wp-json\/wp\/v2\/product"}],"about":[{"href":"https:\/\/theinvisiblecollection.com\/fr\/wp-json\/wp\/v2\/types\/product"}],"wp:featuredmedia":[{"embeddable":true,"href":"https:\/\/theinvisiblecollection.com\/fr\/wp-json\/wp\/v2\/media\/74127"}],"wp:attachment":[{"href":"https:\/\/theinvisiblecollection.com\/fr\/wp-json\/wp\/v2\/media?parent=37646"}],"wp:term":[{"taxonomy":"product_brand","embeddable":true,"href":"https:\/\/theinvisiblecollection.com\/fr\/wp-json\/wp\/v2\/product_brand?post=37646"},{"taxonomy":"product_cat","embeddable":true,"href":"https:\/\/theinvisiblecollection.com\/fr\/wp-json\/wp\/v2\/product_cat?post=37646"},{"taxonomy":"product_tag","embeddable":true,"href":"https:\/\/theinvisiblecollection.com\/fr\/wp-json\/wp\/v2\/product_tag?post=37646"},{"taxonomy":"product_designer","embeddable":true,"href":"https:\/\/theinvisiblecollection.com\/fr\/wp-json\/wp\/v2\/product_designer?post=37646"},{"taxonomy":"comfabric","embeddable":true,"href":"https:\/\/theinvisiblecollection.com\/fr\/wp-json\/wp\/v2\/comfabric?post=37646"},{"taxonomy":"manufacturer","embeddable":true,"href":"https:\/\/theinvisiblecollection.com\/fr\/wp-json\/wp\/v2\/manufacturer?post=37646"},{"taxonomy":"reporting_designer","embeddable":true,"href":"https:\/\/theinvisiblecollection.com\/fr\/wp-json\/wp\/v2\/reporting_designer?post=37646"},{"taxonomy":"samplecomfabric","embeddable":true,"href":"https:\/\/theinvisiblecollection.com\/fr\/wp-json\/wp\/v2\/samplecomfabric?post=37646"},{"taxonomy":"clubroom_product_designer","embeddable":true,"href":"https:\/\/theinvisiblecollection.com\/fr\/wp-json\/wp\/v2\/designer_clubroom?post=37646"}],"curies":[{"name":"wp","href":"https:\/\/api.w.org\/{rel}","templated":true}]}}