{"id":37667,"date":"2021-04-01T09:50:00","date_gmt":"2021-04-01T08:50:00","guid":{"rendered":"https:\/\/www.theinvisiblecollection.com\/product\/fauteuil-eileen\/"},"modified":"2026-05-01T07:40:00","modified_gmt":"2026-05-01T07:40:00","slug":"fauteuil-eileen","status":"publish","type":"product","link":"https:\/\/theinvisiblecollection.com\/fr\/produit\/fauteuil-eileen\/","title":{"rendered":"Fauteuil Eileen"},"content":{"rendered":"<p style=\"text-align: justify;\">Cette collection de mobilier a \u00e9t\u00e9 dessin\u00e9e par Charlotte Biltgen pour un appartement haussmanien parisien. C\u2019est une ligne classique et \u00e9l\u00e9gante avec un souci du d\u00e9tail comme fil rouge : \u201cJ\u2019ai imagin\u00e9 des pi\u00e8ces intemporelles que l\u2019on aurait envie de garder longtemps, des objets rassurants qui nous accompagnent. En r\u00e9sonnance au travail d\u2019Eileen Gray et au mouvement moderniste des ann\u00e9es 30, l\u2019\u00e9l\u00e9gance se joue sur un jeu de courbes qui exprime douceur et f\u00e9minit\u00e9, et un ensemble de mati\u00e8res qui permet au travail de la simple forme de donner sophistication, texture et contraste aux diff\u00e9rentes pi\u00e8ces de mobilier. Parfois l\u2019apparition du laiton comme un bijou apporte un \u00e9clat de lumi\u00e8re \u00e0 la mati\u00e8re.\u201d<\/p>\n","protected":false},"excerpt":{"rendered":"<p>Fauteuil et coussin photographi\u00e9s ici en tissu Bergamo de Bisson Bruneel, couleur cr\u00e8me<br \/>\n<span style=\"text-decoration: underline;\"><a href=\"https:\/\/theinvisiblecollection.com\/wp-content\/uploads\/2023\/02\/InvisibleCollection_Charlotte-Biltgen_Materials-selection_EileenArmchair.pdf\" target=\"_blank\" rel=\"noopener\">D\u00e9couvrez la s\u00e9lection de tissus<\/a><\/span><br \/>\nStructure en h\u00eatre\u00a0massif et contreplaqu\u00e9 de peuplier<br \/>\nPieds en contreplaqu\u00e9 de peuplier et placage de h\u00eatre\u00a0teint et verni<br \/>\nDisponible avec ou sans coussin amovible<br \/>\n\u00c9galement disponible en blanc sans tissu<\/p>\n<p>L 104 x P 85 x H 65 cm<br \/>\nHauteur d\u2019assise : 41 cm<br \/>\nTissu requis avec le coussin : 9 m<br \/>\nTissu requis sans le coussin : 8.5 m<\/p>\n<p>Fabriqu\u00e9 \u00e0 la main en France<br \/>\nD\u00e9lais de production : 10 \u2014 12 semaines<\/p>\n<p><span style=\"text-decoration: underline;\"><a href=\"https:\/\/www.theinvisiblecollection.com\/fr\/demande-de-devis\/?product_id=37667\" target=\"_blank\" rel=\"noopener\">Contactez-nous pour toute demande de devis ou de renseignements<\/a><\/span><\/p>\n","protected":false},"featured_media":1983040,"template":"","meta":{"_acf_changed":false,"content-type":"","_themeisle_gutenberg_block_has_review":false},"product_brand":[],"product_cat":[8945,12499,13076],"product_tag":[9150,10481,10482,35206],"product_designer":[8923],"comfabric":[29352],"manufacturer":[20337],"reporting_designer":[37452],"samplecomfabric":[30114],"designer_clubroom":[],"class_list":{"0":"post-37667","1":"product","2":"type-product","3":"status-publish","4":"has-post-thumbnail","6":"product_cat-fauteuils","7":"product_cat-assises","8":"product_cat-bureau-a-la-maison","9":"product_tag-fauteuil-fr-2","10":"product_tag-charlotte-biltgen-fr","11":"product_tag-eileen","12":"product_tag-exclusive-fr","13":"pa_base-base-fixe-fr","14":"pa_base-base-pivotante-fr","15":"product_designer-charlotte-biltgen-fr","16":"comfabric-aura-fr","17":"manufacturer-roissy-emballage-c-o-consulttransport-fr","18":"reporting_designer-charlotte-biltgen","19":"samplecomfabric-charlotte-biltgen-fr","21":"first","22":"instock","23":"taxable","24":"shipping-taxable","25":"purchasable","26":"product-type-variable"},"acf":[],"_links":{"self":[{"href":"https:\/\/theinvisiblecollection.com\/fr\/wp-json\/wp\/v2\/product\/37667","targetHints":{"allow":["GET"]}}],"collection":[{"href":"https:\/\/theinvisiblecollection.com\/fr\/wp-json\/wp\/v2\/product"}],"about":[{"href":"https:\/\/theinvisiblecollection.com\/fr\/wp-json\/wp\/v2\/types\/product"}],"wp:featuredmedia":[{"embeddable":true,"href":"https:\/\/theinvisiblecollection.com\/fr\/wp-json\/wp\/v2\/media\/1983040"}],"wp:attachment":[{"href":"https:\/\/theinvisiblecollection.com\/fr\/wp-json\/wp\/v2\/media?parent=37667"}],"wp:term":[{"taxonomy":"product_brand","embeddable":true,"href":"https:\/\/theinvisiblecollection.com\/fr\/wp-json\/wp\/v2\/product_brand?post=37667"},{"taxonomy":"product_cat","embeddable":true,"href":"https:\/\/theinvisiblecollection.com\/fr\/wp-json\/wp\/v2\/product_cat?post=37667"},{"taxonomy":"product_tag","embeddable":true,"href":"https:\/\/theinvisiblecollection.com\/fr\/wp-json\/wp\/v2\/product_tag?post=37667"},{"taxonomy":"product_designer","embeddable":true,"href":"https:\/\/theinvisiblecollection.com\/fr\/wp-json\/wp\/v2\/product_designer?post=37667"},{"taxonomy":"comfabric","embeddable":true,"href":"https:\/\/theinvisiblecollection.com\/fr\/wp-json\/wp\/v2\/comfabric?post=37667"},{"taxonomy":"manufacturer","embeddable":true,"href":"https:\/\/theinvisiblecollection.com\/fr\/wp-json\/wp\/v2\/manufacturer?post=37667"},{"taxonomy":"reporting_designer","embeddable":true,"href":"https:\/\/theinvisiblecollection.com\/fr\/wp-json\/wp\/v2\/reporting_designer?post=37667"},{"taxonomy":"samplecomfabric","embeddable":true,"href":"https:\/\/theinvisiblecollection.com\/fr\/wp-json\/wp\/v2\/samplecomfabric?post=37667"},{"taxonomy":"clubroom_product_designer","embeddable":true,"href":"https:\/\/theinvisiblecollection.com\/fr\/wp-json\/wp\/v2\/designer_clubroom?post=37667"}],"curies":[{"name":"wp","href":"https:\/\/api.w.org\/{rel}","templated":true}]}}