{"id":37683,"date":"2016-04-26T00:00:00","date_gmt":"2016-04-25T23:00:00","guid":{"rendered":"https:\/\/www.theinvisiblecollection.com\/product\/fauteuil-elephant\/"},"modified":"2026-05-08T04:41:12","modified_gmt":"2026-05-08T04:41:12","slug":"jerome-faillant-dumas-fauteuil-elephant","status":"publish","type":"product","link":"https:\/\/theinvisiblecollection.com\/fr\/produit\/jerome-faillant-dumas-fauteuil-elephant\/","title":{"rendered":"Fauteuil \u00c9l\u00e9phant"},"content":{"rendered":"<p style=\"text-align: justify;\">Une r\u00e9interpr\u00e9tation du traditionnel fauteuil \u00e0 oreilles dans une version contemporaine tr\u00e8s intemporelle qui joue sur la surdimension et le confort extr\u00eame soulign\u00e9 par la douceur d&#8217;un velours jusqu&#8217;au bout des pieds. Un v\u00e9ritable \u00e9crin, \u00e0 la fois \u00e9l\u00e9gant et ludique !<\/p>\n","protected":false},"excerpt":{"rendered":"<p>Dessin\u00e9 par J\u00e9r\u00f4me Faillant-Dumas &amp; Ga\u00ebtan Lebegue<br \/>\nStructure en bois recouverte de tissu Lelievre Maestro Myrte<br \/>\n<span style=\"text-decoration: underline;\"><a href=\"https:\/\/www.theinvisiblecollection.com\/wp-content\/uploads\/2016\/04\/LelievreMaestro_ElephantArmchair_FabricSamples.pdf\" target=\"_blank\" rel=\"noopener noreferrer\">D\u00e9couvrez la s\u00e9lection de tissus ici<\/a><\/span><br \/>\nTissu sur-mesure sur demande<\/p>\n<p>L 97 x P 83 x H 121 cm<br \/>\nHauteur du dossier : 106 cm<br \/>\nProfondeur d&#8217;assise : 65 cm<br \/>\nHauteur d&#8217;assise : 50 cm<br \/>\nTissu requis : 8 m<\/p>\n<p>Fabriqu\u00e9 \u00e0 la main en France<br \/>\nD\u00e9lais de fabrication : 12 &#8211; 14 semaines<\/p>\n<p><span style=\"text-decoration: underline;\"><a href=\"https:\/\/www.theinvisiblecollection.com\/fr\/demande-de-devis\/?product_id=37683\" target=\"_blank\" rel=\"noopener\">Contactez-nous pour toute demande de devis ou de renseignement<\/a><\/span><\/p>\n","protected":false},"featured_media":3801248,"template":"","meta":{"_acf_changed":false,"content-type":"","_themeisle_gutenberg_block_has_review":false},"product_brand":[],"product_cat":[8945,12499],"product_tag":[8942,9017,9150,9291,10355,10389,12734,31477],"product_designer":[8887],"comfabric":[33905],"manufacturer":[33903],"reporting_designer":[37606],"samplecomfabric":[],"designer_clubroom":[],"class_list":{"0":"post-37683","1":"product","2":"type-product","3":"status-publish","4":"has-post-thumbnail","6":"product_cat-fauteuils","7":"product_cat-assises","8":"product_tag-assise","9":"product_tag-chaise","10":"product_tag-fauteuil-fr-2","11":"product_tag-elephant-fr","12":"product_tag-iconique","13":"product_tag-jerome-faillant-dumas-fr-fr","14":"product_tag-superstar-fr","15":"product_tag-st-curvy-fr","16":"pa_material-tissu-client-fr","17":"product_designer-jerome-faillant-dumas-fr","18":"comfabric-aura-atelier-jfd-fr","19":"manufacturer-aura-atelier-jfd-fr","20":"reporting_designer-jerome-faillant-dumas","22":"first","23":"instock","24":"taxable","25":"shipping-taxable","26":"product-type-variable"},"acf":[],"_links":{"self":[{"href":"https:\/\/theinvisiblecollection.com\/fr\/wp-json\/wp\/v2\/product\/37683","targetHints":{"allow":["GET"]}}],"collection":[{"href":"https:\/\/theinvisiblecollection.com\/fr\/wp-json\/wp\/v2\/product"}],"about":[{"href":"https:\/\/theinvisiblecollection.com\/fr\/wp-json\/wp\/v2\/types\/product"}],"wp:featuredmedia":[{"embeddable":true,"href":"https:\/\/theinvisiblecollection.com\/fr\/wp-json\/wp\/v2\/media\/3801248"}],"wp:attachment":[{"href":"https:\/\/theinvisiblecollection.com\/fr\/wp-json\/wp\/v2\/media?parent=37683"}],"wp:term":[{"taxonomy":"product_brand","embeddable":true,"href":"https:\/\/theinvisiblecollection.com\/fr\/wp-json\/wp\/v2\/product_brand?post=37683"},{"taxonomy":"product_cat","embeddable":true,"href":"https:\/\/theinvisiblecollection.com\/fr\/wp-json\/wp\/v2\/product_cat?post=37683"},{"taxonomy":"product_tag","embeddable":true,"href":"https:\/\/theinvisiblecollection.com\/fr\/wp-json\/wp\/v2\/product_tag?post=37683"},{"taxonomy":"product_designer","embeddable":true,"href":"https:\/\/theinvisiblecollection.com\/fr\/wp-json\/wp\/v2\/product_designer?post=37683"},{"taxonomy":"comfabric","embeddable":true,"href":"https:\/\/theinvisiblecollection.com\/fr\/wp-json\/wp\/v2\/comfabric?post=37683"},{"taxonomy":"manufacturer","embeddable":true,"href":"https:\/\/theinvisiblecollection.com\/fr\/wp-json\/wp\/v2\/manufacturer?post=37683"},{"taxonomy":"reporting_designer","embeddable":true,"href":"https:\/\/theinvisiblecollection.com\/fr\/wp-json\/wp\/v2\/reporting_designer?post=37683"},{"taxonomy":"samplecomfabric","embeddable":true,"href":"https:\/\/theinvisiblecollection.com\/fr\/wp-json\/wp\/v2\/samplecomfabric?post=37683"},{"taxonomy":"clubroom_product_designer","embeddable":true,"href":"https:\/\/theinvisiblecollection.com\/fr\/wp-json\/wp\/v2\/designer_clubroom?post=37683"}],"curies":[{"name":"wp","href":"https:\/\/api.w.org\/{rel}","templated":true}]}}