{"id":37739,"date":"2019-01-11T00:00:00","date_gmt":"2019-01-10T23:00:00","guid":{"rendered":"https:\/\/www.theinvisiblecollection.com\/product\/fauteuil-franck\/"},"modified":"2026-05-01T07:40:00","modified_gmt":"2026-05-01T07:40:00","slug":"haymann-canape-franck","status":"publish","type":"product","link":"https:\/\/theinvisiblecollection.com\/fr\/produit\/haymann-canape-franck\/","title":{"rendered":"Fauteuil Franck"},"content":{"rendered":"<p style=\"text-align: justify;\">Avec \u00abFranck\u00bb Charles Kalpakian continue son travail d\u00e9marr\u00e9 avec le canap\u00e9 Max sur les intersections g\u00e9om\u00e9triques. Son dossier vient casser l\u2019assise et souligner les lignes de ce fauteuil \u00e9l\u00e9gant et moderne, un d\u00e9tail qui fera sans doute la diff\u00e9rence.Le m\u00e9lange parfait entre fonction et \u00e9l\u00e9gance. Il ne vous manque plus qu\u2019un bon whisky ou une coupe de champagne pour profiter de son confort.<\/p>\n","protected":false},"excerpt":{"rendered":"<p>Dessin\u00e9 par Charles Kalpakian<br \/>\nFauteuil en mousse avec accoudoirs en fr\u00eane et structure en bois<br \/>\nDossier photographi\u00e9 ici en tissu Yarn Collective, Regent, couleur Midnight<br \/>\nAssise photographi\u00e9 ici en tissu Yarn Collective, Regent, couleur Fum\u00e9<br \/>\nPhotographi\u00e9 ici avec des accoudoirs en bois Griogio 2<br \/>\n<span style=\"text-decoration: underline;\"><a href=\"https:\/\/theinvisiblecollection.com\/wp-content\/uploads\/2019\/01\/TheInvisibleCollection_Haymann_Editions_Wood_Selection.pdf\">D\u00e9couvrez les finitions de bois disponibles ici<br \/>\n<\/a><a href=\"https:\/\/www.theinvisiblecollection.com\/wp-content\/uploads\/2020\/02\/TheInvisibleCollection_HaymannEditions_LeatherHermes.pdf\" target=\"_blank\" rel=\"noopener\">D\u00e9couvrez les finitions de cuir disponibles ici<br \/>\n<\/a><a href=\"https:\/\/theinvisiblecollection.com\/wp-content\/uploads\/2022\/03\/TheInvisibleCollection_Samples_Haymann-Editions-1.pdf\" target=\"_blank\" rel=\"noopener\">D\u00e9couvrez les tissus disponibles ici<\/a><\/span><br \/>\nDisponible avec ou sans accoudoirs<br \/>\n<a href=\"https:\/\/theinvisiblecollection.com\/wp-content\/uploads\/2022\/11\/TheInvisibleCollection_HaymannEditions_FranckArmchairOttoman_FeaturedModels.pdf\" target=\"_blank\" rel=\"noopener\"><span style=\"text-decoration: underline;\">D\u00e9couvrez la s\u00e9lection de mod\u00e8les ici<\/span><\/a><br \/>\nFauteuil aussi disponible en tout cuir, sans tissu et sans cuir<\/p>\n<p>L 90 x l 67 x H 72 cm<br \/>\nHauteur d&#8217;assise : 44 cm<br \/>\nHauteur de l&#8217;accoudoir : 55 cm<br \/>\nM\u00e9trage de tissu requis avec l&#8217;accoudoir : 2,8 m pour le si\u00e8ge ; 1,2 m pour le coussin<br \/>\nM\u00e9trage de tissu requis sans l&#8217;accoudoir : 3,1 m pour le si\u00e8ge ; 1,2 m pour le coussin<br \/>\nM\u00e9trage de cuir requis avec\/sans accoudoir : 5 m\u00b2 pour le si\u00e8ge ; 2 m\u00b2 pour le coussin<\/p>\n<p style=\"text-align: justify;\">Fabriqu\u00e9 \u00e0 la main en Italie<br \/>\nD\u00e9lais de fabrication : 12 semaines<\/p>\n<p style=\"text-align: justify;\"><span style=\"text-decoration: underline;\"><a href=\"https:\/\/www.theinvisiblecollection.com\/demande-de-devis\/?product_id=37739\">Contactez-nous pour toute demande de devis ou de renseignements<\/a><\/span><\/p>\n","protected":false},"featured_media":106740,"template":"","meta":{"_acf_changed":false,"content-type":"","_themeisle_gutenberg_block_has_review":false},"product_brand":[],"product_cat":[8945,12499],"product_tag":[8952,10858,11340,31474,31477],"product_designer":[8919],"comfabric":[],"manufacturer":[20661],"reporting_designer":[37274],"samplecomfabric":[],"designer_clubroom":[],"class_list":{"0":"post-37739","1":"product","2":"type-product","3":"status-publish","4":"has-post-thumbnail","6":"product_cat-fauteuils","7":"product_cat-assises","8":"product_tag-bois-fr","9":"product_tag-charles-kalpakian-fr","10":"product_tag-cuir-fr-2","11":"product_tag-co-white-fr","12":"product_tag-st-curvy-fr","13":"pa_armrests-avec-accoudoirs-fr","14":"pa_armrests-sans-accoudoirs-fr","15":"pa_material-tbisson-brunell-bergamo-fr","16":"pa_material-bisson-brunell-colorado-fr","17":"pa_material-bisson-brunell-joseph-fr","18":"pa_material-bisson-brunell-prairie-fr","19":"pa_material-bisson-brunell-steppe-fr","20":"pa_material-bisson-brunell-verone-fr","21":"pa_material-com-fabric-fr","22":"pa_material-linterno-nobili-fr","23":"pa_material-linterno-st-moritz-fr","24":"pa_material-tout-bisson-bruneel-verone-fr","25":"pa_material-yarn-collective-ismay-boucle-fr","26":"pa_material-yarn-collective-marci-fr","27":"product_designer-haymann-editions-fr","28":"manufacturer-22-service-fr","29":"reporting_designer-haymann-editions","31":"first","32":"instock","33":"taxable","34":"shipping-taxable","35":"purchasable","36":"product-type-variable"},"acf":[],"_links":{"self":[{"href":"https:\/\/theinvisiblecollection.com\/fr\/wp-json\/wp\/v2\/product\/37739","targetHints":{"allow":["GET"]}}],"collection":[{"href":"https:\/\/theinvisiblecollection.com\/fr\/wp-json\/wp\/v2\/product"}],"about":[{"href":"https:\/\/theinvisiblecollection.com\/fr\/wp-json\/wp\/v2\/types\/product"}],"wp:featuredmedia":[{"embeddable":true,"href":"https:\/\/theinvisiblecollection.com\/fr\/wp-json\/wp\/v2\/media\/106740"}],"wp:attachment":[{"href":"https:\/\/theinvisiblecollection.com\/fr\/wp-json\/wp\/v2\/media?parent=37739"}],"wp:term":[{"taxonomy":"product_brand","embeddable":true,"href":"https:\/\/theinvisiblecollection.com\/fr\/wp-json\/wp\/v2\/product_brand?post=37739"},{"taxonomy":"product_cat","embeddable":true,"href":"https:\/\/theinvisiblecollection.com\/fr\/wp-json\/wp\/v2\/product_cat?post=37739"},{"taxonomy":"product_tag","embeddable":true,"href":"https:\/\/theinvisiblecollection.com\/fr\/wp-json\/wp\/v2\/product_tag?post=37739"},{"taxonomy":"product_designer","embeddable":true,"href":"https:\/\/theinvisiblecollection.com\/fr\/wp-json\/wp\/v2\/product_designer?post=37739"},{"taxonomy":"comfabric","embeddable":true,"href":"https:\/\/theinvisiblecollection.com\/fr\/wp-json\/wp\/v2\/comfabric?post=37739"},{"taxonomy":"manufacturer","embeddable":true,"href":"https:\/\/theinvisiblecollection.com\/fr\/wp-json\/wp\/v2\/manufacturer?post=37739"},{"taxonomy":"reporting_designer","embeddable":true,"href":"https:\/\/theinvisiblecollection.com\/fr\/wp-json\/wp\/v2\/reporting_designer?post=37739"},{"taxonomy":"samplecomfabric","embeddable":true,"href":"https:\/\/theinvisiblecollection.com\/fr\/wp-json\/wp\/v2\/samplecomfabric?post=37739"},{"taxonomy":"clubroom_product_designer","embeddable":true,"href":"https:\/\/theinvisiblecollection.com\/fr\/wp-json\/wp\/v2\/designer_clubroom?post=37739"}],"curies":[{"name":"wp","href":"https:\/\/api.w.org\/{rel}","templated":true}]}}