{"id":37782,"date":"2019-09-06T00:00:00","date_gmt":"2019-09-06T00:00:00","guid":{"rendered":"https:\/\/www.theinvisiblecollection.com\/?post_type=product&#038;p=37782"},"modified":"2026-05-08T04:41:12","modified_gmt":"2026-05-08T04:41:12","slug":"etel-fauteuil-kid","status":"publish","type":"product","link":"https:\/\/theinvisiblecollection.com\/fr\/produit\/etel-fauteuil-kid\/","title":{"rendered":"Fauteuil Kid"},"content":{"rendered":"","protected":false},"excerpt":{"rendered":"<p>Design par Jos\u00e9 Zanine Caldas<br \/>\nPi\u00e8tement disponible en Bois teint\u00e9 \u00e9b\u00e8ne, Freij\u00f3 naturel et Freij\u00f3 teint\u00e9<br \/>\n<span style=\"text-decoration: underline;\"><a href=\"https:\/\/theinvisiblecollection.com\/wp-content\/uploads\/2021\/06\/TheInvisibleCollection_Etel_Wood_Samples_1.pdf\" target=\"_blank\" rel=\"noopener\">D\u00e9couvrez la s\u00e9lection de bois ici<\/a><br \/>\n<span class=\"s1\"><a href=\"https:\/\/theinvisiblecollection.com\/wp-content\/uploads\/2022\/11\/TheInvisibleCollection_Etel_ZanineCaldas_Fabric-Selection.pdf\">D\u00e9couvrez la s\u00e9lection de tissus ici<\/a><br \/>\n<\/span><span class=\"s1\"><a href=\"https:\/\/theinvisiblecollection.com\/wp-content\/uploads\/2022\/11\/TheInvisibleColection-Etel-Leather-and-Suede-Selection.pdf\">D\u00e9couvrez la selection de cuirs et suedes ici<\/a><\/span><br \/>\n<\/span><\/p>\n<p>L 74 x l 67 x H 80 cm<br \/>\nM\u00e9trage de tissu requis : 1,5 m<br \/>\nM\u00e9trage de cuir requis : 3 m<\/p>\n<p>Fabriqu\u00e9 \u00e0 la main au Br\u00e9sil<br \/>\nD\u00e9lais de production : 20 &#8211; 24 semaines<\/p>\n<p><span style=\"text-decoration: underline;\"><a href=\"https:\/\/www.theinvisiblecollection.com\/fr\/demande-de-devis\/?product_id=37782\" target=\"_blank\" rel=\"noopener\">Contactez-nous pour toute demande de devis ou de renseignements<\/a><\/span><\/p>\n","protected":false},"featured_media":74157,"template":"","meta":{"_acf_changed":false,"content-type":"","_themeisle_gutenberg_block_has_review":false},"product_brand":[],"product_cat":[8945,12499],"product_tag":[9668,9715,10366,10370,11225,11235,11335,8854,8942,9150],"product_designer":[8866],"comfabric":[28854],"manufacturer":[16878],"reporting_designer":[37382],"samplecomfabric":[30448],"designer_clubroom":[],"class_list":{"0":"post-37782","1":"product","2":"type-product","3":"status-publish","4":"has-post-thumbnail","6":"product_cat-fauteuils","7":"product_cat-assises","8":"product_tag-designer-bresilien-fr-fr","9":"product_tag-salon-fr-2","10":"product_tag-table-salle-a-manger","11":"product_tag-bresilien","12":"product_tag-reissue-issue-fr","13":"product_tag-reedition-fr-fr","14":"product_tag-eco-design","15":"product_tag-etel-fr-2","16":"product_tag-assise","17":"product_tag-fauteuil-fr-2","18":"pa_wood-freijo-naturel-fr","19":"product_designer-etel-fr","20":"comfabric-etel-atelier-1-fr","21":"manufacturer-etel-atelier-1-fr","22":"reporting_designer-etel","23":"samplecomfabric-etel-fr","25":"first","26":"instock","27":"taxable","28":"shipping-taxable","29":"purchasable","30":"product-type-variable"},"acf":[],"_links":{"self":[{"href":"https:\/\/theinvisiblecollection.com\/fr\/wp-json\/wp\/v2\/product\/37782","targetHints":{"allow":["GET"]}}],"collection":[{"href":"https:\/\/theinvisiblecollection.com\/fr\/wp-json\/wp\/v2\/product"}],"about":[{"href":"https:\/\/theinvisiblecollection.com\/fr\/wp-json\/wp\/v2\/types\/product"}],"wp:featuredmedia":[{"embeddable":true,"href":"https:\/\/theinvisiblecollection.com\/fr\/wp-json\/wp\/v2\/media\/74157"}],"wp:attachment":[{"href":"https:\/\/theinvisiblecollection.com\/fr\/wp-json\/wp\/v2\/media?parent=37782"}],"wp:term":[{"taxonomy":"product_brand","embeddable":true,"href":"https:\/\/theinvisiblecollection.com\/fr\/wp-json\/wp\/v2\/product_brand?post=37782"},{"taxonomy":"product_cat","embeddable":true,"href":"https:\/\/theinvisiblecollection.com\/fr\/wp-json\/wp\/v2\/product_cat?post=37782"},{"taxonomy":"product_tag","embeddable":true,"href":"https:\/\/theinvisiblecollection.com\/fr\/wp-json\/wp\/v2\/product_tag?post=37782"},{"taxonomy":"product_designer","embeddable":true,"href":"https:\/\/theinvisiblecollection.com\/fr\/wp-json\/wp\/v2\/product_designer?post=37782"},{"taxonomy":"comfabric","embeddable":true,"href":"https:\/\/theinvisiblecollection.com\/fr\/wp-json\/wp\/v2\/comfabric?post=37782"},{"taxonomy":"manufacturer","embeddable":true,"href":"https:\/\/theinvisiblecollection.com\/fr\/wp-json\/wp\/v2\/manufacturer?post=37782"},{"taxonomy":"reporting_designer","embeddable":true,"href":"https:\/\/theinvisiblecollection.com\/fr\/wp-json\/wp\/v2\/reporting_designer?post=37782"},{"taxonomy":"samplecomfabric","embeddable":true,"href":"https:\/\/theinvisiblecollection.com\/fr\/wp-json\/wp\/v2\/samplecomfabric?post=37782"},{"taxonomy":"clubroom_product_designer","embeddable":true,"href":"https:\/\/theinvisiblecollection.com\/fr\/wp-json\/wp\/v2\/designer_clubroom?post=37782"}],"curies":[{"name":"wp","href":"https:\/\/api.w.org\/{rel}","templated":true}]}}