{"id":37790,"date":"2023-03-07T10:50:00","date_gmt":"2023-03-07T09:50:00","guid":{"rendered":"https:\/\/www.theinvisiblecollection.com\/product\/fauteuil-klay\/"},"modified":"2026-05-01T07:40:00","modified_gmt":"2026-05-01T07:40:00","slug":"charlotte-biltgen-fauteuil-klay","status":"publish","type":"product","link":"https:\/\/theinvisiblecollection.com\/fr\/produit\/charlotte-biltgen-fauteuil-klay\/","title":{"rendered":"Fauteuil Klay"},"content":{"rendered":"<p style=\"text-align: justify;\">&#8220;Le fauteuil Klay a \u00e9t\u00e9 con\u00e7u pour la terrasse du Klay\u2019s club, j\u2019ai revisit\u00e9 l\u2019esprit du fauteuil club, petit, cosy et fonctionnel, en apportant une touche de modernit\u00e9. Enveloppant et comfortable, il se d\u00e9cline en canap\u00e9, canap\u00e9 lit, et banquettes.<br \/>\nLe choix du velours apporte un jeu de lumi\u00e8res et une vibration sur les courbes des coussins, \u00a0la rondeur, ch\u00e8re \u00e0 mon travail, exprime douceur et f\u00e9minit\u00e9.&#8221;<br \/>\nPhotos par Cecil Mathieu<\/p>\n","protected":false},"excerpt":{"rendered":"<p>Fauteuil photographi\u00e9 ici tissu Dedar, Adamo &amp; Eva<br \/>\nPi\u00e8tement en ch\u00eane<br \/>\n<span style=\"text-decoration: underline;\"><a href=\"https:\/\/theinvisiblecollection.com\/wp-content\/uploads\/2023\/02\/InvisibleCollection_Charlotte-Biltgen_Materials-selection_KlayArmchair.pdf\" target=\"_blank\" rel=\"noopener noreferrer\">D\u00e9couvrez la s\u00e9lection de tissus ici<\/a><br \/>\n<\/span>\u00c9galement disponible en blanc sans tissu<\/p>\n<p>L 82 x P 70 x H 74 cm<br \/>\nHauteur d&#8217;assise : 40 cm<br \/>\nTissus requis : 6 m<\/p>\n<p>Fabriqu\u00e9 \u00e0 la main en France<br \/>\nD\u00e9lais de fabrication : 12 semaines<\/p>\n<p><span style=\"text-decoration: underline;\"><a href=\"https:\/\/www.theinvisiblecollection.com\/fr\/demande-de-devis\/?product_id=37790\" target=\"_blank\" rel=\"noopener\">Contactez-nous pour toute demande de devis ou de renseignements<\/a><\/span><\/p>\n","protected":false},"featured_media":1983125,"template":"","meta":{"_acf_changed":false,"content-type":"","_themeisle_gutenberg_block_has_review":false},"product_brand":[],"product_cat":[8945,12499],"product_tag":[9150,9217,10481,14925,31477,35206],"product_designer":[8923],"comfabric":[29352],"manufacturer":[20337],"reporting_designer":[37452],"samplecomfabric":[30114],"designer_clubroom":[],"class_list":{"0":"post-37790","1":"product","2":"type-product","3":"status-publish","4":"has-post-thumbnail","6":"product_cat-fauteuils","7":"product_cat-assises","8":"product_tag-fauteuil-fr-2","9":"product_tag-velours","10":"product_tag-charlotte-biltgen-fr","11":"product_tag-hpfav-fr","12":"product_tag-st-curvy-fr","13":"product_tag-exclusive-fr","14":"pa_base-base-fixe-fr","15":"pa_base-base-pivotante-fr","16":"product_designer-charlotte-biltgen-fr","17":"comfabric-aura-fr","18":"manufacturer-roissy-emballage-c-o-consulttransport-fr","19":"reporting_designer-charlotte-biltgen","20":"samplecomfabric-charlotte-biltgen-fr","22":"first","23":"instock","24":"taxable","25":"shipping-taxable","26":"purchasable","27":"product-type-variable"},"acf":[],"_links":{"self":[{"href":"https:\/\/theinvisiblecollection.com\/fr\/wp-json\/wp\/v2\/product\/37790","targetHints":{"allow":["GET"]}}],"collection":[{"href":"https:\/\/theinvisiblecollection.com\/fr\/wp-json\/wp\/v2\/product"}],"about":[{"href":"https:\/\/theinvisiblecollection.com\/fr\/wp-json\/wp\/v2\/types\/product"}],"wp:featuredmedia":[{"embeddable":true,"href":"https:\/\/theinvisiblecollection.com\/fr\/wp-json\/wp\/v2\/media\/1983125"}],"wp:attachment":[{"href":"https:\/\/theinvisiblecollection.com\/fr\/wp-json\/wp\/v2\/media?parent=37790"}],"wp:term":[{"taxonomy":"product_brand","embeddable":true,"href":"https:\/\/theinvisiblecollection.com\/fr\/wp-json\/wp\/v2\/product_brand?post=37790"},{"taxonomy":"product_cat","embeddable":true,"href":"https:\/\/theinvisiblecollection.com\/fr\/wp-json\/wp\/v2\/product_cat?post=37790"},{"taxonomy":"product_tag","embeddable":true,"href":"https:\/\/theinvisiblecollection.com\/fr\/wp-json\/wp\/v2\/product_tag?post=37790"},{"taxonomy":"product_designer","embeddable":true,"href":"https:\/\/theinvisiblecollection.com\/fr\/wp-json\/wp\/v2\/product_designer?post=37790"},{"taxonomy":"comfabric","embeddable":true,"href":"https:\/\/theinvisiblecollection.com\/fr\/wp-json\/wp\/v2\/comfabric?post=37790"},{"taxonomy":"manufacturer","embeddable":true,"href":"https:\/\/theinvisiblecollection.com\/fr\/wp-json\/wp\/v2\/manufacturer?post=37790"},{"taxonomy":"reporting_designer","embeddable":true,"href":"https:\/\/theinvisiblecollection.com\/fr\/wp-json\/wp\/v2\/reporting_designer?post=37790"},{"taxonomy":"samplecomfabric","embeddable":true,"href":"https:\/\/theinvisiblecollection.com\/fr\/wp-json\/wp\/v2\/samplecomfabric?post=37790"},{"taxonomy":"clubroom_product_designer","embeddable":true,"href":"https:\/\/theinvisiblecollection.com\/fr\/wp-json\/wp\/v2\/designer_clubroom?post=37790"}],"curies":[{"name":"wp","href":"https:\/\/api.w.org\/{rel}","templated":true}]}}