{"id":3781195,"date":"2023-09-12T10:08:07","date_gmt":"2023-09-12T09:08:07","guid":{"rendered":"https:\/\/theinvisiblecollection.com\/?post_type=product&#038;p=3781195"},"modified":"2026-05-01T07:37:59","modified_gmt":"2026-05-01T07:37:59","slug":"garce-dimofski-banc-osci-noir","status":"publish","type":"product","link":"https:\/\/theinvisiblecollection.com\/fr\/produit\/garce-dimofski-banc-osci-noir\/","title":{"rendered":"Banc Osci Noir"},"content":{"rendered":"<p style=\"text-align: justify;\">Ce banc incarne les principes fondamentaux de l\u2019artisanat et du design, mettant en lumi\u00e8re le travail minutieux du bois massif. Chaque d\u00e9tail refl\u00e8te la d\u00e9votion \u00e0 sculpter et fa\u00e7onner un objet singulier \u00e0 partir du noble mat\u00e9riau qu\u2019est le ch\u00e2taignier.<\/p>\n","protected":false},"excerpt":{"rendered":"<p>Banc en ch\u00e2taignier<br \/>\nTrois si\u00e8ges courb\u00e9s<br \/>\nDimensions et bois sur-mesure sur demande<\/p>\n<p>L 132 x P 40 x H 46 cm<\/p>\n<p>Fabriqu\u00e9 \u00e0 la main au Portugal<br \/>\nD\u00e9lais de production : 6 &#8211; 8 semaines<\/p>\n<p><span style=\"text-decoration: underline;\"><a href=\"https:\/\/www.theinvisiblecollection.com\/fr\/demande-de-devis\/?product_id=480570\" target=\"_blank\" rel=\"noopener\">Contactez nous pour toute demande de devis ou de renseignements<\/a><\/span><\/p>\n","protected":false},"featured_media":5349829,"template":"","meta":{"_acf_changed":false,"content-type":"","_themeisle_gutenberg_block_has_review":false},"product_brand":[],"product_cat":[8947,12499],"product_tag":[7435,35206],"product_designer":[15857],"comfabric":[29342],"manufacturer":[22038],"reporting_designer":[37463],"samplecomfabric":[30764],"designer_clubroom":[],"class_list":{"0":"post-3781195","1":"product","2":"type-product","3":"status-publish","4":"has-post-thumbnail","6":"product_cat-bancs","7":"product_cat-assises","8":"product_tag-new-in-fr","9":"product_tag-exclusive-fr","10":"product_designer-garce-dimofski-fr","11":"comfabric-garc-dimofski-atelier-so-pedro-da-cova-fr","12":"manufacturer-garc-dimofski-atelier-so-pedro-da-cova-fr","13":"reporting_designer-garce-dimofski","14":"samplecomfabric-garc-dimofski-atelier-porto-fr","15":"exhibitions-los-angeles-fr","17":"first","18":"instock","19":"taxable","20":"shipping-taxable","21":"purchasable","22":"product-type-variable"},"acf":[],"_links":{"self":[{"href":"https:\/\/theinvisiblecollection.com\/fr\/wp-json\/wp\/v2\/product\/3781195","targetHints":{"allow":["GET"]}}],"collection":[{"href":"https:\/\/theinvisiblecollection.com\/fr\/wp-json\/wp\/v2\/product"}],"about":[{"href":"https:\/\/theinvisiblecollection.com\/fr\/wp-json\/wp\/v2\/types\/product"}],"wp:featuredmedia":[{"embeddable":true,"href":"https:\/\/theinvisiblecollection.com\/fr\/wp-json\/wp\/v2\/media\/5349829"}],"wp:attachment":[{"href":"https:\/\/theinvisiblecollection.com\/fr\/wp-json\/wp\/v2\/media?parent=3781195"}],"wp:term":[{"taxonomy":"product_brand","embeddable":true,"href":"https:\/\/theinvisiblecollection.com\/fr\/wp-json\/wp\/v2\/product_brand?post=3781195"},{"taxonomy":"product_cat","embeddable":true,"href":"https:\/\/theinvisiblecollection.com\/fr\/wp-json\/wp\/v2\/product_cat?post=3781195"},{"taxonomy":"product_tag","embeddable":true,"href":"https:\/\/theinvisiblecollection.com\/fr\/wp-json\/wp\/v2\/product_tag?post=3781195"},{"taxonomy":"product_designer","embeddable":true,"href":"https:\/\/theinvisiblecollection.com\/fr\/wp-json\/wp\/v2\/product_designer?post=3781195"},{"taxonomy":"comfabric","embeddable":true,"href":"https:\/\/theinvisiblecollection.com\/fr\/wp-json\/wp\/v2\/comfabric?post=3781195"},{"taxonomy":"manufacturer","embeddable":true,"href":"https:\/\/theinvisiblecollection.com\/fr\/wp-json\/wp\/v2\/manufacturer?post=3781195"},{"taxonomy":"reporting_designer","embeddable":true,"href":"https:\/\/theinvisiblecollection.com\/fr\/wp-json\/wp\/v2\/reporting_designer?post=3781195"},{"taxonomy":"samplecomfabric","embeddable":true,"href":"https:\/\/theinvisiblecollection.com\/fr\/wp-json\/wp\/v2\/samplecomfabric?post=3781195"},{"taxonomy":"clubroom_product_designer","embeddable":true,"href":"https:\/\/theinvisiblecollection.com\/fr\/wp-json\/wp\/v2\/designer_clubroom?post=3781195"}],"curies":[{"name":"wp","href":"https:\/\/api.w.org\/{rel}","templated":true}]}}