{"id":3781320,"date":"2024-07-30T08:50:32","date_gmt":"2024-07-30T08:50:32","guid":{"rendered":"https:\/\/theinvisiblecollection.com\/?post_type=product&#038;p=3781320"},"modified":"2026-05-01T07:37:59","modified_gmt":"2026-05-01T07:37:59","slug":"garce-dimofski-chaise-fred-dark","status":"publish","type":"product","link":"https:\/\/theinvisiblecollection.com\/fr\/produit\/garce-dimofski-chaise-fred-dark\/","title":{"rendered":"Chaise Fred Noir"},"content":{"rendered":"<p style=\"text-align: justify;\">La chaise Fred se distingue par des pieds ondul\u00e9s en bois de ch\u00e2taignier naturel, lui conf\u00e9rant une touche chaleureuse et accueillante. Son design propose une assise et un dossier ludiques qui enveloppent l\u2019utilisateur dans une rondeur agr\u00e9able, la rendant \u00e0 la fois confortable et esth\u00e9tiquement plaisante.<\/p>\n","protected":false},"excerpt":{"rendered":"<p>Applique en c\u00e9ramique \u00e9maill\u00e9e<br \/>\nSyst\u00e8me d&#8217;\u00e9lectrification europ\u00e9en<br \/>\nSyst\u00e8me d&#8217;\u00e9lectrification am\u00e9ricain \u00e9galement disponible<br \/>\nDimensions et couleurs sur mesure sur demande<\/p>\n<p>L 20 x l 10 x H 50 cm<\/p>\n<p>Fabriqu\u00e9e \u00e0 la main au Portugal<br \/>\nD\u00e9lais de production : 6 &#8211; 8 semaines<\/p>\n<p><span style=\"text-decoration: underline;\"><a href=\"https:\/\/www.theinvisiblecollection.com\/fr\/demande-de-devis\/?product_id=481654\" target=\"_blank\" rel=\"noopener\">Contactez nous pour toute demande de devis ou de renseignements<\/a><\/span><\/p>\n","protected":false},"featured_media":5895299,"template":"","meta":{"_acf_changed":false,"content-type":"","_themeisle_gutenberg_block_has_review":false},"product_brand":[],"product_cat":[8962,12499],"product_tag":[7435,14925,35206],"product_designer":[15857],"comfabric":[35931],"manufacturer":[22038],"reporting_designer":[37464],"samplecomfabric":[30764],"designer_clubroom":[],"class_list":{"0":"post-3781320","1":"product","2":"type-product","3":"status-publish","4":"has-post-thumbnail","6":"product_cat-chaises","7":"product_cat-assises","8":"product_tag-new-in-fr","9":"product_tag-hpfav-fr","10":"product_tag-exclusive-fr","11":"pa_choice-dossier-avec-renfort","12":"pa_choice-dossier-sans-renfort","13":"product_designer-garce-dimofski-fr","14":"comfabric-garc-dimofski-samples-approval-fr","15":"manufacturer-garc-dimofski-atelier-so-pedro-da-cova-fr","16":"reporting_designer-garce-dimofski-fr","17":"samplecomfabric-garc-dimofski-atelier-porto-fr","18":"exhibitions-los-angeles-fr","20":"first","21":"instock","22":"taxable","23":"shipping-taxable","24":"purchasable","25":"product-type-variable"},"acf":[],"_links":{"self":[{"href":"https:\/\/theinvisiblecollection.com\/fr\/wp-json\/wp\/v2\/product\/3781320","targetHints":{"allow":["GET"]}}],"collection":[{"href":"https:\/\/theinvisiblecollection.com\/fr\/wp-json\/wp\/v2\/product"}],"about":[{"href":"https:\/\/theinvisiblecollection.com\/fr\/wp-json\/wp\/v2\/types\/product"}],"wp:featuredmedia":[{"embeddable":true,"href":"https:\/\/theinvisiblecollection.com\/fr\/wp-json\/wp\/v2\/media\/5895299"}],"wp:attachment":[{"href":"https:\/\/theinvisiblecollection.com\/fr\/wp-json\/wp\/v2\/media?parent=3781320"}],"wp:term":[{"taxonomy":"product_brand","embeddable":true,"href":"https:\/\/theinvisiblecollection.com\/fr\/wp-json\/wp\/v2\/product_brand?post=3781320"},{"taxonomy":"product_cat","embeddable":true,"href":"https:\/\/theinvisiblecollection.com\/fr\/wp-json\/wp\/v2\/product_cat?post=3781320"},{"taxonomy":"product_tag","embeddable":true,"href":"https:\/\/theinvisiblecollection.com\/fr\/wp-json\/wp\/v2\/product_tag?post=3781320"},{"taxonomy":"product_designer","embeddable":true,"href":"https:\/\/theinvisiblecollection.com\/fr\/wp-json\/wp\/v2\/product_designer?post=3781320"},{"taxonomy":"comfabric","embeddable":true,"href":"https:\/\/theinvisiblecollection.com\/fr\/wp-json\/wp\/v2\/comfabric?post=3781320"},{"taxonomy":"manufacturer","embeddable":true,"href":"https:\/\/theinvisiblecollection.com\/fr\/wp-json\/wp\/v2\/manufacturer?post=3781320"},{"taxonomy":"reporting_designer","embeddable":true,"href":"https:\/\/theinvisiblecollection.com\/fr\/wp-json\/wp\/v2\/reporting_designer?post=3781320"},{"taxonomy":"samplecomfabric","embeddable":true,"href":"https:\/\/theinvisiblecollection.com\/fr\/wp-json\/wp\/v2\/samplecomfabric?post=3781320"},{"taxonomy":"clubroom_product_designer","embeddable":true,"href":"https:\/\/theinvisiblecollection.com\/fr\/wp-json\/wp\/v2\/designer_clubroom?post=3781320"}],"curies":[{"name":"wp","href":"https:\/\/api.w.org\/{rel}","templated":true}]}}