{"id":37825,"date":"2019-09-06T00:00:00","date_gmt":"2019-09-06T00:00:00","guid":{"rendered":"https:\/\/www.theinvisiblecollection.com\/?post_type=product&#038;p=37825"},"modified":"2026-05-01T07:40:00","modified_gmt":"2026-05-01T07:40:00","slug":"etel-fauteuil-n","status":"publish","type":"product","link":"https:\/\/theinvisiblecollection.com\/fr\/produit\/etel-fauteuil-n\/","title":{"rendered":"Fauteuil N"},"content":{"rendered":"","protected":false},"excerpt":{"rendered":"<p>Design par Jos\u00e9 Zanine Caldas<br \/>\nPi\u00e8tement disponible en Bois teint\u00e9 \u00e9b\u00e8ne, Freij\u00f3 naturel et Freij\u00f3 teint\u00e9<br \/>\n<span style=\"text-decoration: underline;\"><a href=\"https:\/\/theinvisiblecollection.com\/wp-content\/uploads\/2021\/06\/TheInvisibleCollection_Etel_Wood_Samples_1.pdf\" target=\"_blank\" rel=\"noopener\">D\u00e9couvrez la s\u00e9lection de bois ici<\/a><\/span><br \/>\nAssise disponible en tissu et en cuir<span style=\"text-decoration: underline;\"><br \/>\n<\/span><span style=\"text-decoration: underline;\"><a href=\"https:\/\/theinvisiblecollection.com\/wp-content\/uploads\/2022\/11\/TheInvisibleCollection_Etel_ZanineCaldas_Fabric-Selection.pdf\" target=\"_blank\" rel=\"noopener\">D\u00e9couvrez la s\u00e9lection de tissus ici<\/a><br \/>\n<a href=\"https:\/\/theinvisiblecollection.com\/wp-content\/uploads\/2022\/11\/TheInvisibleColection-Etel-Leather-and-Suede-Selection.pdf\" target=\"_blank\" rel=\"noopener\">D\u00e9couvrez la s\u00e9lection de cuirs et suedes ici<\/a><\/span><\/p>\n<p>&nbsp;<\/p>\n<p>L 67 x l 71 x H 70 cm<br \/>\nM\u00e9trage de tissu requis : 3 m<br \/>\nM\u00e9trage de cuir requis : 6 m<\/p>\n<p>Fabriqu\u00e9 \u00e0 la main au Br\u00e9sil<br \/>\nD\u00e9lais de production : 20 &#8211; 24 semaines<\/p>\n<p><span style=\"text-decoration: underline;\"><a href=\"https:\/\/www.theinvisiblecollection.com\/fr\/demande-de-devis\/?product_id=37825\" target=\"_blank\" rel=\"noopener\">Contactez-nous pour toute demande de devis ou de renseignements<\/a><\/span><\/p>\n","protected":false},"featured_media":106710,"template":"","meta":{"_acf_changed":false,"content-type":"","_themeisle_gutenberg_block_has_review":false},"product_brand":[],"product_cat":[8945,12499],"product_tag":[8854,8942,9150,9174,10366,11225,11235,11335],"product_designer":[8866],"comfabric":[28854],"manufacturer":[16878],"reporting_designer":[37382],"samplecomfabric":[30448],"designer_clubroom":[],"class_list":{"0":"post-37825","1":"product","2":"type-product","3":"status-publish","4":"has-post-thumbnail","6":"product_cat-fauteuils","7":"product_cat-assises","8":"product_tag-etel-fr-2","9":"product_tag-assise","10":"product_tag-fauteuil-fr-2","11":"product_tag-bleu","12":"product_tag-table-salle-a-manger","13":"product_tag-reissue-issue-fr","14":"product_tag-reedition-fr-fr","15":"product_tag-eco-design","16":"pa_wood-freijo-naturel-fr","17":"product_designer-etel-fr","18":"comfabric-etel-atelier-1-fr","19":"manufacturer-etel-atelier-1-fr","20":"reporting_designer-etel","21":"samplecomfabric-etel-fr","23":"first","24":"instock","25":"taxable","26":"shipping-taxable","27":"purchasable","28":"product-type-variable"},"acf":[],"_links":{"self":[{"href":"https:\/\/theinvisiblecollection.com\/fr\/wp-json\/wp\/v2\/product\/37825","targetHints":{"allow":["GET"]}}],"collection":[{"href":"https:\/\/theinvisiblecollection.com\/fr\/wp-json\/wp\/v2\/product"}],"about":[{"href":"https:\/\/theinvisiblecollection.com\/fr\/wp-json\/wp\/v2\/types\/product"}],"wp:featuredmedia":[{"embeddable":true,"href":"https:\/\/theinvisiblecollection.com\/fr\/wp-json\/wp\/v2\/media\/106710"}],"wp:attachment":[{"href":"https:\/\/theinvisiblecollection.com\/fr\/wp-json\/wp\/v2\/media?parent=37825"}],"wp:term":[{"taxonomy":"product_brand","embeddable":true,"href":"https:\/\/theinvisiblecollection.com\/fr\/wp-json\/wp\/v2\/product_brand?post=37825"},{"taxonomy":"product_cat","embeddable":true,"href":"https:\/\/theinvisiblecollection.com\/fr\/wp-json\/wp\/v2\/product_cat?post=37825"},{"taxonomy":"product_tag","embeddable":true,"href":"https:\/\/theinvisiblecollection.com\/fr\/wp-json\/wp\/v2\/product_tag?post=37825"},{"taxonomy":"product_designer","embeddable":true,"href":"https:\/\/theinvisiblecollection.com\/fr\/wp-json\/wp\/v2\/product_designer?post=37825"},{"taxonomy":"comfabric","embeddable":true,"href":"https:\/\/theinvisiblecollection.com\/fr\/wp-json\/wp\/v2\/comfabric?post=37825"},{"taxonomy":"manufacturer","embeddable":true,"href":"https:\/\/theinvisiblecollection.com\/fr\/wp-json\/wp\/v2\/manufacturer?post=37825"},{"taxonomy":"reporting_designer","embeddable":true,"href":"https:\/\/theinvisiblecollection.com\/fr\/wp-json\/wp\/v2\/reporting_designer?post=37825"},{"taxonomy":"samplecomfabric","embeddable":true,"href":"https:\/\/theinvisiblecollection.com\/fr\/wp-json\/wp\/v2\/samplecomfabric?post=37825"},{"taxonomy":"clubroom_product_designer","embeddable":true,"href":"https:\/\/theinvisiblecollection.com\/fr\/wp-json\/wp\/v2\/designer_clubroom?post=37825"}],"curies":[{"name":"wp","href":"https:\/\/api.w.org\/{rel}","templated":true}]}}