{"id":37852,"date":"2019-04-16T00:00:00","date_gmt":"2019-04-16T00:00:00","guid":{"rendered":"https:\/\/www.theinvisiblecollection.com\/product\/fauteuil-pivotant-ar\/"},"modified":"2026-05-01T07:40:00","modified_gmt":"2026-05-01T07:40:00","slug":"fauteuil-pivotant-ar","status":"publish","type":"product","link":"https:\/\/theinvisiblecollection.com\/fr\/produit\/fauteuil-pivotant-ar\/","title":{"rendered":"Fauteuil Pivotant Ar"},"content":{"rendered":"<p style=\"text-align: justify;\">Le beau fauteuil Ar Swivel dessin\u00e9 par Etel Carmona a de somptueuses finitions faites \u00e0 partir de paille naturelle et est disponible dans plusieurs bois locaux br\u00e9siliens tels que le noyer Imbuia, le c\u00e8dre espagnol, le bois de rose mexicain Freijo et le bois exotique Sucupira. L&#8217;assise est disponible dans le cuir ou le tissu de votre choix. Contactez-nous pour voir notre s\u00e9lection de tissus et de cuirs disponibles.<\/p>\n","protected":false},"excerpt":{"rendered":"<p>Design par Etel Carmona<br \/>\nFauteuil r\u00e9alis\u00e9 avec un dossier en rotin et structure en bois d&#8217;Imbuia<br \/>\nStructure aussi disponible en bois de c\u00e8dre et en bois de Freijo<br \/>\n<span class=\"s1\"><span style=\"text-decoration: underline;\"><a href=\"https:\/\/www.theinvisiblecollection.com\/wp-content\/uploads\/2019\/04\/Etel_ArSwivelArmchair_WoodSamples.pdf\" target=\"_blank\" rel=\"noopener\">D\u00e9couvrez la s\u00e9lection de bois ici<\/a><\/span><br \/>\n<\/span>Dossier tapiss\u00e9 ou en rotin<br \/>\n<span style=\"text-decoration: underline;\"><a href=\"https:\/\/theinvisiblecollection.com\/wp-content\/uploads\/2022\/11\/TheInvisibleCollection_Etel_ZanineCaldas_Fabric-Selection.pdf\" target=\"_blank\" rel=\"noopener\">D\u00e9couvrez la s\u00e9lection de tissus ici<\/a><\/span><br \/>\n<span style=\"text-decoration: underline;\"><a href=\"https:\/\/theinvisiblecollection.com\/wp-content\/uploads\/2022\/11\/TheInvisibleColection-Etel-Leather-and-Suede-Selection.pdf\" target=\"_blank\" rel=\"noopener\">D\u00e9couvrez la s\u00e9lection de cuirs et suedes ici<\/a><\/span><\/p>\n<p>Dimensions et mat\u00e9riaux sur-mesure sur demande<\/p>\n<p>L 85 x l 71 x H 80 cm<br \/>\nHauteur d&#8217;assise : 44 cm<\/p>\n<p>Fabriqu\u00e9 \u00e0 la main au Br\u00e9sil<br \/>\nD\u00e9lais de production : 20 &#8211; 24 semaines<\/p>\n<p><span style=\"text-decoration: underline;\"><a href=\"https:\/\/www.theinvisiblecollection.com\/fr\/demande-de-devis\/?product_id=37852\" target=\"_blank\" rel=\"noopener noreferrer\">Contactez-nous pour toute demande de devis ou de renseignements<\/a><\/span><\/p>\n","protected":false},"featured_media":106837,"template":"","meta":{"_acf_changed":false,"content-type":"","_themeisle_gutenberg_block_has_review":false},"product_brand":[],"product_cat":[8945,12499],"product_tag":[9150,9416,9668,11335,8854,8942,8993,9016,9017],"product_designer":[8866,10660],"comfabric":[28854],"manufacturer":[16878],"reporting_designer":[37381,37690],"samplecomfabric":[30448],"designer_clubroom":[],"class_list":{"0":"post-37852","1":"product","2":"type-product","3":"status-publish","4":"has-post-thumbnail","6":"product_cat-fauteuils","7":"product_cat-assises","8":"product_tag-fauteuil-fr-2","9":"product_tag-design-fr","10":"product_tag-designer-bresilien-fr-fr","11":"product_tag-eco-design","12":"product_tag-etel-fr-2","13":"product_tag-assise","14":"product_tag-salon","15":"product_tag-chambre-fr-2","16":"product_tag-chaise","17":"pa_backseat-material-rotin-fr","18":"pa_backseat-material-tapisse-fr","19":"product_designer-etel-fr","20":"product_designer-etel-carmona-fr","21":"comfabric-etel-atelier-1-fr","22":"manufacturer-etel-atelier-1-fr","23":"reporting_designer-etel","24":"reporting_designer-etel-carmona","25":"samplecomfabric-etel-fr","27":"first","28":"instock","29":"taxable","30":"shipping-taxable","31":"purchasable","32":"product-type-variable"},"acf":[],"_links":{"self":[{"href":"https:\/\/theinvisiblecollection.com\/fr\/wp-json\/wp\/v2\/product\/37852","targetHints":{"allow":["GET"]}}],"collection":[{"href":"https:\/\/theinvisiblecollection.com\/fr\/wp-json\/wp\/v2\/product"}],"about":[{"href":"https:\/\/theinvisiblecollection.com\/fr\/wp-json\/wp\/v2\/types\/product"}],"wp:featuredmedia":[{"embeddable":true,"href":"https:\/\/theinvisiblecollection.com\/fr\/wp-json\/wp\/v2\/media\/106837"}],"wp:attachment":[{"href":"https:\/\/theinvisiblecollection.com\/fr\/wp-json\/wp\/v2\/media?parent=37852"}],"wp:term":[{"taxonomy":"product_brand","embeddable":true,"href":"https:\/\/theinvisiblecollection.com\/fr\/wp-json\/wp\/v2\/product_brand?post=37852"},{"taxonomy":"product_cat","embeddable":true,"href":"https:\/\/theinvisiblecollection.com\/fr\/wp-json\/wp\/v2\/product_cat?post=37852"},{"taxonomy":"product_tag","embeddable":true,"href":"https:\/\/theinvisiblecollection.com\/fr\/wp-json\/wp\/v2\/product_tag?post=37852"},{"taxonomy":"product_designer","embeddable":true,"href":"https:\/\/theinvisiblecollection.com\/fr\/wp-json\/wp\/v2\/product_designer?post=37852"},{"taxonomy":"comfabric","embeddable":true,"href":"https:\/\/theinvisiblecollection.com\/fr\/wp-json\/wp\/v2\/comfabric?post=37852"},{"taxonomy":"manufacturer","embeddable":true,"href":"https:\/\/theinvisiblecollection.com\/fr\/wp-json\/wp\/v2\/manufacturer?post=37852"},{"taxonomy":"reporting_designer","embeddable":true,"href":"https:\/\/theinvisiblecollection.com\/fr\/wp-json\/wp\/v2\/reporting_designer?post=37852"},{"taxonomy":"samplecomfabric","embeddable":true,"href":"https:\/\/theinvisiblecollection.com\/fr\/wp-json\/wp\/v2\/samplecomfabric?post=37852"},{"taxonomy":"clubroom_product_designer","embeddable":true,"href":"https:\/\/theinvisiblecollection.com\/fr\/wp-json\/wp\/v2\/designer_clubroom?post=37852"}],"curies":[{"name":"wp","href":"https:\/\/api.w.org\/{rel}","templated":true}]}}