{"id":37886,"date":"2016-05-24T00:00:00","date_gmt":"2016-05-24T00:00:00","guid":{"rendered":"https:\/\/www.theinvisiblecollection.com\/product\/fauteuil-pol\/"},"modified":"2026-05-01T07:40:00","modified_gmt":"2026-05-01T07:40:00","slug":"thierry-lemaire-fauteuil-pol","status":"publish","type":"product","link":"https:\/\/theinvisiblecollection.com\/fr\/produit\/thierry-lemaire-fauteuil-pol\/","title":{"rendered":"Fauteuil Pol"},"content":{"rendered":"<div class=\"page\" title=\"Page 2\">\n<div class=\"section\">\n<div class=\"layoutArea\">\n<div class=\"column\">\n<p style=\"text-align: justify;\">R\u00e9surgence des ic\u00f4nes seventies, sculptural, glamour et surdimensionn\u00e9, le fauteuil Pol est \u00e9quip\u00e9 d&#8217;un pied pivotant en tissu cercl\u00e9 de laiton qui donne une mobilit\u00e9 fluide \u00e0 cette assise imposante.<\/p>\n<\/div>\n<\/div>\n<\/div>\n<\/div>\n","protected":false},"excerpt":{"rendered":"<p>Fauteuil tapiss\u00e9 ici dans un tissu sur-mesure<br \/>\nDisponible dans le tissu Misia, Au Mont des Muses<br \/>\n<a href=\"https:\/\/theinvisiblecollection.com\/wp-content\/uploads\/2016\/05\/TheInvisibleCollection_Thierry_Lemaire_Fabric_Selection_Misia.pdf\" target=\"_blank\" rel=\"noopener\"><span style=\"text-decoration: underline;\">D\u00e9couvrez la s\u00e9lection de tissus ici<\/span><\/a><br \/>\n\u00c9galement disponible en blanc sans tissu<br \/>\nBase pivotante tapiss\u00e9e, dans un tissu sur-mesure<br \/>\nDisponible en laiton poli ou en cuivre bross\u00e9<\/p>\n<p>l 90 x P 93.8 x H 78 cm<br \/>\nHauteur d&#8217;assise : 41.7 cm<br \/>\nTissu requis : 6 m<\/p>\n<p>Fabriqu\u00e9 \u00e0 la main en France<br \/>\nD\u00e9lais de fabrication : 14 &#8211; 16 semaines<\/p>\n<p class=\"p1\"><span style=\"text-decoration: underline;\"><span class=\"s1\"><a href=\"https:\/\/www.theinvisiblecollection.com\/fr\/demande-de-devis\/?product_id=37886\">Contactez-nous pour toute demande de devis ou de renseignements<\/a><\/span><\/span><\/p>\n","protected":false},"featured_media":5356801,"template":"","meta":{"_acf_changed":false,"content-type":"","_themeisle_gutenberg_block_has_review":false},"product_brand":[],"product_cat":[8945,12499,13076],"product_tag":[31477,35206,8942,9150,9683,10254,10391],"product_designer":[8875],"comfabric":[29410],"manufacturer":[19271],"reporting_designer":[37176],"samplecomfabric":[30460],"designer_clubroom":[],"class_list":{"0":"post-37886","1":"product","2":"type-product","3":"status-publish","4":"has-post-thumbnail","6":"product_cat-fauteuils","7":"product_cat-assises","8":"product_cat-bureau-a-la-maison","9":"product_tag-st-curvy-fr","10":"product_tag-exclusive-fr","11":"product_tag-assise","12":"product_tag-fauteuil-fr-2","13":"product_tag-thierry-lemaire-fr-fr","14":"product_tag-bureau-fr-3","15":"product_tag-pol-fr","16":"product_designer-thierry-lemaire-fr","17":"comfabric-thierry-lemaire-fr","18":"manufacturer-plateforme-logistique-sogaris-fr","19":"reporting_designer-thierry-lemaire","20":"samplecomfabric-thierry-lemaire-fr","21":"exhibitions-paris-fr","23":"first","24":"instock","25":"taxable","26":"shipping-taxable","27":"product-type-variable"},"acf":[],"_links":{"self":[{"href":"https:\/\/theinvisiblecollection.com\/fr\/wp-json\/wp\/v2\/product\/37886","targetHints":{"allow":["GET"]}}],"collection":[{"href":"https:\/\/theinvisiblecollection.com\/fr\/wp-json\/wp\/v2\/product"}],"about":[{"href":"https:\/\/theinvisiblecollection.com\/fr\/wp-json\/wp\/v2\/types\/product"}],"wp:featuredmedia":[{"embeddable":true,"href":"https:\/\/theinvisiblecollection.com\/fr\/wp-json\/wp\/v2\/media\/5356801"}],"wp:attachment":[{"href":"https:\/\/theinvisiblecollection.com\/fr\/wp-json\/wp\/v2\/media?parent=37886"}],"wp:term":[{"taxonomy":"product_brand","embeddable":true,"href":"https:\/\/theinvisiblecollection.com\/fr\/wp-json\/wp\/v2\/product_brand?post=37886"},{"taxonomy":"product_cat","embeddable":true,"href":"https:\/\/theinvisiblecollection.com\/fr\/wp-json\/wp\/v2\/product_cat?post=37886"},{"taxonomy":"product_tag","embeddable":true,"href":"https:\/\/theinvisiblecollection.com\/fr\/wp-json\/wp\/v2\/product_tag?post=37886"},{"taxonomy":"product_designer","embeddable":true,"href":"https:\/\/theinvisiblecollection.com\/fr\/wp-json\/wp\/v2\/product_designer?post=37886"},{"taxonomy":"comfabric","embeddable":true,"href":"https:\/\/theinvisiblecollection.com\/fr\/wp-json\/wp\/v2\/comfabric?post=37886"},{"taxonomy":"manufacturer","embeddable":true,"href":"https:\/\/theinvisiblecollection.com\/fr\/wp-json\/wp\/v2\/manufacturer?post=37886"},{"taxonomy":"reporting_designer","embeddable":true,"href":"https:\/\/theinvisiblecollection.com\/fr\/wp-json\/wp\/v2\/reporting_designer?post=37886"},{"taxonomy":"samplecomfabric","embeddable":true,"href":"https:\/\/theinvisiblecollection.com\/fr\/wp-json\/wp\/v2\/samplecomfabric?post=37886"},{"taxonomy":"clubroom_product_designer","embeddable":true,"href":"https:\/\/theinvisiblecollection.com\/fr\/wp-json\/wp\/v2\/designer_clubroom?post=37886"}],"curies":[{"name":"wp","href":"https:\/\/api.w.org\/{rel}","templated":true}]}}