{"id":37891,"date":"2019-04-09T00:00:00","date_gmt":"2019-04-08T23:00:00","guid":{"rendered":"https:\/\/www.theinvisiblecollection.com\/product\/fauteuil-r\/"},"modified":"2026-05-01T07:40:00","modified_gmt":"2026-05-01T07:40:00","slug":"fauteuil-r","status":"publish","type":"product","link":"https:\/\/theinvisiblecollection.com\/fr\/produit\/fauteuil-r\/","title":{"rendered":"Fauteuil R"},"content":{"rendered":"<p style=\"text-align: justify;\">Lanc\u00e9 par M\u00f3veis Art\u00edsticos Z, fond\u00e9 en 1948, le fauteuil R pr\u00e9sente les lignes droites caract\u00e9ristiques de l&#8217;\u0153uvre de Zanine Caldas. En l&#8217;honneur du centenaire de Jos\u00e9 Zanine Caldas en 2019, ETEL, en collaboration avec la famille du designer, a r\u00e9veill\u00e9 le design de pi\u00e8ces s\u00e9lectionn\u00e9es de la ligne &#8220;Z Artistic Furniture&#8221; et a int\u00e9gr\u00e9 l\u2019esprit de son &#8220;Complaint Furniture&#8221;, valorisant l\u2019exceptionnel travail manuel et les pratiques durables dans ses r\u00e9\u00e9ditions. On y savoure notamment la conjugaison parfaite entre la rigueur des lignes droites associ\u00e9es aux formes organiques qui t\u00e9moignent de l&#8217;ergonomie et de la beaut\u00e9 unique de chaque pi\u00e8ce.<\/p>\n","protected":false},"excerpt":{"rendered":"<p>Design par Jos\u00e9 Zanine Caldas<br \/>\nPhotographi\u00e9 ici en laine boucl\u00e9e Dedar Karakorum Ivoire, dos en cuir lisse Firenze 400 et structure en Louro Preto Naturel<br \/>\n<span style=\"text-decoration: underline;\"><a style=\"text-decoration-line: underline;\" href=\"https:\/\/theinvisiblecollection.com\/wp-content\/uploads\/2022\/11\/the-invisible-collection-Etel-Wood-Selection-Copacobana-Table.pdf\">D\u00e9couvrez une s\u00e9lection de bois ici<\/a><br \/>\n<\/span><\/p>\n<p>Assise disponible en tissu et en cuir<br \/>\n<span style=\"text-decoration: underline;\"><a href=\"https:\/\/theinvisiblecollection.com\/wp-content\/uploads\/2019\/04\/TheInvisibleCollection_Etel_ZanineCaldas_Fabric-Selection2.pdf\" target=\"_blank\" rel=\"noopener\">D\u00e9couvrez la s\u00e9lection de tissus ici<\/a><br \/>\n<a href=\"https:\/\/theinvisiblecollection.com\/wp-content\/uploads\/2022\/11\/TheInvisibleColection-Etel-Leather-and-Suede-Selection.pdf\" target=\"_blank\" rel=\"noopener\">D\u00e9couvrez la s\u00e9lection de cuirs et suedes ici<\/a><\/span><\/p>\n<p>L 102,5 x l 81 x H 105,5 cm<br \/>\nHauteur d&#8217;assise : 38 cm<\/p>\n<p>Fabriqu\u00e9 \u00e0 la main au Br\u00e9sil<br \/>\nD\u00e9lais de production : 14 &#8211; 16 semaines<\/p>\n<p><span style=\"text-decoration: underline;\"><a href=\"https:\/\/www.theinvisiblecollection.com\/fr\/demande-de-devis\/?product_id=37891\">Contactez-nous pour toute demande de devis ou de renseignements<\/a><\/span><\/p>\n","protected":false},"featured_media":106828,"template":"","meta":{"_acf_changed":false,"content-type":"","_themeisle_gutenberg_block_has_review":false},"product_brand":[],"product_cat":[8945,12499],"product_tag":[8953,9017,9150,11225,11235],"product_designer":[8866],"comfabric":[28854],"manufacturer":[16878],"reporting_designer":[37382],"samplecomfabric":[30448],"designer_clubroom":[],"class_list":{"0":"post-37891","1":"product","2":"type-product","3":"status-publish","4":"has-post-thumbnail","6":"product_cat-fauteuils","7":"product_cat-assises","8":"product_tag-salle-a-manger","9":"product_tag-chaise","10":"product_tag-fauteuil-fr-2","11":"product_tag-reissue-issue-fr","12":"product_tag-reedition-fr-fr","13":"pa_wood-freijo-delave-fr","14":"pa_wood-freijo-naturel-fr","15":"pa_wood-imbuia-miel-fr","16":"product_designer-etel-fr","17":"comfabric-etel-atelier-1-fr","18":"manufacturer-etel-atelier-1-fr","19":"reporting_designer-etel","20":"samplecomfabric-etel-fr","22":"first","23":"instock","24":"taxable","25":"shipping-taxable","26":"purchasable","27":"product-type-variable"},"acf":[],"_links":{"self":[{"href":"https:\/\/theinvisiblecollection.com\/fr\/wp-json\/wp\/v2\/product\/37891","targetHints":{"allow":["GET"]}}],"collection":[{"href":"https:\/\/theinvisiblecollection.com\/fr\/wp-json\/wp\/v2\/product"}],"about":[{"href":"https:\/\/theinvisiblecollection.com\/fr\/wp-json\/wp\/v2\/types\/product"}],"wp:featuredmedia":[{"embeddable":true,"href":"https:\/\/theinvisiblecollection.com\/fr\/wp-json\/wp\/v2\/media\/106828"}],"wp:attachment":[{"href":"https:\/\/theinvisiblecollection.com\/fr\/wp-json\/wp\/v2\/media?parent=37891"}],"wp:term":[{"taxonomy":"product_brand","embeddable":true,"href":"https:\/\/theinvisiblecollection.com\/fr\/wp-json\/wp\/v2\/product_brand?post=37891"},{"taxonomy":"product_cat","embeddable":true,"href":"https:\/\/theinvisiblecollection.com\/fr\/wp-json\/wp\/v2\/product_cat?post=37891"},{"taxonomy":"product_tag","embeddable":true,"href":"https:\/\/theinvisiblecollection.com\/fr\/wp-json\/wp\/v2\/product_tag?post=37891"},{"taxonomy":"product_designer","embeddable":true,"href":"https:\/\/theinvisiblecollection.com\/fr\/wp-json\/wp\/v2\/product_designer?post=37891"},{"taxonomy":"comfabric","embeddable":true,"href":"https:\/\/theinvisiblecollection.com\/fr\/wp-json\/wp\/v2\/comfabric?post=37891"},{"taxonomy":"manufacturer","embeddable":true,"href":"https:\/\/theinvisiblecollection.com\/fr\/wp-json\/wp\/v2\/manufacturer?post=37891"},{"taxonomy":"reporting_designer","embeddable":true,"href":"https:\/\/theinvisiblecollection.com\/fr\/wp-json\/wp\/v2\/reporting_designer?post=37891"},{"taxonomy":"samplecomfabric","embeddable":true,"href":"https:\/\/theinvisiblecollection.com\/fr\/wp-json\/wp\/v2\/samplecomfabric?post=37891"},{"taxonomy":"clubroom_product_designer","embeddable":true,"href":"https:\/\/theinvisiblecollection.com\/fr\/wp-json\/wp\/v2\/designer_clubroom?post=37891"}],"curies":[{"name":"wp","href":"https:\/\/api.w.org\/{rel}","templated":true}]}}