{"id":3809360,"date":"2023-09-15T11:57:47","date_gmt":"2023-09-15T10:57:47","guid":{"rendered":"https:\/\/theinvisiblecollection.com\/?post_type=product&#038;p=3809360"},"modified":"2026-05-01T07:37:59","modified_gmt":"2026-05-01T07:37:59","slug":"robert-picault-set-de-5-tasses-avec-5-soucoupes","status":"publish","type":"product","link":"https:\/\/theinvisiblecollection.com\/fr\/produit\/robert-picault-set-de-5-tasses-avec-5-soucoupes\/","title":{"rendered":"Set de 5 tasses avec 5 soucoupes"},"content":{"rendered":"<p style=\"text-align: justify;\">Un ensemble en c\u00e9ramique des ann\u00e9es 50 de Robert Picault. Ses collections associent des formes g\u00e9om\u00e9triques et des combinaisons de couleurs incroyables apportent une touche vintage chic \u00e0 votre table.<\/p>\n","protected":false},"excerpt":{"rendered":"<ul>\n<li>Set de 5 tasses avec 5 soucoupes vintage par Robert Picault de l&#8217;atelier Callis, ann\u00e9es 1950<\/li>\n<\/ul>\n","protected":false},"featured_media":3846557,"template":"","meta":{"_acf_changed":false,"content-type":"","_themeisle_gutenberg_block_has_review":false},"product_brand":[],"product_cat":[19973,19981,19982],"product_tag":[22790],"product_designer":[],"comfabric":[],"manufacturer":[23101],"reporting_designer":[],"samplecomfabric":[],"designer_clubroom":[23109],"class_list":{"0":"post-3809360","1":"product","2":"type-product","3":"status-publish","4":"has-post-thumbnail","6":"clubroom_taxonomies-vintage-room","7":"product_cat-accessoires-pour-la-maison","8":"product_cat-art-de-la-table","9":"product_cat-tasse-a-the-et-mugs","10":"product_tag-disponible-immediatement","11":"manufacturer-robert-picault-fr","12":"clubroom_product_designer-robert-picault-fr","13":"exhibitions-paris-fr","15":"first","16":"instock","17":"taxable","18":"shipping-taxable","19":"purchasable","20":"product-type-simple"},"acf":[],"_links":{"self":[{"href":"https:\/\/theinvisiblecollection.com\/fr\/wp-json\/wp\/v2\/product\/3809360","targetHints":{"allow":["GET"]}}],"collection":[{"href":"https:\/\/theinvisiblecollection.com\/fr\/wp-json\/wp\/v2\/product"}],"about":[{"href":"https:\/\/theinvisiblecollection.com\/fr\/wp-json\/wp\/v2\/types\/product"}],"wp:featuredmedia":[{"embeddable":true,"href":"https:\/\/theinvisiblecollection.com\/fr\/wp-json\/wp\/v2\/media\/3846557"}],"wp:attachment":[{"href":"https:\/\/theinvisiblecollection.com\/fr\/wp-json\/wp\/v2\/media?parent=3809360"}],"wp:term":[{"taxonomy":"product_brand","embeddable":true,"href":"https:\/\/theinvisiblecollection.com\/fr\/wp-json\/wp\/v2\/product_brand?post=3809360"},{"taxonomy":"product_cat","embeddable":true,"href":"https:\/\/theinvisiblecollection.com\/fr\/wp-json\/wp\/v2\/product_cat?post=3809360"},{"taxonomy":"product_tag","embeddable":true,"href":"https:\/\/theinvisiblecollection.com\/fr\/wp-json\/wp\/v2\/product_tag?post=3809360"},{"taxonomy":"product_designer","embeddable":true,"href":"https:\/\/theinvisiblecollection.com\/fr\/wp-json\/wp\/v2\/product_designer?post=3809360"},{"taxonomy":"comfabric","embeddable":true,"href":"https:\/\/theinvisiblecollection.com\/fr\/wp-json\/wp\/v2\/comfabric?post=3809360"},{"taxonomy":"manufacturer","embeddable":true,"href":"https:\/\/theinvisiblecollection.com\/fr\/wp-json\/wp\/v2\/manufacturer?post=3809360"},{"taxonomy":"reporting_designer","embeddable":true,"href":"https:\/\/theinvisiblecollection.com\/fr\/wp-json\/wp\/v2\/reporting_designer?post=3809360"},{"taxonomy":"samplecomfabric","embeddable":true,"href":"https:\/\/theinvisiblecollection.com\/fr\/wp-json\/wp\/v2\/samplecomfabric?post=3809360"},{"taxonomy":"clubroom_product_designer","embeddable":true,"href":"https:\/\/theinvisiblecollection.com\/fr\/wp-json\/wp\/v2\/designer_clubroom?post=3809360"}],"curies":[{"name":"wp","href":"https:\/\/api.w.org\/{rel}","templated":true}]}}