{"id":38099,"date":"2019-03-29T00:00:00","date_gmt":"2019-03-28T23:00:00","guid":{"rendered":"https:\/\/www.theinvisiblecollection.com\/product\/grand-bol\/"},"modified":"2026-05-08T04:41:12","modified_gmt":"2026-05-08T04:41:12","slug":"grand-bol","status":"publish","type":"product","link":"https:\/\/theinvisiblecollection.com\/fr\/produit\/grand-bol\/","title":{"rendered":"Grand Bol"},"content":{"rendered":"","protected":false},"excerpt":{"rendered":"<p>Bronze naturel sculpt\u00e9 gr\u00e2ce \u00e0 la technique de la cire perdue et patine noire<\/p>\n<p>Chaque pi\u00e8ce est unique<\/p>\n<p>Dimensions et mat\u00e9riaux sur-mesure sur demande<\/p>\n<p>Disponible en trois dimensions :<br \/>\nL 35 x H 16 cm<br \/>\nL 38 x H 12 cm<br \/>\nL 40 x H 17 cm<\/p>\n<p>Fabriqu\u00e9 \u00e0 la main en Italie<br \/>\nD\u00e9lais de production : 14 &#8211; 18 semaines<br \/>\n<span style=\"text-decoration: underline;\"><a href=\"https:\/\/www.theinvisiblecollection.com\/fr\/nous-contacter\/\" target=\"_blank\" rel=\"noopener noreferrer\">Contactez-nous pour toute demande de devis ou de renseignements<\/a><\/span><\/p>\n","protected":false},"featured_media":1165406,"template":"","meta":{"_acf_changed":false,"content-type":"","_themeisle_gutenberg_block_has_review":false},"product_brand":[],"product_cat":[7517,12531],"product_tag":[8855,8953,8993,9136,9670,9681,31477],"product_designer":[8873],"comfabric":[],"manufacturer":[20001],"reporting_designer":[37502],"samplecomfabric":[],"designer_clubroom":[],"class_list":{"0":"post-38099","1":"product","2":"type-product","3":"status-publish","4":"has-post-thumbnail","6":"product_cat-deco-fr","7":"product_cat-objets-de-decoration","8":"product_tag-table-fr-3","9":"product_tag-salle-a-manger","10":"product_tag-salon","11":"product_tag-bol-fr","12":"product_tag-console-fr-fr","13":"product_tag-osanna-visconti-fr-fr","14":"product_tag-st-curvy-fr","15":"pa_size-grand-fr","16":"pa_size-moyenne-l-70-x-l-82-x-h-41-cm","17":"pa_size-petit","18":"product_designer-osanna-visconti-fr","19":"manufacturer-osanna-visconti-gallery-fr","20":"reporting_designer-osanna-visconti","22":"first","23":"instock","24":"taxable","25":"shipping-taxable","26":"product-type-variable"},"acf":[],"_links":{"self":[{"href":"https:\/\/theinvisiblecollection.com\/fr\/wp-json\/wp\/v2\/product\/38099","targetHints":{"allow":["GET"]}}],"collection":[{"href":"https:\/\/theinvisiblecollection.com\/fr\/wp-json\/wp\/v2\/product"}],"about":[{"href":"https:\/\/theinvisiblecollection.com\/fr\/wp-json\/wp\/v2\/types\/product"}],"wp:featuredmedia":[{"embeddable":true,"href":"https:\/\/theinvisiblecollection.com\/fr\/wp-json\/wp\/v2\/media\/1165406"}],"wp:attachment":[{"href":"https:\/\/theinvisiblecollection.com\/fr\/wp-json\/wp\/v2\/media?parent=38099"}],"wp:term":[{"taxonomy":"product_brand","embeddable":true,"href":"https:\/\/theinvisiblecollection.com\/fr\/wp-json\/wp\/v2\/product_brand?post=38099"},{"taxonomy":"product_cat","embeddable":true,"href":"https:\/\/theinvisiblecollection.com\/fr\/wp-json\/wp\/v2\/product_cat?post=38099"},{"taxonomy":"product_tag","embeddable":true,"href":"https:\/\/theinvisiblecollection.com\/fr\/wp-json\/wp\/v2\/product_tag?post=38099"},{"taxonomy":"product_designer","embeddable":true,"href":"https:\/\/theinvisiblecollection.com\/fr\/wp-json\/wp\/v2\/product_designer?post=38099"},{"taxonomy":"comfabric","embeddable":true,"href":"https:\/\/theinvisiblecollection.com\/fr\/wp-json\/wp\/v2\/comfabric?post=38099"},{"taxonomy":"manufacturer","embeddable":true,"href":"https:\/\/theinvisiblecollection.com\/fr\/wp-json\/wp\/v2\/manufacturer?post=38099"},{"taxonomy":"reporting_designer","embeddable":true,"href":"https:\/\/theinvisiblecollection.com\/fr\/wp-json\/wp\/v2\/reporting_designer?post=38099"},{"taxonomy":"samplecomfabric","embeddable":true,"href":"https:\/\/theinvisiblecollection.com\/fr\/wp-json\/wp\/v2\/samplecomfabric?post=38099"},{"taxonomy":"clubroom_product_designer","embeddable":true,"href":"https:\/\/theinvisiblecollection.com\/fr\/wp-json\/wp\/v2\/designer_clubroom?post=38099"}],"curies":[{"name":"wp","href":"https:\/\/api.w.org\/{rel}","templated":true}]}}