{"id":3811811,"date":"2023-09-15T15:38:24","date_gmt":"2023-09-15T14:38:24","guid":{"rendered":"https:\/\/theinvisiblecollection.com\/?post_type=product&#038;p=3811811"},"modified":"2026-05-01T07:37:59","modified_gmt":"2026-05-01T07:37:59","slug":"studio-mtx-miroir-panoramique-ostinato","status":"publish","type":"product","link":"https:\/\/theinvisiblecollection.com\/fr\/produit\/studio-mtx-miroir-panoramique-ostinato\/","title":{"rendered":"Miroir Panoramique Ostinato"},"content":{"rendered":"<p style=\"text-align: justify;\">Partition color\u00e9e, m\u00e9lodie rythm\u00e9e par un refrain d\u2019\u00e9clats m\u00e9talliques, lyre d\u00e9corative \u00e0 l\u2019\u00e9vidente fonctionnalit\u00e9, Ostinato est un miroir panoramique d\u00e9velopp\u00e9 \u00e0 partir de l\u2019iconique mati\u00e8re de Studio MTX Utsire &#8211; un rideau de cordelettes r\u00e9hauss\u00e9es de tubes de m\u00e9tal cr\u00e9\u00e9 un effet de d\u00e9grad\u00e9, laissant la surface miroir apparaitre entre 2 s\u00e9quences d\u00e9coratives. La structure de l\u2019objet combine des techniques d\u2019\u00e9b\u00e9nisterie traditionnelle de cintrage et d\u2019accostage et un fraisage num\u00e9rique de pr\u00e9cision permettant une insertion millim\u00e9tr\u00e9e des cordelettes dans les 2 profil\u00e9s en ch\u00eane massif Ostinato est pens\u00e9 pour un accrochage mural.<\/p>\n","protected":false},"excerpt":{"rendered":"<p>Discoball compos\u00e9e de triangles miroir en PMMA enti\u00e8rement assembl\u00e9s \u00e0 la main, \u00e0 l&#8217;aide de connexions imprim\u00e9es en 3D et de vis en laiton massif<br \/>\nDisponible en <a href=\"https:\/\/theinvisiblecollection.com\/fr\/produit\/studio-mtx-boule-disco-alpha-centauri-chrome\/\" target=\"_blank\" rel=\"noopener\"><span style=\"text-decoration: underline;\">chrome<\/span><\/a>, <a href=\"https:\/\/theinvisiblecollection.com\/fr\/produit\/studio-mtx-boule-disco-alpha-centauri-or\/\" target=\"_blank\" rel=\"noopener\"><span style=\"text-decoration: underline;\">or<\/span><\/a>, <a href=\"https:\/\/theinvisiblecollection.com\/fr\/produit\/studio-mtx-boule-disco-alpha-centauri-bleu-noir\/\" target=\"_blank\" rel=\"noopener\"><span style=\"text-decoration: underline;\">bleu noir<\/span><\/a>\u00a0et <a href=\"https:\/\/theinvisiblecollection.com\/fr\/produit\/studio-mtx-boule-disco-alpha-centauri-or-rose\/\" target=\"_blank\" rel=\"noopener\"><span style=\"text-decoration: underline;\">or rose<\/span><\/a><br \/>\n<a href=\"https:\/\/theinvisiblecollection.com\/wp-content\/uploads\/2022\/12\/TheInvisibleCollection_StudioMTX_Colour-Selection_Discoball.pdf\" target=\"_blank\" rel=\"noopener\"><span style=\"text-decoration: underline;\">D\u00e9couvrez la s\u00e9lection de couleurs ici<\/span><\/a><br \/>\nFil d&#8217;acier et auvent assortis \u00e0 la couleur de la discoball<br \/>\nVitesse de rotation recommand\u00e9e du moteur 3RPM, 110V \u00e0 160V<br \/>\nProjecteur et moteur non inclus<\/p>\n<p>\u00d8 60 cm<br \/>\nFil d&#8217;acier : 2 m<\/p>\n<p>Fabriqu\u00e9e \u00e0 la main en France<br \/>\nD\u00e9lais de fabrication : 6 &#8211; 8 semaines<\/p>\n<p><span style=\"text-decoration: underline;\"><a href=\"https:\/\/www.theinvisiblecollection.com\/fr\/demande-de-devis\/?product_id=1320301\" target=\"_blank\" rel=\"noopener\">Contactez-nous pour toute demande de devis ou de renseignements<\/a><\/span><\/p>\n","protected":false},"featured_media":3958001,"template":"","meta":{"_acf_changed":false,"content-type":"","_themeisle_gutenberg_block_has_review":false},"product_brand":[],"product_cat":[7517,8225,12531],"product_tag":[31476],"product_designer":[20420],"comfabric":[],"manufacturer":[20424],"reporting_designer":[37707],"samplecomfabric":[],"designer_clubroom":[],"class_list":{"0":"post-3811811","1":"product","2":"type-product","3":"status-publish","4":"has-post-thumbnail","6":"product_cat-deco-fr","7":"product_cat-miroirs-fr","8":"product_cat-objets-de-decoration","9":"product_tag-st-collectible-fr","10":"product_designer-studio-mtx-fr","11":"manufacturer-19m-studio-mtx-fr","12":"reporting_designer-studio-mtx","13":"exhibitions-los-angeles-fr","15":"first","16":"instock","17":"taxable","18":"shipping-taxable","19":"purchasable","20":"product-type-simple"},"acf":[],"_links":{"self":[{"href":"https:\/\/theinvisiblecollection.com\/fr\/wp-json\/wp\/v2\/product\/3811811","targetHints":{"allow":["GET"]}}],"collection":[{"href":"https:\/\/theinvisiblecollection.com\/fr\/wp-json\/wp\/v2\/product"}],"about":[{"href":"https:\/\/theinvisiblecollection.com\/fr\/wp-json\/wp\/v2\/types\/product"}],"wp:featuredmedia":[{"embeddable":true,"href":"https:\/\/theinvisiblecollection.com\/fr\/wp-json\/wp\/v2\/media\/3958001"}],"wp:attachment":[{"href":"https:\/\/theinvisiblecollection.com\/fr\/wp-json\/wp\/v2\/media?parent=3811811"}],"wp:term":[{"taxonomy":"product_brand","embeddable":true,"href":"https:\/\/theinvisiblecollection.com\/fr\/wp-json\/wp\/v2\/product_brand?post=3811811"},{"taxonomy":"product_cat","embeddable":true,"href":"https:\/\/theinvisiblecollection.com\/fr\/wp-json\/wp\/v2\/product_cat?post=3811811"},{"taxonomy":"product_tag","embeddable":true,"href":"https:\/\/theinvisiblecollection.com\/fr\/wp-json\/wp\/v2\/product_tag?post=3811811"},{"taxonomy":"product_designer","embeddable":true,"href":"https:\/\/theinvisiblecollection.com\/fr\/wp-json\/wp\/v2\/product_designer?post=3811811"},{"taxonomy":"comfabric","embeddable":true,"href":"https:\/\/theinvisiblecollection.com\/fr\/wp-json\/wp\/v2\/comfabric?post=3811811"},{"taxonomy":"manufacturer","embeddable":true,"href":"https:\/\/theinvisiblecollection.com\/fr\/wp-json\/wp\/v2\/manufacturer?post=3811811"},{"taxonomy":"reporting_designer","embeddable":true,"href":"https:\/\/theinvisiblecollection.com\/fr\/wp-json\/wp\/v2\/reporting_designer?post=3811811"},{"taxonomy":"samplecomfabric","embeddable":true,"href":"https:\/\/theinvisiblecollection.com\/fr\/wp-json\/wp\/v2\/samplecomfabric?post=3811811"},{"taxonomy":"clubroom_product_designer","embeddable":true,"href":"https:\/\/theinvisiblecollection.com\/fr\/wp-json\/wp\/v2\/designer_clubroom?post=3811811"}],"curies":[{"name":"wp","href":"https:\/\/api.w.org\/{rel}","templated":true}]}}