{"id":38125,"date":"2019-09-17T00:00:00","date_gmt":"2019-09-16T23:00:00","guid":{"rendered":"https:\/\/www.theinvisiblecollection.com\/product\/gueridon-galet\/"},"modified":"2026-05-01T07:39:57","modified_gmt":"2026-05-01T07:39:57","slug":"pierre-augustin-rose-gueridon-galet","status":"publish","type":"product","link":"https:\/\/theinvisiblecollection.com\/fr\/produit\/pierre-augustin-rose-gueridon-galet\/","title":{"rendered":"Gu\u00e9ridon Galet"},"content":{"rendered":"","protected":false},"excerpt":{"rendered":"<p>Plateau laqu\u00e9<br \/>\nPieds sculpt\u00e9s en ch\u00eane massif, pr\u00e9servant ses propri\u00e9t\u00e9s naturelles<br \/>\nChaque pied est unique et d\u00e9pend des nuances naturelles du bois<\/p>\n<p>L 65 x l 53 x H 43 cm<\/p>\n<p>Fabriqu\u00e9 \u00e0 la main en Europe<br \/>\nD\u00e9lais de production : 12 &#8211; 14 semaines<\/p>\n<p><a href=\"https:\/\/www.theinvisiblecollection.com\/fr\/demande-de-devis\/?product_id=38125\" target=\"_blank\" rel=\"noopener\">Contactez-nous pour toute demande de devis ou de renseignement<\/a><\/p>\n","protected":false},"featured_media":155753,"template":"","meta":{"_acf_changed":false,"content-type":"","_themeisle_gutenberg_block_has_review":false},"product_brand":[],"product_cat":[7509,12332,12503,12514],"product_tag":[35206,9001,9059,9409,9444,9455,11349,31477],"product_designer":[8908],"comfabric":[29018],"manufacturer":[16828],"reporting_designer":[37608],"samplecomfabric":[30018],"designer_clubroom":[],"class_list":{"0":"post-38125","1":"product","2":"type-product","3":"status-publish","4":"has-post-thumbnail","6":"product_cat-tables-basses-dappoint","7":"product_cat-tables-dappoint","8":"product_cat-tables-fr","9":"product_cat-tables-de-chevet","10":"product_tag-exclusive-fr","11":"product_tag-chene","12":"product_tag-gueridon-fr-2","13":"product_tag-pierre-augustin-rose-fr-2","14":"product_tag-laque-fr-2","15":"product_tag-galet-fr","16":"product_tag-pierre-augustine-rose-fr","17":"product_tag-st-curvy-fr","18":"product_designer-pierre-augustin-rose-fr","19":"comfabric-pierre-augustin-rose-fr","20":"manufacturer-charvin-logistics-saint-ouen-la-ex-egetra-fr","21":"reporting_designer-pierre-augustin-rose","22":"samplecomfabric-pierre-augustin-rose-fr","24":"first","25":"instock","26":"taxable","27":"shipping-taxable","28":"purchasable","29":"product-type-variable"},"acf":[],"_links":{"self":[{"href":"https:\/\/theinvisiblecollection.com\/fr\/wp-json\/wp\/v2\/product\/38125","targetHints":{"allow":["GET"]}}],"collection":[{"href":"https:\/\/theinvisiblecollection.com\/fr\/wp-json\/wp\/v2\/product"}],"about":[{"href":"https:\/\/theinvisiblecollection.com\/fr\/wp-json\/wp\/v2\/types\/product"}],"wp:featuredmedia":[{"embeddable":true,"href":"https:\/\/theinvisiblecollection.com\/fr\/wp-json\/wp\/v2\/media\/155753"}],"wp:attachment":[{"href":"https:\/\/theinvisiblecollection.com\/fr\/wp-json\/wp\/v2\/media?parent=38125"}],"wp:term":[{"taxonomy":"product_brand","embeddable":true,"href":"https:\/\/theinvisiblecollection.com\/fr\/wp-json\/wp\/v2\/product_brand?post=38125"},{"taxonomy":"product_cat","embeddable":true,"href":"https:\/\/theinvisiblecollection.com\/fr\/wp-json\/wp\/v2\/product_cat?post=38125"},{"taxonomy":"product_tag","embeddable":true,"href":"https:\/\/theinvisiblecollection.com\/fr\/wp-json\/wp\/v2\/product_tag?post=38125"},{"taxonomy":"product_designer","embeddable":true,"href":"https:\/\/theinvisiblecollection.com\/fr\/wp-json\/wp\/v2\/product_designer?post=38125"},{"taxonomy":"comfabric","embeddable":true,"href":"https:\/\/theinvisiblecollection.com\/fr\/wp-json\/wp\/v2\/comfabric?post=38125"},{"taxonomy":"manufacturer","embeddable":true,"href":"https:\/\/theinvisiblecollection.com\/fr\/wp-json\/wp\/v2\/manufacturer?post=38125"},{"taxonomy":"reporting_designer","embeddable":true,"href":"https:\/\/theinvisiblecollection.com\/fr\/wp-json\/wp\/v2\/reporting_designer?post=38125"},{"taxonomy":"samplecomfabric","embeddable":true,"href":"https:\/\/theinvisiblecollection.com\/fr\/wp-json\/wp\/v2\/samplecomfabric?post=38125"},{"taxonomy":"clubroom_product_designer","embeddable":true,"href":"https:\/\/theinvisiblecollection.com\/fr\/wp-json\/wp\/v2\/designer_clubroom?post=38125"}],"curies":[{"name":"wp","href":"https:\/\/api.w.org\/{rel}","templated":true}]}}