{"id":38153,"date":"2017-10-13T00:00:00","date_gmt":"2017-10-12T23:00:00","guid":{"rendered":"https:\/\/www.theinvisiblecollection.com\/product\/gueridon-palmier-rond\/"},"modified":"2026-05-08T04:41:12","modified_gmt":"2026-05-08T04:41:12","slug":"cslb-studio-gueridon-palmier-rond","status":"publish","type":"product","link":"https:\/\/theinvisiblecollection.com\/fr\/produit\/cslb-studio-gueridon-palmier-rond\/","title":{"rendered":"Gu\u00e9ridon Palmier Rond"},"content":{"rendered":"<p style=\"text-align: justify;\">Les gu\u00e9ridons palmiers s&#8217;inspirent pour la forme de l&#8217;arbre du m\u00eame nom, son pied central se d\u00e9veloppe au-del\u00e0 du plateau lui-m\u00eame dont la marqueterie en placage de ch\u00eane des marais rappelle la forme des feuilles qui s&#8217;imbriquent les unes dans les autres cr\u00e9ant ainsi un jeu subtil d&#8217;ombre et et de lumi\u00e8re. M\u00eame s&#8217;il est r\u00e9solument moderne par son m\u00e9lange unique de mati\u00e8res combinant la laque, le laiton et le bois, il est impossible de ne pas y retrouver certains codes esth\u00e9tiques des grands d\u00e9corateurs des ann\u00e9es 40 ainsi qu&#8217;une volont\u00e9 de mettre en avant des savoir faire propre \u00e0 l&#8217;artisanat d&#8217;art.<\/p>\n","protected":false},"excerpt":{"rendered":"<p>Design par CSLB Studio<br \/>\nPied en bois laqu\u00e9 rouge et plateau en marqueterie de ch\u00eane\u00a0des marais<br \/>\nDimensions et mat\u00e9riaux sur-mesure sur demande<\/p>\n<p>\u00d8\u00a042\u00a0x H 58\u00a0cm<\/p>\n<p>R\u00e9alis\u00e9 \u00e0 la main en France<br \/>\nD\u00e9lais de fabrication : 6 semaines<br \/>\n<span style=\"text-decoration: underline;\"><a href=\"https:\/\/www.theinvisiblecollection.com\/fr\/demande-de-devis\/?product_id=38153\" target=\"_blank\" rel=\"noopener noreferrer\">Contactez-nous pour toute demande de devis ou de renseignements<\/a><\/span><\/p>\n","protected":false},"featured_media":74564,"template":"","meta":{"_acf_changed":false,"content-type":"","_themeisle_gutenberg_block_has_review":false},"product_brand":[],"product_cat":[12332,12503],"product_tag":[8855,9066,9405,9406,9407,9408,9430,9431,9432,9433,31477],"product_designer":[8898],"comfabric":[],"manufacturer":[16870],"reporting_designer":[37354],"samplecomfabric":[],"designer_clubroom":[],"class_list":{"0":"post-38153","1":"product","2":"type-product","3":"status-publish","4":"has-post-thumbnail","6":"product_cat-tables-dappoint","7":"product_cat-tables-fr","8":"product_tag-table-fr-3","9":"product_tag-table-basse","10":"product_tag-caroline-sarkozy","11":"product_tag-cslb-fr","12":"product_tag-cslb-studio","13":"product_tag-laurent-bourgeois-fr-2","14":"product_tag-bois-laque-fr","15":"product_tag-gueridon-fr-3","16":"product_tag-rond","17":"product_tag-studio-fr","18":"product_tag-st-curvy-fr","19":"product_designer-cslb-studio-fr","20":"manufacturer-cslb-studio-fr","21":"reporting_designer-cslb-studio","23":"first","24":"instock","25":"taxable","26":"shipping-taxable","27":"purchasable","28":"product-type-simple"},"acf":[],"_links":{"self":[{"href":"https:\/\/theinvisiblecollection.com\/fr\/wp-json\/wp\/v2\/product\/38153","targetHints":{"allow":["GET"]}}],"collection":[{"href":"https:\/\/theinvisiblecollection.com\/fr\/wp-json\/wp\/v2\/product"}],"about":[{"href":"https:\/\/theinvisiblecollection.com\/fr\/wp-json\/wp\/v2\/types\/product"}],"wp:featuredmedia":[{"embeddable":true,"href":"https:\/\/theinvisiblecollection.com\/fr\/wp-json\/wp\/v2\/media\/74564"}],"wp:attachment":[{"href":"https:\/\/theinvisiblecollection.com\/fr\/wp-json\/wp\/v2\/media?parent=38153"}],"wp:term":[{"taxonomy":"product_brand","embeddable":true,"href":"https:\/\/theinvisiblecollection.com\/fr\/wp-json\/wp\/v2\/product_brand?post=38153"},{"taxonomy":"product_cat","embeddable":true,"href":"https:\/\/theinvisiblecollection.com\/fr\/wp-json\/wp\/v2\/product_cat?post=38153"},{"taxonomy":"product_tag","embeddable":true,"href":"https:\/\/theinvisiblecollection.com\/fr\/wp-json\/wp\/v2\/product_tag?post=38153"},{"taxonomy":"product_designer","embeddable":true,"href":"https:\/\/theinvisiblecollection.com\/fr\/wp-json\/wp\/v2\/product_designer?post=38153"},{"taxonomy":"comfabric","embeddable":true,"href":"https:\/\/theinvisiblecollection.com\/fr\/wp-json\/wp\/v2\/comfabric?post=38153"},{"taxonomy":"manufacturer","embeddable":true,"href":"https:\/\/theinvisiblecollection.com\/fr\/wp-json\/wp\/v2\/manufacturer?post=38153"},{"taxonomy":"reporting_designer","embeddable":true,"href":"https:\/\/theinvisiblecollection.com\/fr\/wp-json\/wp\/v2\/reporting_designer?post=38153"},{"taxonomy":"samplecomfabric","embeddable":true,"href":"https:\/\/theinvisiblecollection.com\/fr\/wp-json\/wp\/v2\/samplecomfabric?post=38153"},{"taxonomy":"clubroom_product_designer","embeddable":true,"href":"https:\/\/theinvisiblecollection.com\/fr\/wp-json\/wp\/v2\/designer_clubroom?post=38153"}],"curies":[{"name":"wp","href":"https:\/\/api.w.org\/{rel}","templated":true}]}}