{"id":38202,"date":"2017-12-14T00:00:00","date_gmt":"2017-12-13T23:00:00","guid":{"rendered":"https:\/\/www.theinvisiblecollection.com\/product\/la-table-dappoint-sks01\/"},"modified":"2026-05-01T07:39:57","modified_gmt":"2026-05-01T07:39:57","slug":"louise-liljencrantz-la-table-dappoint-sks01","status":"publish","type":"product","link":"https:\/\/theinvisiblecollection.com\/fr\/produit\/louise-liljencrantz-la-table-dappoint-sks01\/","title":{"rendered":"Table d&#8217;Appoint SKS01 Bois"},"content":{"rendered":"<div class=\"\" style=\"text-align: justify;\">Cr\u00e9er sans compromis demande courage et d\u00e9termination. Louise Liljencrantz et K.F.K maitre \u00e9b\u00e9niste ont cr\u00e9\u00e9 une marque fond\u00e9e sur la passion partag\u00e9e pour l\u2019artisanat de haute facture et l\u2019exigence. Louise Liljencratz a cr\u00e9\u00e9 son bureau d\u2019architecte d\u2019int\u00e9rieur \u00e0 Stockholm en 2009, travaillant aussi bien pour des clients prives que pour des projets immobiliers de premier plan. K.F.K Snickeri est l\u2019un des \u00e9b\u00e9nistes parmi les plus reconnus de Suede, d\u00e9di\u00e9 \u00e0 la r\u00e9alisation de mobilier artisanal. L\u2019id\u00e9e de cr\u00e9er ensemble une nouvelle marque de mobilier est n\u00e9e de leurs longs \u00e9changes sur le design, l\u2019artisanat, les beaux mat\u00e9riaux avec une collection de pi\u00e8ces uniques, une grande attention aux d\u00e9tails et aux proportions. Leur premi\u00e8re collection s&#8217;appelle Seed 0117.<\/div>\n<div class=\"\" style=\"text-align: justify;\"><\/div>\n","protected":false},"excerpt":{"rendered":"<p>SKS01 est une table d&#8217;appoint en noyer sur un pied conique<br \/>\nLa partie sup\u00e9rieure a \u00e9t\u00e9 sculpt\u00e9e \u00e0 la main \u00e0 l&#8217;aide d&#8217;une gouge. L&#8217;ensemble est ensuite cir\u00e9 avec de l&#8217;huile pigment\u00e9e<br \/>\n\u00c9galement disponible en acajou, ch\u00eane et <a href=\"https:\/\/theinvisiblecollection.com\/fr\/produit\/louise-liljencrantz-table-dappoint-sks01\/\" target=\"_blank\" rel=\"noopener\">grafite oro nera<\/a><span style=\"text-decoration: underline;\"><br \/>\n<a href=\"https:\/\/theinvisiblecollection.com\/wp-content\/uploads\/2022\/11\/TheInvisibleCollection_Veermakers_Liljencrantz_WoodSelection_SKS01.jpg\" target=\"_blank\" rel=\"noopener\">D\u00e9couvrez la s\u00e9lection de mat\u00e9riaux ici<\/a><\/span><\/p>\n<p>L 50 x H 43 cm<\/p>\n<p>Fabriqu\u00e9e \u00e0 la main \u00e0 Stockholm, en Su\u00e8de<br \/>\nD\u00e9lais de fabrication : 12 &#8211; 14 semaines<\/p>\n<p class=\"p1\"><span class=\"s1\"><a href=\"https:\/\/www.theinvisiblecollection.com\/fr\/demande-de-devis\/?product_id=38202\">Contactez-nous pour toute demande de devis ou de renseignements<\/a><\/span><\/p>\n","protected":false},"featured_media":1136825,"template":"","meta":{"_acf_changed":false,"content-type":"","_themeisle_gutenberg_block_has_review":false},"product_brand":[],"product_cat":[12332,12503,12514],"product_tag":[9059,9625,10268,11544,22790,31477,35326],"product_designer":[8899],"comfabric":[],"manufacturer":[19801],"reporting_designer":[],"samplecomfabric":[],"designer_clubroom":[],"class_list":{"0":"post-38202","1":"product","2":"type-product","3":"status-publish","4":"has-post-thumbnail","6":"product_cat-tables-dappoint","7":"product_cat-tables-fr","8":"product_cat-tables-de-chevet","9":"product_tag-gueridon-fr-2","10":"product_tag-petite-table-fr","11":"product_tag-louise-liljencrantz-fr-fr","12":"product_tag-tables-irresistibles","13":"product_tag-disponible-immediatement","14":"product_tag-st-curvy-fr","15":"product_tag-st-scandinavian-fr","16":"product_designer-veermakers-par-louise-liljencrantz-fr","17":"manufacturer-spedman-global-logistics-ab-fr","19":"first","20":"instock","21":"taxable","22":"shipping-taxable","23":"purchasable","24":"product-type-variable"},"acf":[],"_links":{"self":[{"href":"https:\/\/theinvisiblecollection.com\/fr\/wp-json\/wp\/v2\/product\/38202","targetHints":{"allow":["GET"]}}],"collection":[{"href":"https:\/\/theinvisiblecollection.com\/fr\/wp-json\/wp\/v2\/product"}],"about":[{"href":"https:\/\/theinvisiblecollection.com\/fr\/wp-json\/wp\/v2\/types\/product"}],"wp:featuredmedia":[{"embeddable":true,"href":"https:\/\/theinvisiblecollection.com\/fr\/wp-json\/wp\/v2\/media\/1136825"}],"wp:attachment":[{"href":"https:\/\/theinvisiblecollection.com\/fr\/wp-json\/wp\/v2\/media?parent=38202"}],"wp:term":[{"taxonomy":"product_brand","embeddable":true,"href":"https:\/\/theinvisiblecollection.com\/fr\/wp-json\/wp\/v2\/product_brand?post=38202"},{"taxonomy":"product_cat","embeddable":true,"href":"https:\/\/theinvisiblecollection.com\/fr\/wp-json\/wp\/v2\/product_cat?post=38202"},{"taxonomy":"product_tag","embeddable":true,"href":"https:\/\/theinvisiblecollection.com\/fr\/wp-json\/wp\/v2\/product_tag?post=38202"},{"taxonomy":"product_designer","embeddable":true,"href":"https:\/\/theinvisiblecollection.com\/fr\/wp-json\/wp\/v2\/product_designer?post=38202"},{"taxonomy":"comfabric","embeddable":true,"href":"https:\/\/theinvisiblecollection.com\/fr\/wp-json\/wp\/v2\/comfabric?post=38202"},{"taxonomy":"manufacturer","embeddable":true,"href":"https:\/\/theinvisiblecollection.com\/fr\/wp-json\/wp\/v2\/manufacturer?post=38202"},{"taxonomy":"reporting_designer","embeddable":true,"href":"https:\/\/theinvisiblecollection.com\/fr\/wp-json\/wp\/v2\/reporting_designer?post=38202"},{"taxonomy":"samplecomfabric","embeddable":true,"href":"https:\/\/theinvisiblecollection.com\/fr\/wp-json\/wp\/v2\/samplecomfabric?post=38202"},{"taxonomy":"clubroom_product_designer","embeddable":true,"href":"https:\/\/theinvisiblecollection.com\/fr\/wp-json\/wp\/v2\/designer_clubroom?post=38202"}],"curies":[{"name":"wp","href":"https:\/\/api.w.org\/{rel}","templated":true}]}}