{"id":38261,"date":"2016-05-06T00:00:00","date_gmt":"2016-05-06T00:00:00","guid":{"rendered":"https:\/\/www.theinvisiblecollection.com\/product\/lampadaire-pavillon\/"},"modified":"2026-05-01T07:39:57","modified_gmt":"2026-05-01T07:39:57","slug":"cslb-studio-lampadaire-pavillon","status":"publish","type":"product","link":"https:\/\/theinvisiblecollection.com\/fr\/produit\/cslb-studio-lampadaire-pavillon\/","title":{"rendered":"Lampadaire Pavillon"},"content":{"rendered":"<p style=\"text-align: justify;\">Les lampes (et les vases) CSLB Studio utilisent le cristal de verre d\u00e9velopp\u00e9 dans leur atelier. Ce cristal de verre opalin, proche de l&#8217;alb\u00e2tre, diffuse et adoucit la lumi\u00e8re d&#8217;une mani\u00e8re unique. Ce totem lumineux est \u00e9quip\u00e9 d&#8217;une tige en bronze et surmont\u00e9 d&#8217;une sph\u00e8re en verre souffl\u00e9 \u00e0 la bouche, presque comme une balise d\u00e9corative. V\u00e9ritable totem lumineux, ce lampadaire \u00e9quip\u00e9 d&#8217;une tige en bronze coiff\u00e9e d&#8217;une sph\u00e8re en verre souffl\u00e9, fonctionne comme une balise d\u00e9corative dans l&#8217;espace.<\/p>\n","protected":false},"excerpt":{"rendered":"<p>Design par CSLB Studio<br \/>\nBronze et cristal blanc souffl\u00e9 \u00e0 la bouche<br \/>\nBronze sur-mesure sur demande<br \/>\nAmpoule E27 incluse, 40W<br \/>\nDimmable<\/p>\n<p>\u2205 28 x H 175 cm<\/p>\n<p>R\u00e9alis\u00e9 \u00e0 la main en France<br \/>\nD\u00e9lais de fabrication : 8 &#8211; 12 semaines<\/p>\n<p><span style=\"text-decoration: underline;\"><a href=\"https:\/\/www.theinvisiblecollection.com\/fr\/demande-de-devis\/?product_id=38261\" target=\"_blank\" rel=\"noopener noreferrer\">Contactez-nous pour toute demande de devis ou de renseignements<\/a><\/span><\/p>\n","protected":false},"featured_media":88172,"template":"","meta":{"_acf_changed":false,"content-type":"","_themeisle_gutenberg_block_has_review":false},"product_brand":[],"product_cat":[8966,12507],"product_tag":[9038,9048,9200,9405,9406,9407,9449],"product_designer":[8898],"comfabric":[],"manufacturer":[16870],"reporting_designer":[37354],"samplecomfabric":[],"designer_clubroom":[],"class_list":{"0":"post-38261","1":"product","2":"type-product","3":"status-publish","4":"has-post-thumbnail","6":"product_cat-lampes-sur-pied","7":"product_cat-luminaires","8":"product_tag-lampadaire","9":"product_tag-lampe","10":"product_tag-luminaire-fr-2","11":"product_tag-caroline-sarkozy","12":"product_tag-cslb-fr","13":"product_tag-cslb-studio","14":"product_tag-laurent-bourgois-fr","15":"pa_finish-bronze-dore-fr","16":"pa_finish-bronze-medaille-fr","17":"product_designer-cslb-studio-fr","18":"manufacturer-cslb-studio-fr","19":"reporting_designer-cslb-studio","21":"first","22":"instock","23":"taxable","24":"shipping-taxable","25":"purchasable","26":"product-type-variable"},"acf":[],"_links":{"self":[{"href":"https:\/\/theinvisiblecollection.com\/fr\/wp-json\/wp\/v2\/product\/38261","targetHints":{"allow":["GET"]}}],"collection":[{"href":"https:\/\/theinvisiblecollection.com\/fr\/wp-json\/wp\/v2\/product"}],"about":[{"href":"https:\/\/theinvisiblecollection.com\/fr\/wp-json\/wp\/v2\/types\/product"}],"wp:featuredmedia":[{"embeddable":true,"href":"https:\/\/theinvisiblecollection.com\/fr\/wp-json\/wp\/v2\/media\/88172"}],"wp:attachment":[{"href":"https:\/\/theinvisiblecollection.com\/fr\/wp-json\/wp\/v2\/media?parent=38261"}],"wp:term":[{"taxonomy":"product_brand","embeddable":true,"href":"https:\/\/theinvisiblecollection.com\/fr\/wp-json\/wp\/v2\/product_brand?post=38261"},{"taxonomy":"product_cat","embeddable":true,"href":"https:\/\/theinvisiblecollection.com\/fr\/wp-json\/wp\/v2\/product_cat?post=38261"},{"taxonomy":"product_tag","embeddable":true,"href":"https:\/\/theinvisiblecollection.com\/fr\/wp-json\/wp\/v2\/product_tag?post=38261"},{"taxonomy":"product_designer","embeddable":true,"href":"https:\/\/theinvisiblecollection.com\/fr\/wp-json\/wp\/v2\/product_designer?post=38261"},{"taxonomy":"comfabric","embeddable":true,"href":"https:\/\/theinvisiblecollection.com\/fr\/wp-json\/wp\/v2\/comfabric?post=38261"},{"taxonomy":"manufacturer","embeddable":true,"href":"https:\/\/theinvisiblecollection.com\/fr\/wp-json\/wp\/v2\/manufacturer?post=38261"},{"taxonomy":"reporting_designer","embeddable":true,"href":"https:\/\/theinvisiblecollection.com\/fr\/wp-json\/wp\/v2\/reporting_designer?post=38261"},{"taxonomy":"samplecomfabric","embeddable":true,"href":"https:\/\/theinvisiblecollection.com\/fr\/wp-json\/wp\/v2\/samplecomfabric?post=38261"},{"taxonomy":"clubroom_product_designer","embeddable":true,"href":"https:\/\/theinvisiblecollection.com\/fr\/wp-json\/wp\/v2\/designer_clubroom?post=38261"}],"curies":[{"name":"wp","href":"https:\/\/api.w.org\/{rel}","templated":true}]}}