{"id":3828353,"date":"2023-09-18T09:58:29","date_gmt":"2023-09-18T08:58:29","guid":{"rendered":"https:\/\/theinvisiblecollection.com\/?post_type=product&#038;p=3828353"},"modified":"2026-05-01T07:37:59","modified_gmt":"2026-05-01T07:37:59","slug":"lesage-interieurs-coussin-scarabee-d-or","status":"publish","type":"product","link":"https:\/\/theinvisiblecollection.com\/fr\/produit\/lesage-interieurs-coussin-scarabee-d-or\/","title":{"rendered":"Coussin Scarab\u00e9e D&#8217;Or"},"content":{"rendered":"<p>Brod\u00e9 de cannetille et de fils de soie, le coussin scarab\u00e9e semble tout doit sorti du cabinet d&#8217;un naturaliste.<\/p>\n","protected":false},"excerpt":{"rendered":"<p>Canap\u00e9 tapiss\u00e9 ici dans un tissu sur-mesure<br \/>\nDisponible en tissu Bisson Bruneel, Bergamo<br \/>\n<a href=\"https:\/\/theinvisiblecollection.com\/wp-content\/uploads\/2022\/10\/TheInvisibleCollection_Thierry_Lemaire_Fabric_Selection_Bergamo.pdf\" target=\"_blank\" rel=\"noopener\"><span style=\"text-decoration: underline;\">D\u00e9couvrez la s\u00e9lection de tissus ici<\/span><\/a><br \/>\nBase en laiton poli, cuivre bross\u00e9 ou aluminium poli<br \/>\nTissus et dimensions sur-mesure sur demande<\/p>\n<p>Disponible en quatre dimensions standard :<br \/>\nL 240 x L 93 x H 74 cm<br \/>\n\u00c9galement en L 260, L 300 et L 340<br \/>\nHauteur d&#8217;assise : 40 cm<br \/>\nTissu requis pour L 240 : 10.5 m<br \/>\nTissu requis pour L 260 : 13 m<br \/>\nTissu requis pour L 300 : 13.5 m<br \/>\nTissu requis pour L 340 : 17.5 m<\/p>\n<p>Fabriqu\u00e9 \u00e0 la main en France<br \/>\nD\u00e9lais de production : 14 &#8211; 16 semaines<\/p>\n<p class=\"p1\"><span style=\"text-decoration: underline;\"><span class=\"s1\"><a href=\"https:\/\/www.theinvisiblecollection.com\/fr\/contact-produit\/?product_id=38795\">Contactez-nous pour toute demande de devis ou de renseignements<\/a><\/span><\/span><\/p>\n","protected":false},"featured_media":5836761,"template":"","meta":{"_acf_changed":false,"content-type":"","_themeisle_gutenberg_block_has_review":false},"product_brand":[],"product_cat":[12530,19992,7517],"product_tag":[31474],"product_designer":[21702],"comfabric":[],"manufacturer":[21700],"reporting_designer":[37427],"samplecomfabric":[],"designer_clubroom":[],"class_list":{"0":"post-3828353","1":"product","2":"type-product","3":"status-publish","4":"has-post-thumbnail","6":"product_cat-coussins-plaids","7":"product_cat-coussins","8":"product_cat-deco-fr","9":"product_tag-co-white-fr","10":"pa_cushions-avec-remplissage","11":"pa_cushions-sans-remplissage","12":"product_designer-lesage-intrieurs-fr","13":"manufacturer-lesage-intrieurs-fr","14":"reporting_designer-lesage-interieurs","16":"first","17":"instock","18":"featured","19":"taxable","20":"shipping-taxable","21":"purchasable","22":"product-type-variable"},"acf":[],"_links":{"self":[{"href":"https:\/\/theinvisiblecollection.com\/fr\/wp-json\/wp\/v2\/product\/3828353","targetHints":{"allow":["GET"]}}],"collection":[{"href":"https:\/\/theinvisiblecollection.com\/fr\/wp-json\/wp\/v2\/product"}],"about":[{"href":"https:\/\/theinvisiblecollection.com\/fr\/wp-json\/wp\/v2\/types\/product"}],"wp:featuredmedia":[{"embeddable":true,"href":"https:\/\/theinvisiblecollection.com\/fr\/wp-json\/wp\/v2\/media\/5836761"}],"wp:attachment":[{"href":"https:\/\/theinvisiblecollection.com\/fr\/wp-json\/wp\/v2\/media?parent=3828353"}],"wp:term":[{"taxonomy":"product_brand","embeddable":true,"href":"https:\/\/theinvisiblecollection.com\/fr\/wp-json\/wp\/v2\/product_brand?post=3828353"},{"taxonomy":"product_cat","embeddable":true,"href":"https:\/\/theinvisiblecollection.com\/fr\/wp-json\/wp\/v2\/product_cat?post=3828353"},{"taxonomy":"product_tag","embeddable":true,"href":"https:\/\/theinvisiblecollection.com\/fr\/wp-json\/wp\/v2\/product_tag?post=3828353"},{"taxonomy":"product_designer","embeddable":true,"href":"https:\/\/theinvisiblecollection.com\/fr\/wp-json\/wp\/v2\/product_designer?post=3828353"},{"taxonomy":"comfabric","embeddable":true,"href":"https:\/\/theinvisiblecollection.com\/fr\/wp-json\/wp\/v2\/comfabric?post=3828353"},{"taxonomy":"manufacturer","embeddable":true,"href":"https:\/\/theinvisiblecollection.com\/fr\/wp-json\/wp\/v2\/manufacturer?post=3828353"},{"taxonomy":"reporting_designer","embeddable":true,"href":"https:\/\/theinvisiblecollection.com\/fr\/wp-json\/wp\/v2\/reporting_designer?post=3828353"},{"taxonomy":"samplecomfabric","embeddable":true,"href":"https:\/\/theinvisiblecollection.com\/fr\/wp-json\/wp\/v2\/samplecomfabric?post=3828353"},{"taxonomy":"clubroom_product_designer","embeddable":true,"href":"https:\/\/theinvisiblecollection.com\/fr\/wp-json\/wp\/v2\/designer_clubroom?post=3828353"}],"curies":[{"name":"wp","href":"https:\/\/api.w.org\/{rel}","templated":true}]}}