{"id":38293,"date":"2019-05-23T00:00:00","date_gmt":"2019-05-23T00:00:00","guid":{"rendered":"https:\/\/www.theinvisiblecollection.com\/product\/lampe-bruchi\/"},"modified":"2026-05-01T07:39:57","modified_gmt":"2026-05-01T07:39:57","slug":"lampe-bruchi","status":"publish","type":"product","link":"https:\/\/theinvisiblecollection.com\/fr\/produit\/lampe-bruchi\/","title":{"rendered":"Lampe Bruchi"},"content":{"rendered":"","protected":false},"excerpt":{"rendered":"<p>Design par\u00a0Niko Koronis<br \/>\nSur l\u2019image, lampe disponible en deux mat\u00e9riaux: marbre Verde Guatemala et Rosso Levanto<br \/>\nAmpoules LED incluses, 36W<br \/>\n\u00c9lectrification adapt\u00e9e aux \u00c9tats-Unis, au Royaume-Uni, \u00e0 l\u2019Europe et au monde entier avec un adaptateur<br \/>\nAdaptateur AC-DC fourni pour le pays de votre choix<br \/>\nDimensions et mat\u00e9riaux sur-mesure sur demande<\/p>\n<p>L 10 x l 39 x H 37.5 cm<\/p>\n<p>R\u00e9alis\u00e9 \u00e0 la main en Italie<br \/>\nD\u00e9lais de production : 8 semaines<\/p>\n<p><span style=\"text-decoration: underline;\"><a href=\"https:\/\/www.theinvisiblecollection.com\/fr\/demande-de-devis\/?product_id=38293\">Contactez-nous pour toute demande de devis ou de renseignements<\/a><\/span><\/p>\n","protected":false},"featured_media":81062,"template":"","meta":{"_acf_changed":false,"content-type":"","_themeisle_gutenberg_block_has_review":false},"product_brand":[],"product_cat":[8974,12507],"product_tag":[8993,9016,9030,9048,10401,10872,10879,31474],"product_designer":[8892],"comfabric":[],"manufacturer":[16732],"reporting_designer":[37664],"samplecomfabric":[],"designer_clubroom":[],"class_list":{"0":"post-38293","1":"product","2":"type-product","3":"status-publish","4":"has-post-thumbnail","6":"product_cat-lampes-de-table","7":"product_cat-luminaires","8":"product_tag-salon","9":"product_tag-chambre-fr-2","10":"product_tag-marbre-fr-2","11":"product_tag-lampe","12":"product_tag-mmairo","13":"product_tag-niko-koronis-fr","14":"product_tag-verde-guatemala-fr-2","15":"product_tag-co-white-fr","16":"product_designer-mmairo-fr","17":"manufacturer-mmairo-fr","18":"reporting_designer-mmairo","20":"first","21":"instock","22":"taxable","23":"shipping-taxable","24":"purchasable","25":"product-type-variable"},"acf":[],"_links":{"self":[{"href":"https:\/\/theinvisiblecollection.com\/fr\/wp-json\/wp\/v2\/product\/38293","targetHints":{"allow":["GET"]}}],"collection":[{"href":"https:\/\/theinvisiblecollection.com\/fr\/wp-json\/wp\/v2\/product"}],"about":[{"href":"https:\/\/theinvisiblecollection.com\/fr\/wp-json\/wp\/v2\/types\/product"}],"wp:featuredmedia":[{"embeddable":true,"href":"https:\/\/theinvisiblecollection.com\/fr\/wp-json\/wp\/v2\/media\/81062"}],"wp:attachment":[{"href":"https:\/\/theinvisiblecollection.com\/fr\/wp-json\/wp\/v2\/media?parent=38293"}],"wp:term":[{"taxonomy":"product_brand","embeddable":true,"href":"https:\/\/theinvisiblecollection.com\/fr\/wp-json\/wp\/v2\/product_brand?post=38293"},{"taxonomy":"product_cat","embeddable":true,"href":"https:\/\/theinvisiblecollection.com\/fr\/wp-json\/wp\/v2\/product_cat?post=38293"},{"taxonomy":"product_tag","embeddable":true,"href":"https:\/\/theinvisiblecollection.com\/fr\/wp-json\/wp\/v2\/product_tag?post=38293"},{"taxonomy":"product_designer","embeddable":true,"href":"https:\/\/theinvisiblecollection.com\/fr\/wp-json\/wp\/v2\/product_designer?post=38293"},{"taxonomy":"comfabric","embeddable":true,"href":"https:\/\/theinvisiblecollection.com\/fr\/wp-json\/wp\/v2\/comfabric?post=38293"},{"taxonomy":"manufacturer","embeddable":true,"href":"https:\/\/theinvisiblecollection.com\/fr\/wp-json\/wp\/v2\/manufacturer?post=38293"},{"taxonomy":"reporting_designer","embeddable":true,"href":"https:\/\/theinvisiblecollection.com\/fr\/wp-json\/wp\/v2\/reporting_designer?post=38293"},{"taxonomy":"samplecomfabric","embeddable":true,"href":"https:\/\/theinvisiblecollection.com\/fr\/wp-json\/wp\/v2\/samplecomfabric?post=38293"},{"taxonomy":"clubroom_product_designer","embeddable":true,"href":"https:\/\/theinvisiblecollection.com\/fr\/wp-json\/wp\/v2\/designer_clubroom?post=38293"}],"curies":[{"name":"wp","href":"https:\/\/api.w.org\/{rel}","templated":true}]}}