{"id":38298,"date":"2016-05-06T00:00:00","date_gmt":"2016-05-06T00:00:00","guid":{"rendered":"https:\/\/www.theinvisiblecollection.com\/product\/lampe-cordage\/"},"modified":"2026-05-08T04:41:09","modified_gmt":"2026-05-08T04:41:09","slug":"cslb-studio-lampe-cordage","status":"publish","type":"product","link":"https:\/\/theinvisiblecollection.com\/fr\/produit\/cslb-studio-lampe-cordage\/","title":{"rendered":"Lampe Cordage"},"content":{"rendered":"<p style=\"text-align: justify;\">O\u00f9 s&#8217;inspirent Caroline Sarkozy et Laurent Bourgois ? Nous leur avons parl\u00e9 de la lampe Cordage, une magnifique pi\u00e8ce originale : &#8220;c&#8217;est un hommage au travail de Gio Ponti. Elle marque \u00e0 la fois notre volont\u00e9 de nous souvenir de l&#8217;histoire du design et notre go\u00fbt pour une modernit\u00e9 raffin\u00e9e et classique. Nous aimions associer la douceur du pl\u00e2tre \u00e0 la texture translucide du cristal souffl\u00e9 poli \u00e0 la main. La lampe rayonne d&#8217;une \u00e9l\u00e9gance absolue, \u00e0 l&#8217;image des bagues empil\u00e9es port\u00e9es par les femmes massa\u00efs&#8221;.<\/p>\n","protected":false},"excerpt":{"rendered":"<p>Design par CSLB Studio en hommage \u00e0 Gio Ponti<br \/>\nLaiton, pl\u00e2tre et cristal souffl\u00e9 \u00e0 la bouche<br \/>\nFinition laiton sur-mesure sur demande<br \/>\nAmpoule E14 incluse, 40W<br \/>\nDimmable<\/p>\n<p>Deux dimensions sont disponibles :<br \/>\nSmall : \u00d8 20 x H 45,5 cm<br \/>\nMedium\u00a0: \u00d8\u00a020\u00a0x H 60\u00a0cm<\/p>\n<p>R\u00e9alis\u00e9e \u00e0 la main en France<br \/>\nD\u00e9lais de fabrication : 8 &#8211; 12 semaines<\/p>\n<p><span style=\"text-decoration: underline;\"><a href=\"https:\/\/www.theinvisiblecollection.com\/fr\/demande-de-devis\/?product_id=38298\" target=\"_blank\" rel=\"noopener noreferrer\">Contactez-nous pour toute demande de devis ou de renseignements<\/a><br \/>\n<\/span><\/p>\n","protected":false},"featured_media":80046,"template":"","meta":{"_acf_changed":false,"content-type":"","_themeisle_gutenberg_block_has_review":false},"product_brand":[],"product_cat":[8974,12507,13076],"product_tag":[9406,9407,9408,10355,12734,8993,9006,9038,9048,9200,9404,9405],"product_designer":[8898],"comfabric":[],"manufacturer":[16870],"reporting_designer":[37354],"samplecomfabric":[],"designer_clubroom":[],"class_list":{"0":"post-38298","1":"product","2":"type-product","3":"status-publish","4":"has-post-thumbnail","6":"product_cat-lampes-de-table","7":"product_cat-luminaires","8":"product_cat-bureau-a-la-maison","9":"product_tag-cslb-fr","10":"product_tag-cslb-studio","11":"product_tag-laurent-bourgeois-fr-2","12":"product_tag-iconique","13":"product_tag-superstar-fr","14":"product_tag-salon","15":"product_tag-st-moritz-fr-3","16":"product_tag-lampadaire","17":"product_tag-lampe","18":"product_tag-luminaire-fr-2","19":"product_tag-wishlist","20":"product_tag-caroline-sarkozy","21":"pa_size-moyen","22":"pa_size-petit-fr","23":"product_designer-cslb-studio-fr","24":"manufacturer-cslb-studio-fr","25":"reporting_designer-cslb-studio","27":"first","28":"instock","29":"taxable","30":"shipping-taxable","31":"purchasable","32":"product-type-variable"},"acf":[],"_links":{"self":[{"href":"https:\/\/theinvisiblecollection.com\/fr\/wp-json\/wp\/v2\/product\/38298","targetHints":{"allow":["GET"]}}],"collection":[{"href":"https:\/\/theinvisiblecollection.com\/fr\/wp-json\/wp\/v2\/product"}],"about":[{"href":"https:\/\/theinvisiblecollection.com\/fr\/wp-json\/wp\/v2\/types\/product"}],"wp:featuredmedia":[{"embeddable":true,"href":"https:\/\/theinvisiblecollection.com\/fr\/wp-json\/wp\/v2\/media\/80046"}],"wp:attachment":[{"href":"https:\/\/theinvisiblecollection.com\/fr\/wp-json\/wp\/v2\/media?parent=38298"}],"wp:term":[{"taxonomy":"product_brand","embeddable":true,"href":"https:\/\/theinvisiblecollection.com\/fr\/wp-json\/wp\/v2\/product_brand?post=38298"},{"taxonomy":"product_cat","embeddable":true,"href":"https:\/\/theinvisiblecollection.com\/fr\/wp-json\/wp\/v2\/product_cat?post=38298"},{"taxonomy":"product_tag","embeddable":true,"href":"https:\/\/theinvisiblecollection.com\/fr\/wp-json\/wp\/v2\/product_tag?post=38298"},{"taxonomy":"product_designer","embeddable":true,"href":"https:\/\/theinvisiblecollection.com\/fr\/wp-json\/wp\/v2\/product_designer?post=38298"},{"taxonomy":"comfabric","embeddable":true,"href":"https:\/\/theinvisiblecollection.com\/fr\/wp-json\/wp\/v2\/comfabric?post=38298"},{"taxonomy":"manufacturer","embeddable":true,"href":"https:\/\/theinvisiblecollection.com\/fr\/wp-json\/wp\/v2\/manufacturer?post=38298"},{"taxonomy":"reporting_designer","embeddable":true,"href":"https:\/\/theinvisiblecollection.com\/fr\/wp-json\/wp\/v2\/reporting_designer?post=38298"},{"taxonomy":"samplecomfabric","embeddable":true,"href":"https:\/\/theinvisiblecollection.com\/fr\/wp-json\/wp\/v2\/samplecomfabric?post=38298"},{"taxonomy":"clubroom_product_designer","embeddable":true,"href":"https:\/\/theinvisiblecollection.com\/fr\/wp-json\/wp\/v2\/designer_clubroom?post=38298"}],"curies":[{"name":"wp","href":"https:\/\/api.w.org\/{rel}","templated":true}]}}