{"id":3831822,"date":"2023-09-18T15:34:32","date_gmt":"2023-09-18T14:34:32","guid":{"rendered":"https:\/\/theinvisiblecollection.com\/?post_type=product&#038;p=3831822"},"modified":"2026-05-01T07:37:59","modified_gmt":"2026-05-01T07:37:59","slug":"louise-liljencrantz-table-cafe-eight","status":"publish","type":"product","link":"https:\/\/theinvisiblecollection.com\/fr\/produit\/louise-liljencrantz-table-cafe-eight\/","title":{"rendered":"Table Caf\u00e9 Eight"},"content":{"rendered":"<p style=\"text-align: justify;\">La table d&#8217;appoint Eight fait partie d&#8217;une collection inspir\u00e9e et dont le nom \u00e9voque le billard \u00e0 huit boules. Tout comme ce jeu, elle est soigneusement con\u00e7ue avec une pr\u00e9cision extr\u00eame jusque dans les moindres d\u00e9tails. Sa forte pr\u00e9sence d\u00e9finie par des proportions bien \u00e9quilibr\u00e9es ne passe jamais inaper\u00e7ue sans pour autant absorber toute l&#8217;attention d\u2019une pi\u00e8ce. Cette \u00e9l\u00e9gante table d&#8217;appoint est fabriqu\u00e9e en acier br\u00fbl\u00e9 \u00e0 l&#8217;huile de lin, puis bross\u00e9 et oxyd\u00e9 en noir donnant une impression d&#8217;artisanat vivant et un caract\u00e8re unique.<\/p>\n","protected":false},"excerpt":{"rendered":"<p>Table d&#8217;appoint avec pi\u00e8tement en acier noir artisanal<br \/>\nPlateau en Pierre quartzite infini<\/p>\n<p>\u00d8 60 x H 62 cm<br \/>\nDisponible \u00e9galement en version <span style=\"text-decoration: underline;\"><a href=\"https:\/\/theinvisiblecollection.com\/fr\/produit\/louise-liljencrantz-petite-table-dappoint-eight\/\" target=\"_blank\" rel=\"noopener\">petite table d&#8217;appoint<\/a><\/span> et <span style=\"text-decoration: underline;\"><a href=\"https:\/\/theinvisiblecollection.com\/fr\/produit\/louise-liljencrantz-table-eight\/\" target=\"_blank\" rel=\"noopener\">table<\/a><\/span><\/p>\n<p>Fabriqu\u00e9e \u00e0 la main \u00e0 Stockholm, en Su\u00e8de<br \/>\nD\u00e9lais de fabrication : 12 &#8211; 14 semaines<\/p>\n<p class=\"p1\"><span style=\"text-decoration: underline;\"><span class=\"s1\"><a href=\"https:\/\/www.theinvisiblecollection.com\/fr\/demande-de-devis\/?product_id=73003\">Contactez-nous pour toute demande de devis ou de renseignements<\/a><\/span><\/span><\/p>\n","protected":false},"featured_media":3832263,"template":"","meta":{"_acf_changed":false,"content-type":"","_themeisle_gutenberg_block_has_review":false},"product_brand":[],"product_cat":[12332,12503,12514],"product_tag":[9059,9625,10268,12464,35326],"product_designer":[8899],"comfabric":[],"manufacturer":[16728],"reporting_designer":[],"samplecomfabric":[],"designer_clubroom":[],"class_list":{"0":"post-3831822","1":"product","2":"type-product","3":"status-publish","4":"has-post-thumbnail","6":"product_cat-tables-dappoint","7":"product_cat-tables-fr","8":"product_cat-tables-de-chevet","9":"product_tag-gueridon-fr-2","10":"product_tag-petite-table-fr","11":"product_tag-louise-liljencrantz-fr-fr","12":"product_tag-liljencrantz-fr","13":"product_tag-st-scandinavian-fr","14":"product_designer-veermakers-par-louise-liljencrantz-fr","15":"manufacturer-louise-liljencrantz-fr","17":"first","18":"instock","19":"taxable","20":"shipping-taxable","21":"purchasable","22":"product-type-simple"},"acf":[],"_links":{"self":[{"href":"https:\/\/theinvisiblecollection.com\/fr\/wp-json\/wp\/v2\/product\/3831822","targetHints":{"allow":["GET"]}}],"collection":[{"href":"https:\/\/theinvisiblecollection.com\/fr\/wp-json\/wp\/v2\/product"}],"about":[{"href":"https:\/\/theinvisiblecollection.com\/fr\/wp-json\/wp\/v2\/types\/product"}],"wp:featuredmedia":[{"embeddable":true,"href":"https:\/\/theinvisiblecollection.com\/fr\/wp-json\/wp\/v2\/media\/3832263"}],"wp:attachment":[{"href":"https:\/\/theinvisiblecollection.com\/fr\/wp-json\/wp\/v2\/media?parent=3831822"}],"wp:term":[{"taxonomy":"product_brand","embeddable":true,"href":"https:\/\/theinvisiblecollection.com\/fr\/wp-json\/wp\/v2\/product_brand?post=3831822"},{"taxonomy":"product_cat","embeddable":true,"href":"https:\/\/theinvisiblecollection.com\/fr\/wp-json\/wp\/v2\/product_cat?post=3831822"},{"taxonomy":"product_tag","embeddable":true,"href":"https:\/\/theinvisiblecollection.com\/fr\/wp-json\/wp\/v2\/product_tag?post=3831822"},{"taxonomy":"product_designer","embeddable":true,"href":"https:\/\/theinvisiblecollection.com\/fr\/wp-json\/wp\/v2\/product_designer?post=3831822"},{"taxonomy":"comfabric","embeddable":true,"href":"https:\/\/theinvisiblecollection.com\/fr\/wp-json\/wp\/v2\/comfabric?post=3831822"},{"taxonomy":"manufacturer","embeddable":true,"href":"https:\/\/theinvisiblecollection.com\/fr\/wp-json\/wp\/v2\/manufacturer?post=3831822"},{"taxonomy":"reporting_designer","embeddable":true,"href":"https:\/\/theinvisiblecollection.com\/fr\/wp-json\/wp\/v2\/reporting_designer?post=3831822"},{"taxonomy":"samplecomfabric","embeddable":true,"href":"https:\/\/theinvisiblecollection.com\/fr\/wp-json\/wp\/v2\/samplecomfabric?post=3831822"},{"taxonomy":"clubroom_product_designer","embeddable":true,"href":"https:\/\/theinvisiblecollection.com\/fr\/wp-json\/wp\/v2\/designer_clubroom?post=3831822"}],"curies":[{"name":"wp","href":"https:\/\/api.w.org\/{rel}","templated":true}]}}