{"id":38320,"date":"2019-01-11T00:00:00","date_gmt":"2019-01-10T23:00:00","guid":{"rendered":"https:\/\/www.theinvisiblecollection.com\/product\/lampe-de-table-marie\/"},"modified":"2026-05-01T07:39:57","modified_gmt":"2026-05-01T07:39:57","slug":"haymann-editions-lampe-de-table-marie","status":"publish","type":"product","link":"https:\/\/theinvisiblecollection.com\/fr\/produit\/haymann-editions-lampe-de-table-marie\/","title":{"rendered":"Lampe De Table Marie Marbre"},"content":{"rendered":"<p style=\"text-align: justify;\">Taill\u00e9e dans la marbre, cette lampe de table aux courbes simples et sensuelles sublime avant tout la mati\u00e8re. Sa forme min\u00e9rale \u00e9voque celle d\u2019un champignon. Toni Grilo livre ici une pi\u00e8ce intemporelle destin\u00e9e \u00e0 devenir un classique de la collection et pourquoi pas plus g\u00e9n\u00e9ralement du design.<\/p>\n","protected":false},"excerpt":{"rendered":"<p>Dessin\u00e9e par Toni Grilo<br \/>\nLampe de table en marbre de Carrare<br \/>\n\u00c9galement disponible en <a href=\"https:\/\/theinvisiblecollection.com\/fr\/produit\/haymann-editions-lampe-de-table-marie-liege-brule\/\" target=\"_blank\" rel=\"noopener\"><span style=\"text-decoration: underline;\">li\u00e8ge br\u00fbl\u00e9<\/span><\/a> ou <a href=\"https:\/\/theinvisiblecollection.com\/produit\/haymann-editions-marie-table-lamp-aluminium\/\" target=\"_blank\" rel=\"noopener\"><span style=\"text-decoration: underline;\">aluminium massif<\/span><\/a> tourn\u00e9 et poli<br \/>\nLampe en marbre et aluminium avec plaque led 220\/110 V<br \/>\nLampe en li\u00e8ge avec cercle T5<\/p>\n<p>\u00d8 31 x H 26 cm<\/p>\n<p>Fabriqu\u00e9e \u00e0 la main en France<br \/>\nD\u00e9lais de fabrication : 8 semaines<\/p>\n<p><span style=\"text-decoration: underline;\"><a href=\"https:\/\/www.theinvisiblecollection.com\/fr\/demande-de-devis\/?product_id=38320\" target=\"_blank\" rel=\"noopener\">Contactez-nous pour toute demande de devis ou de renseignement<\/a><\/span><\/p>\n","protected":false},"featured_media":114415,"template":"","meta":{"_acf_changed":false,"content-type":"","_themeisle_gutenberg_block_has_review":false},"product_brand":[],"product_cat":[8974,12507,13076,16319],"product_tag":[9030,9048,9049,9200],"product_designer":[8919],"comfabric":[],"manufacturer":[20661],"reporting_designer":[37274],"samplecomfabric":[],"designer_clubroom":[],"class_list":{"0":"post-38320","1":"product","2":"type-product","3":"status-publish","4":"has-post-thumbnail","6":"product_cat-lampes-de-table","7":"product_cat-luminaires","8":"product_cat-bureau-a-la-maison","9":"product_cat-cartes-cadeaux","10":"product_tag-marbre-fr-2","11":"product_tag-lampe","12":"product_tag-lampe-de-table","13":"product_tag-luminaire-fr-2","14":"product_designer-haymann-editions-fr","15":"manufacturer-22-service-fr","16":"reporting_designer-haymann-editions","18":"first","19":"instock","20":"taxable","21":"shipping-taxable","22":"purchasable","23":"product-type-variable"},"acf":[],"_links":{"self":[{"href":"https:\/\/theinvisiblecollection.com\/fr\/wp-json\/wp\/v2\/product\/38320","targetHints":{"allow":["GET"]}}],"collection":[{"href":"https:\/\/theinvisiblecollection.com\/fr\/wp-json\/wp\/v2\/product"}],"about":[{"href":"https:\/\/theinvisiblecollection.com\/fr\/wp-json\/wp\/v2\/types\/product"}],"wp:featuredmedia":[{"embeddable":true,"href":"https:\/\/theinvisiblecollection.com\/fr\/wp-json\/wp\/v2\/media\/114415"}],"wp:attachment":[{"href":"https:\/\/theinvisiblecollection.com\/fr\/wp-json\/wp\/v2\/media?parent=38320"}],"wp:term":[{"taxonomy":"product_brand","embeddable":true,"href":"https:\/\/theinvisiblecollection.com\/fr\/wp-json\/wp\/v2\/product_brand?post=38320"},{"taxonomy":"product_cat","embeddable":true,"href":"https:\/\/theinvisiblecollection.com\/fr\/wp-json\/wp\/v2\/product_cat?post=38320"},{"taxonomy":"product_tag","embeddable":true,"href":"https:\/\/theinvisiblecollection.com\/fr\/wp-json\/wp\/v2\/product_tag?post=38320"},{"taxonomy":"product_designer","embeddable":true,"href":"https:\/\/theinvisiblecollection.com\/fr\/wp-json\/wp\/v2\/product_designer?post=38320"},{"taxonomy":"comfabric","embeddable":true,"href":"https:\/\/theinvisiblecollection.com\/fr\/wp-json\/wp\/v2\/comfabric?post=38320"},{"taxonomy":"manufacturer","embeddable":true,"href":"https:\/\/theinvisiblecollection.com\/fr\/wp-json\/wp\/v2\/manufacturer?post=38320"},{"taxonomy":"reporting_designer","embeddable":true,"href":"https:\/\/theinvisiblecollection.com\/fr\/wp-json\/wp\/v2\/reporting_designer?post=38320"},{"taxonomy":"samplecomfabric","embeddable":true,"href":"https:\/\/theinvisiblecollection.com\/fr\/wp-json\/wp\/v2\/samplecomfabric?post=38320"},{"taxonomy":"clubroom_product_designer","embeddable":true,"href":"https:\/\/theinvisiblecollection.com\/fr\/wp-json\/wp\/v2\/designer_clubroom?post=38320"}],"curies":[{"name":"wp","href":"https:\/\/api.w.org\/{rel}","templated":true}]}}