{"id":38326,"date":"2017-03-09T00:00:00","date_gmt":"2017-03-09T00:00:00","guid":{"rendered":"https:\/\/www.theinvisiblecollection.com\/product\/lampe-de-table-paulista\/"},"modified":"2026-05-01T07:39:57","modified_gmt":"2026-05-01T07:39:57","slug":"oitoemponto-lampe-de-table-paulista","status":"publish","type":"product","link":"https:\/\/theinvisiblecollection.com\/fr\/produit\/oitoemponto-lampe-de-table-paulista\/","title":{"rendered":"Lampe de table Paulista"},"content":{"rendered":"<p style=\"text-align: justify;\">Cette collection de meubles rend hommage aux architectes br\u00e9siliens contemporains connus sous le nom de \u00ab\u00a0brutalistes\u00a0\u00bb car ils employaient le b\u00e9ton brut et utilisaient angles et cassures des lignes pour r\u00e9aliser leurs \u0153uvres.<\/p>\n<p style=\"text-align: justify;\">La lampe\u00a0<em>Paulista<\/em>\u00a0est un hommage \u00e0 Lina Bo Bardi \u00e0 qui l\u2019on doit le mus\u00e9e d\u2019Art moderne de S\u00e3o Paulo, situ\u00e9 avenue Paulista.<\/p>\n","protected":false},"excerpt":{"rendered":"<p>Palissandre, socle en bronze, abat-jour en soie<br \/>\nD&#8217;autre coloris d&#8217;abat-jour sont disponibles<\/p>\n<p>Sans abat-jour : L\u00a0 25 x l 15 x H 55 cm<br \/>\nAvec abat-jour : L 54 x l 29 x H 85 cm<\/p>\n<p>Fabriqu\u00e9 \u00e0 la main en Europe<br \/>\nD\u00e9lais de production : 8 &#8211; 9 semaines<br \/>\n<span style=\"text-decoration: underline;\"><a href=\"https:\/\/www.theinvisiblecollection.com\/fr\/demande-de-devis\/?product_id=38326\">Contactez-nous pour plus d&#8217;informations ou une demande sur mesure<\/a><\/span><\/p>\n","protected":false},"featured_media":76974,"template":"","meta":{"_acf_changed":false,"content-type":"","_themeisle_gutenberg_block_has_review":false},"product_brand":[],"product_cat":[8974,12507,13076],"product_tag":[9049],"product_designer":[8881],"comfabric":[],"manufacturer":[21261],"reporting_designer":[37448],"samplecomfabric":[],"designer_clubroom":[],"class_list":{"0":"post-38326","1":"product","2":"type-product","3":"status-publish","4":"has-post-thumbnail","6":"product_cat-lampes-de-table","7":"product_cat-luminaires","8":"product_cat-bureau-a-la-maison","9":"product_tag-lampe-de-table","10":"product_designer-oitoemponto-fr","11":"manufacturer-oitoemponto-atelier-fr","12":"reporting_designer-oitoemponto","14":"first","15":"instock","16":"taxable","17":"shipping-taxable","18":"purchasable","19":"product-type-simple"},"acf":[],"_links":{"self":[{"href":"https:\/\/theinvisiblecollection.com\/fr\/wp-json\/wp\/v2\/product\/38326","targetHints":{"allow":["GET"]}}],"collection":[{"href":"https:\/\/theinvisiblecollection.com\/fr\/wp-json\/wp\/v2\/product"}],"about":[{"href":"https:\/\/theinvisiblecollection.com\/fr\/wp-json\/wp\/v2\/types\/product"}],"wp:featuredmedia":[{"embeddable":true,"href":"https:\/\/theinvisiblecollection.com\/fr\/wp-json\/wp\/v2\/media\/76974"}],"wp:attachment":[{"href":"https:\/\/theinvisiblecollection.com\/fr\/wp-json\/wp\/v2\/media?parent=38326"}],"wp:term":[{"taxonomy":"product_brand","embeddable":true,"href":"https:\/\/theinvisiblecollection.com\/fr\/wp-json\/wp\/v2\/product_brand?post=38326"},{"taxonomy":"product_cat","embeddable":true,"href":"https:\/\/theinvisiblecollection.com\/fr\/wp-json\/wp\/v2\/product_cat?post=38326"},{"taxonomy":"product_tag","embeddable":true,"href":"https:\/\/theinvisiblecollection.com\/fr\/wp-json\/wp\/v2\/product_tag?post=38326"},{"taxonomy":"product_designer","embeddable":true,"href":"https:\/\/theinvisiblecollection.com\/fr\/wp-json\/wp\/v2\/product_designer?post=38326"},{"taxonomy":"comfabric","embeddable":true,"href":"https:\/\/theinvisiblecollection.com\/fr\/wp-json\/wp\/v2\/comfabric?post=38326"},{"taxonomy":"manufacturer","embeddable":true,"href":"https:\/\/theinvisiblecollection.com\/fr\/wp-json\/wp\/v2\/manufacturer?post=38326"},{"taxonomy":"reporting_designer","embeddable":true,"href":"https:\/\/theinvisiblecollection.com\/fr\/wp-json\/wp\/v2\/reporting_designer?post=38326"},{"taxonomy":"samplecomfabric","embeddable":true,"href":"https:\/\/theinvisiblecollection.com\/fr\/wp-json\/wp\/v2\/samplecomfabric?post=38326"},{"taxonomy":"clubroom_product_designer","embeddable":true,"href":"https:\/\/theinvisiblecollection.com\/fr\/wp-json\/wp\/v2\/designer_clubroom?post=38326"}],"curies":[{"name":"wp","href":"https:\/\/api.w.org\/{rel}","templated":true}]}}