{"id":38345,"date":"2017-03-09T00:00:00","date_gmt":"2017-03-09T00:00:00","guid":{"rendered":"https:\/\/www.theinvisiblecollection.com\/product\/lampe-de-table-toblerone\/"},"modified":"2026-05-01T07:39:57","modified_gmt":"2026-05-01T07:39:57","slug":"oitoemponto-lampe-de-table-toblerone","status":"publish","type":"product","link":"https:\/\/theinvisiblecollection.com\/fr\/produit\/oitoemponto-lampe-de-table-toblerone\/","title":{"rendered":"Lampe De Table Toblerone"},"content":{"rendered":"","protected":false},"excerpt":{"rendered":"<p>Mat\u00e9riaux :\u00a0Pied en ch\u00eane goug\u00e9, parois lat\u00e9rales en inox poli, pied en marbre noir<br \/>\nD&#8217;autre coloris d&#8217;abat-jour sont disponibles<\/p>\n<p>Sans abat-jour : L 22,5 x l 18 x H 48 cm<br \/>\nAvec abat-jour : L 40 x l 28 x H 75 cm<\/p>\n<p>Fabriqu\u00e9 \u00e0 la main en Europe<br \/>\nD\u00e9lais de production : 8 &#8211; 9 semaines<br \/>\n<a href=\"https:\/\/www.theinvisiblecollection.com\/fr\/demande-de-devis\/?product_id=38388\">Contactez-nous pour plus d&#8217;informations ou une demande sur mesure<\/a><\/p>\n","protected":false},"featured_media":76980,"template":"","meta":{"_acf_changed":false,"content-type":"","_themeisle_gutenberg_block_has_review":false},"product_brand":[],"product_cat":[8974,12507,13076],"product_tag":[9048,9049],"product_designer":[8881],"comfabric":[],"manufacturer":[21261],"reporting_designer":[37448],"samplecomfabric":[],"designer_clubroom":[],"class_list":{"0":"post-38345","1":"product","2":"type-product","3":"status-publish","4":"has-post-thumbnail","6":"product_cat-lampes-de-table","7":"product_cat-luminaires","8":"product_cat-bureau-a-la-maison","9":"product_tag-lampe","10":"product_tag-lampe-de-table","11":"product_designer-oitoemponto-fr","12":"manufacturer-oitoemponto-atelier-fr","13":"reporting_designer-oitoemponto","15":"first","16":"instock","17":"taxable","18":"shipping-taxable","19":"purchasable","20":"product-type-simple"},"acf":[],"_links":{"self":[{"href":"https:\/\/theinvisiblecollection.com\/fr\/wp-json\/wp\/v2\/product\/38345","targetHints":{"allow":["GET"]}}],"collection":[{"href":"https:\/\/theinvisiblecollection.com\/fr\/wp-json\/wp\/v2\/product"}],"about":[{"href":"https:\/\/theinvisiblecollection.com\/fr\/wp-json\/wp\/v2\/types\/product"}],"wp:featuredmedia":[{"embeddable":true,"href":"https:\/\/theinvisiblecollection.com\/fr\/wp-json\/wp\/v2\/media\/76980"}],"wp:attachment":[{"href":"https:\/\/theinvisiblecollection.com\/fr\/wp-json\/wp\/v2\/media?parent=38345"}],"wp:term":[{"taxonomy":"product_brand","embeddable":true,"href":"https:\/\/theinvisiblecollection.com\/fr\/wp-json\/wp\/v2\/product_brand?post=38345"},{"taxonomy":"product_cat","embeddable":true,"href":"https:\/\/theinvisiblecollection.com\/fr\/wp-json\/wp\/v2\/product_cat?post=38345"},{"taxonomy":"product_tag","embeddable":true,"href":"https:\/\/theinvisiblecollection.com\/fr\/wp-json\/wp\/v2\/product_tag?post=38345"},{"taxonomy":"product_designer","embeddable":true,"href":"https:\/\/theinvisiblecollection.com\/fr\/wp-json\/wp\/v2\/product_designer?post=38345"},{"taxonomy":"comfabric","embeddable":true,"href":"https:\/\/theinvisiblecollection.com\/fr\/wp-json\/wp\/v2\/comfabric?post=38345"},{"taxonomy":"manufacturer","embeddable":true,"href":"https:\/\/theinvisiblecollection.com\/fr\/wp-json\/wp\/v2\/manufacturer?post=38345"},{"taxonomy":"reporting_designer","embeddable":true,"href":"https:\/\/theinvisiblecollection.com\/fr\/wp-json\/wp\/v2\/reporting_designer?post=38345"},{"taxonomy":"samplecomfabric","embeddable":true,"href":"https:\/\/theinvisiblecollection.com\/fr\/wp-json\/wp\/v2\/samplecomfabric?post=38345"},{"taxonomy":"clubroom_product_designer","embeddable":true,"href":"https:\/\/theinvisiblecollection.com\/fr\/wp-json\/wp\/v2\/designer_clubroom?post=38345"}],"curies":[{"name":"wp","href":"https:\/\/api.w.org\/{rel}","templated":true}]}}