{"id":38349,"date":"2019-11-26T00:00:00","date_gmt":"2019-11-25T23:00:00","guid":{"rendered":"https:\/\/www.theinvisiblecollection.com\/product\/lampe-diamant\/"},"modified":"2026-05-01T07:39:57","modified_gmt":"2026-05-01T07:39:57","slug":"lampe-diamant","status":"publish","type":"product","link":"https:\/\/theinvisiblecollection.com\/fr\/produit\/lampe-diamant\/","title":{"rendered":"Lampe Diamant"},"content":{"rendered":"<p>Con\u00e7ue par Virieu di Petrillo pour Mayaro<\/p>\n<p style=\"text-align: justify;\">Cette lampe peut \u00eatre suspendue au plafond ou pos\u00e9e sur une table, comme une sculpture. Elle est fabriqu\u00e9e \u00e0 partir de briques moul\u00e9es en forme de diamant, con\u00e7ues \u00e0 l&#8217;origine par l&#8217;ing\u00e9nieur suisse Gustave Falconnier au XIXe si\u00e8cle pour construire des murs en verre. Chaque brique est coul\u00e9e dans une ceinture en cuir fabriqu\u00e9e par un ma\u00eetre artisan. La lumi\u00e8re \u00e9mise par le verre irr\u00e9gulier peut \u00eatre att\u00e9nu\u00e9e ou intensifi\u00e9e. Elle a \u00e9t\u00e9 imagin\u00e9e par Virieu di Petrillo.<\/p>\n","protected":false},"excerpt":{"rendered":"<p>LED et gradateur<br \/>\nFil en tissu<br \/>\nLani\u00e8re en cuir disponible en orange, rouge, bleu et marron<\/p>\n<p>L 14 x l 11 x H 24 cm<\/p>\n<p>Fabriqu\u00e9e \u00e0 la main en France<br \/>\nD\u00e9lais de production : 4 semaines minimum<\/p>\n<p class=\"p1\"><span class=\"s1\"><a href=\"https:\/\/www.theinvisiblecollection.com\/fr\/contact-produit\/?product_id=38349\">Contactez-nous pour toute demande de devis ou de renseignements<\/a><\/span><\/p><\/p>\n","protected":false},"featured_media":81077,"template":"","meta":{"_acf_changed":false,"content-type":"","_themeisle_gutenberg_block_has_review":false},"product_brand":[],"product_cat":[8961,8974,12507],"product_tag":[9048,9200,9450],"product_designer":[8894],"comfabric":[],"manufacturer":[16730],"reporting_designer":[37226],"samplecomfabric":[],"designer_clubroom":[],"class_list":{"0":"post-38349","1":"product","2":"type-product","3":"status-publish","4":"has-post-thumbnail","6":"product_cat-suspensions","7":"product_cat-lampes-de-table","8":"product_cat-luminaires","9":"product_tag-lampe","10":"product_tag-luminaire-fr-2","11":"product_tag-suspension-fr-3","12":"pa_leather-details-bleu-fr","13":"pa_leather-details-marron-fr","14":"pa_leather-details-orange-fr","15":"pa_leather-details-rouge-fr","16":"product_designer-mayaro-editions-fr","17":"manufacturer-mayaro-editions-fr","18":"reporting_designer-mayaro-editions","20":"first","21":"instock","22":"taxable","23":"shipping-taxable","24":"purchasable","25":"product-type-variable"},"acf":[],"_links":{"self":[{"href":"https:\/\/theinvisiblecollection.com\/fr\/wp-json\/wp\/v2\/product\/38349","targetHints":{"allow":["GET"]}}],"collection":[{"href":"https:\/\/theinvisiblecollection.com\/fr\/wp-json\/wp\/v2\/product"}],"about":[{"href":"https:\/\/theinvisiblecollection.com\/fr\/wp-json\/wp\/v2\/types\/product"}],"wp:featuredmedia":[{"embeddable":true,"href":"https:\/\/theinvisiblecollection.com\/fr\/wp-json\/wp\/v2\/media\/81077"}],"wp:attachment":[{"href":"https:\/\/theinvisiblecollection.com\/fr\/wp-json\/wp\/v2\/media?parent=38349"}],"wp:term":[{"taxonomy":"product_brand","embeddable":true,"href":"https:\/\/theinvisiblecollection.com\/fr\/wp-json\/wp\/v2\/product_brand?post=38349"},{"taxonomy":"product_cat","embeddable":true,"href":"https:\/\/theinvisiblecollection.com\/fr\/wp-json\/wp\/v2\/product_cat?post=38349"},{"taxonomy":"product_tag","embeddable":true,"href":"https:\/\/theinvisiblecollection.com\/fr\/wp-json\/wp\/v2\/product_tag?post=38349"},{"taxonomy":"product_designer","embeddable":true,"href":"https:\/\/theinvisiblecollection.com\/fr\/wp-json\/wp\/v2\/product_designer?post=38349"},{"taxonomy":"comfabric","embeddable":true,"href":"https:\/\/theinvisiblecollection.com\/fr\/wp-json\/wp\/v2\/comfabric?post=38349"},{"taxonomy":"manufacturer","embeddable":true,"href":"https:\/\/theinvisiblecollection.com\/fr\/wp-json\/wp\/v2\/manufacturer?post=38349"},{"taxonomy":"reporting_designer","embeddable":true,"href":"https:\/\/theinvisiblecollection.com\/fr\/wp-json\/wp\/v2\/reporting_designer?post=38349"},{"taxonomy":"samplecomfabric","embeddable":true,"href":"https:\/\/theinvisiblecollection.com\/fr\/wp-json\/wp\/v2\/samplecomfabric?post=38349"},{"taxonomy":"clubroom_product_designer","embeddable":true,"href":"https:\/\/theinvisiblecollection.com\/fr\/wp-json\/wp\/v2\/designer_clubroom?post=38349"}],"curies":[{"name":"wp","href":"https:\/\/api.w.org\/{rel}","templated":true}]}}