{"id":38355,"date":"2023-12-04T10:53:00","date_gmt":"2023-12-04T10:53:00","guid":{"rendered":"https:\/\/www.theinvisiblecollection.com\/product\/lampe-echo\/"},"modified":"2026-05-01T07:39:57","modified_gmt":"2026-05-01T07:39:57","slug":"maison-integre-lampe-echo","status":"publish","type":"product","link":"https:\/\/theinvisiblecollection.com\/fr\/produit\/maison-integre-lampe-echo\/","title":{"rendered":"Lampe Echo"},"content":{"rendered":"<p>En fin d&#8217;ann\u00e9e 2018, le magazine Wallpaper a convi\u00e9 Brendan Ravenhill et Maison Int\u00e8gre \u00e0 cr\u00e9er une \u0153uvre pour l&#8217;exposition &#8220;Love&#8221; de Wallpaper Handmade \u00e0 Milan. De cette collaboration est n\u00e9e la lampe sculpturale &#8220;Echo&#8221;, une pi\u00e8ce en deux parties qui incarne l&#8217;union de la lumi\u00e8re et du bronze, symbolisant deux \u00eatres amoureux. Deux formes arrondies, l&#8217;une source de lumi\u00e8re et l&#8217;autre r\u00e9flecteur, semblent danser et s&#8217;enlacer harmonieusement.<\/p>\n<p>Cette lampe est artisanalement con\u00e7ue au Burkina Faso \u00e0 partir de m\u00e9taux recycl\u00e9s.<\/p>\n","protected":false},"excerpt":{"rendered":"<p>Design par Brendan Ravenhill<br \/>\nLampe en bronze, faite \u00e0 la main par des artisans \u00e0 partir de m\u00e9taux recycl\u00e9s<br \/>\nPoli miroir \u00e0 l&#8217;int\u00e9rieur et brut \u00e0 l&#8217;ext\u00e9rieur, disponible \u00e9galement en\u00a0poli miroir \u00e0 l&#8217;ext\u00e9rieur et brut \u00e0 l&#8217;int\u00e9rieur<br \/>\nChaque pi\u00e8ce est unique en raison de sa nature artisanale, les formes et les teintes varient l\u00e9g\u00e8rement<br \/>\n<span style=\"text-decoration: underline;\"><a href=\"https:\/\/theinvisiblecollection.com\/wp-content\/uploads\/2022\/03\/TheInvisibleCollection_MaisonIntegre_FinishesSelection-1.pdf\" target=\"_blank\" rel=\"noopener\">D\u00e9couvrez la s\u00e9lection de finitions ici<\/a><\/span><\/p>\n<p>Lampe en deux parties, disponible en deux dimensions :<br \/>\n<span style=\"text-decoration: underline;\"><strong>Moyen :<\/strong><\/span><br \/>\nProjecteur : L 14 x l 13 x H 23 cm<br \/>\nR\u00e9flecteur : L 27 x l 16 x H 33 cm<br \/>\n<span style=\"text-decoration: underline;\"><strong>Grand :<\/strong><\/span><br \/>\nProjecteur : L 21 x l 16 x H 34.4 cm<br \/>\nR\u00e9flecteur : L 40.8 x l 26.2 x H 50 cm<\/p>\n<p>Fabriqu\u00e9e \u00e0 la main au Burkina Faso<br \/>\nD\u00e9lais de production : 6 \u2014 10 semaines<\/p>\n<p>&nbsp;<\/p>\n<p><span style=\"text-decoration: underline;\"><a href=\"https:\/\/www.theinvisiblecollection.com\/fr\/demande-de-devis\/?product_id=38355\" target=\"_blank\" rel=\"noopener\">Contactez-nous pour toute demande de devis ou de renseignements<\/a><\/span><\/p>\n","protected":false},"featured_media":112371,"template":"","meta":{"_acf_changed":false,"content-type":"","_themeisle_gutenberg_block_has_review":false},"product_brand":[],"product_cat":[8966,8974,12507],"product_tag":[9285,9286,11334,14925,31477,9006,9048,9058,9267,9268],"product_designer":[8869],"comfabric":[],"manufacturer":[28429],"reporting_designer":[37518],"samplecomfabric":[],"designer_clubroom":[],"class_list":{"0":"post-38355","1":"product","2":"type-product","3":"status-publish","4":"has-post-thumbnail","6":"product_cat-lampes-sur-pied","7":"product_cat-lampes-de-table","8":"product_cat-luminaires","9":"product_tag-brendan-ravenhill-fr-fr","10":"product_tag-echo-fr","11":"product_tag-eco-friendly-fr","12":"product_tag-hpfav-fr","13":"product_tag-st-curvy-fr","14":"product_tag-st-moritz-fr-3","15":"product_tag-lampe","16":"product_tag-bronze-fr-2","17":"product_tag-house","18":"product_tag-maison-integre-fr","19":"pa_finish-bronze-brut","20":"pa_finish-poli-miroir-fr","21":"pa_size-grand-fr","22":"pa_size-moyen-fr","23":"pa_size-petit-fr","24":"product_designer-maison-integre-fr","25":"manufacturer-maison-intgre-matires-vives-fr","26":"reporting_designer-maison-integre","28":"first","29":"instock","30":"taxable","31":"shipping-taxable","32":"purchasable","33":"product-type-variable"},"acf":[],"_links":{"self":[{"href":"https:\/\/theinvisiblecollection.com\/fr\/wp-json\/wp\/v2\/product\/38355","targetHints":{"allow":["GET"]}}],"collection":[{"href":"https:\/\/theinvisiblecollection.com\/fr\/wp-json\/wp\/v2\/product"}],"about":[{"href":"https:\/\/theinvisiblecollection.com\/fr\/wp-json\/wp\/v2\/types\/product"}],"wp:featuredmedia":[{"embeddable":true,"href":"https:\/\/theinvisiblecollection.com\/fr\/wp-json\/wp\/v2\/media\/112371"}],"wp:attachment":[{"href":"https:\/\/theinvisiblecollection.com\/fr\/wp-json\/wp\/v2\/media?parent=38355"}],"wp:term":[{"taxonomy":"product_brand","embeddable":true,"href":"https:\/\/theinvisiblecollection.com\/fr\/wp-json\/wp\/v2\/product_brand?post=38355"},{"taxonomy":"product_cat","embeddable":true,"href":"https:\/\/theinvisiblecollection.com\/fr\/wp-json\/wp\/v2\/product_cat?post=38355"},{"taxonomy":"product_tag","embeddable":true,"href":"https:\/\/theinvisiblecollection.com\/fr\/wp-json\/wp\/v2\/product_tag?post=38355"},{"taxonomy":"product_designer","embeddable":true,"href":"https:\/\/theinvisiblecollection.com\/fr\/wp-json\/wp\/v2\/product_designer?post=38355"},{"taxonomy":"comfabric","embeddable":true,"href":"https:\/\/theinvisiblecollection.com\/fr\/wp-json\/wp\/v2\/comfabric?post=38355"},{"taxonomy":"manufacturer","embeddable":true,"href":"https:\/\/theinvisiblecollection.com\/fr\/wp-json\/wp\/v2\/manufacturer?post=38355"},{"taxonomy":"reporting_designer","embeddable":true,"href":"https:\/\/theinvisiblecollection.com\/fr\/wp-json\/wp\/v2\/reporting_designer?post=38355"},{"taxonomy":"samplecomfabric","embeddable":true,"href":"https:\/\/theinvisiblecollection.com\/fr\/wp-json\/wp\/v2\/samplecomfabric?post=38355"},{"taxonomy":"clubroom_product_designer","embeddable":true,"href":"https:\/\/theinvisiblecollection.com\/fr\/wp-json\/wp\/v2\/designer_clubroom?post=38355"}],"curies":[{"name":"wp","href":"https:\/\/api.w.org\/{rel}","templated":true}]}}