{"id":38360,"date":"2020-02-25T00:00:00","date_gmt":"2020-02-25T00:00:00","guid":{"rendered":"https:\/\/www.theinvisiblecollection.com\/product\/lampe-enso-incurvee\/"},"modified":"2026-05-01T07:39:57","modified_gmt":"2026-05-01T07:39:57","slug":"gustavo-neves-lampe-enso-incurvee","status":"publish","type":"product","link":"https:\/\/theinvisiblecollection.com\/fr\/produit\/gustavo-neves-lampe-enso-incurvee\/","title":{"rendered":"Lampe Enso Incurv\u00e9e"},"content":{"rendered":"","protected":false},"excerpt":{"rendered":"<p>Lampe en bronze et\u00a0s\u00e9l\u00e9nite blanche<br \/>\nAmpoule incluse<br \/>\nDimensions sur-mesure sur demande<\/p>\n<p>L 22 x l 7 x H 33 cm<\/p>\n<p><p style=\"text-align: justify;\">Fabriqu\u00e9e \u00e0 la main au Br\u00e9sil<br \/>\nD\u00e9lais de production : 20 &#8211; 24 semaines<\/p><\/p>\n","protected":false},"featured_media":81044,"template":"","meta":{"_acf_changed":false,"content-type":"","_themeisle_gutenberg_block_has_review":false},"product_brand":[],"product_cat":[8974,12507],"product_tag":[8990,9048,9058,9314,9315,11334,11335,11337,31477],"product_designer":[8926],"comfabric":[],"manufacturer":[16887],"reporting_designer":[37166],"samplecomfabric":[],"designer_clubroom":[],"class_list":{"0":"post-38360","1":"product","2":"type-product","3":"status-publish","4":"has-post-thumbnail","6":"product_cat-lampes-de-table","7":"product_cat-luminaires","8":"product_tag-applique-murale","9":"product_tag-lampe","10":"product_tag-bronze-fr-2","11":"product_tag-selenite-blanche","12":"product_tag-enso-fr","13":"product_tag-eco-friendly-fr","14":"product_tag-eco-design","15":"product_tag-durable","16":"product_tag-st-curvy-fr","17":"product_designer-gustavo-neves-fr","18":"manufacturer-gustavo-neves-showroom-fr","19":"reporting_designer-gustavo-neves","21":"first","22":"instock","23":"taxable","24":"shipping-taxable","25":"purchasable","26":"product-type-simple"},"acf":[],"_links":{"self":[{"href":"https:\/\/theinvisiblecollection.com\/fr\/wp-json\/wp\/v2\/product\/38360","targetHints":{"allow":["GET"]}}],"collection":[{"href":"https:\/\/theinvisiblecollection.com\/fr\/wp-json\/wp\/v2\/product"}],"about":[{"href":"https:\/\/theinvisiblecollection.com\/fr\/wp-json\/wp\/v2\/types\/product"}],"wp:featuredmedia":[{"embeddable":true,"href":"https:\/\/theinvisiblecollection.com\/fr\/wp-json\/wp\/v2\/media\/81044"}],"wp:attachment":[{"href":"https:\/\/theinvisiblecollection.com\/fr\/wp-json\/wp\/v2\/media?parent=38360"}],"wp:term":[{"taxonomy":"product_brand","embeddable":true,"href":"https:\/\/theinvisiblecollection.com\/fr\/wp-json\/wp\/v2\/product_brand?post=38360"},{"taxonomy":"product_cat","embeddable":true,"href":"https:\/\/theinvisiblecollection.com\/fr\/wp-json\/wp\/v2\/product_cat?post=38360"},{"taxonomy":"product_tag","embeddable":true,"href":"https:\/\/theinvisiblecollection.com\/fr\/wp-json\/wp\/v2\/product_tag?post=38360"},{"taxonomy":"product_designer","embeddable":true,"href":"https:\/\/theinvisiblecollection.com\/fr\/wp-json\/wp\/v2\/product_designer?post=38360"},{"taxonomy":"comfabric","embeddable":true,"href":"https:\/\/theinvisiblecollection.com\/fr\/wp-json\/wp\/v2\/comfabric?post=38360"},{"taxonomy":"manufacturer","embeddable":true,"href":"https:\/\/theinvisiblecollection.com\/fr\/wp-json\/wp\/v2\/manufacturer?post=38360"},{"taxonomy":"reporting_designer","embeddable":true,"href":"https:\/\/theinvisiblecollection.com\/fr\/wp-json\/wp\/v2\/reporting_designer?post=38360"},{"taxonomy":"samplecomfabric","embeddable":true,"href":"https:\/\/theinvisiblecollection.com\/fr\/wp-json\/wp\/v2\/samplecomfabric?post=38360"},{"taxonomy":"clubroom_product_designer","embeddable":true,"href":"https:\/\/theinvisiblecollection.com\/fr\/wp-json\/wp\/v2\/designer_clubroom?post=38360"}],"curies":[{"name":"wp","href":"https:\/\/api.w.org\/{rel}","templated":true}]}}