{"id":38361,"date":"2016-04-22T00:00:00","date_gmt":"2016-04-21T23:00:00","guid":{"rendered":"https:\/\/www.theinvisiblecollection.com\/product\/lampe-g\/"},"modified":"2026-05-08T04:41:09","modified_gmt":"2026-05-08T04:41:09","slug":"jerome-faillant-dumas-lampe-g","status":"publish","type":"product","link":"https:\/\/theinvisiblecollection.com\/fr\/produit\/jerome-faillant-dumas-lampe-g\/","title":{"rendered":"Lampe G"},"content":{"rendered":"<p style=\"text-align: justify;\"><span class=\"TextRun SCXW52950810 BCX0\" lang=\"FR-FR\" xml:lang=\"FR-FR\" data-contrast=\"auto\"><span class=\"NormalTextRun SCXW52950810 BCX0\">La Lampe G, sign\u00e9e J\u00e9r\u00f4me Faillant-Dumas, puise son inspiration dans l\u2019univers de la mode qui l\u2019entoure. En revisitant subtilement la lettre \u00ab G \u00bb \u00e0 l\u2019envers, cette cr\u00e9ation incarne un \u00e9quilibre raffin\u00e9 entre audace graphique et \u00e9l\u00e9gance contemporaine.\u00a0<\/span><\/span><span class=\"EOP SCXW52950810 BCX0\" data-ccp-props=\"{&quot;134233117&quot;:false,&quot;134233118&quot;:false,&quot;201341983&quot;:0,&quot;335551550&quot;:1,&quot;335551620&quot;:1,&quot;335559685&quot;:0,&quot;335559737&quot;:0,&quot;335559738&quot;:0,&quot;335559739&quot;:160,&quot;335559740&quot;:279}\">\u00a0<\/span><\/p>\n","protected":false},"excerpt":{"rendered":"<p>Lampe de table disponible en nickel noir verni, nickel\u00e9 ou m\u00e9tal dor\u00e9<\/p>\n<p>L 40 x l 7 x H 40\u00a0 cm<\/p>\n<p>Fabriqu\u00e9e \u00e0 la main en France<br \/>\nD\u00e9lais de fabrication : 8 &#8211; 10 semaines<\/p>\n<p><span style=\"text-decoration: underline;\"><span class=\"s1\"><a href=\"https:\/\/www.theinvisiblecollection.com\/fr\/demande-de-devis\/?product_id=38361\">Contactez-nous pour toute demande de devis ou de renseignements<\/a><\/span><\/span><\/p>\n","protected":false},"featured_media":79712,"template":"","meta":{"_acf_changed":false,"content-type":"","_themeisle_gutenberg_block_has_review":false},"product_brand":[],"product_cat":[8974,12507,13076],"product_tag":[9049,9200,9382,9651,10389,11322,31477],"product_designer":[8887],"comfabric":[],"manufacturer":[],"reporting_designer":[37606],"samplecomfabric":[],"designer_clubroom":[],"class_list":{"0":"post-38361","1":"product","2":"type-product","3":"status-publish","4":"has-post-thumbnail","6":"product_cat-lampes-de-table","7":"product_cat-luminaires","8":"product_cat-bureau-a-la-maison","9":"product_tag-lampe-de-table","10":"product_tag-luminaire-fr-2","11":"product_tag-home-office-fr-2","12":"product_tag-metal-fr","13":"product_tag-jerome-faillant-dumas-fr-fr","14":"product_tag-g-lamp-fr","15":"product_tag-st-curvy-fr","16":"pa_finish-metal-dore-fr","17":"pa_finish-nickel-noir-verni-fr","18":"pa_finish-nickele-fr","19":"product_designer-jerome-faillant-dumas-fr","20":"reporting_designer-jerome-faillant-dumas","22":"first","23":"instock","24":"taxable","25":"shipping-taxable","26":"product-type-variable"},"acf":[],"_links":{"self":[{"href":"https:\/\/theinvisiblecollection.com\/fr\/wp-json\/wp\/v2\/product\/38361","targetHints":{"allow":["GET"]}}],"collection":[{"href":"https:\/\/theinvisiblecollection.com\/fr\/wp-json\/wp\/v2\/product"}],"about":[{"href":"https:\/\/theinvisiblecollection.com\/fr\/wp-json\/wp\/v2\/types\/product"}],"wp:featuredmedia":[{"embeddable":true,"href":"https:\/\/theinvisiblecollection.com\/fr\/wp-json\/wp\/v2\/media\/79712"}],"wp:attachment":[{"href":"https:\/\/theinvisiblecollection.com\/fr\/wp-json\/wp\/v2\/media?parent=38361"}],"wp:term":[{"taxonomy":"product_brand","embeddable":true,"href":"https:\/\/theinvisiblecollection.com\/fr\/wp-json\/wp\/v2\/product_brand?post=38361"},{"taxonomy":"product_cat","embeddable":true,"href":"https:\/\/theinvisiblecollection.com\/fr\/wp-json\/wp\/v2\/product_cat?post=38361"},{"taxonomy":"product_tag","embeddable":true,"href":"https:\/\/theinvisiblecollection.com\/fr\/wp-json\/wp\/v2\/product_tag?post=38361"},{"taxonomy":"product_designer","embeddable":true,"href":"https:\/\/theinvisiblecollection.com\/fr\/wp-json\/wp\/v2\/product_designer?post=38361"},{"taxonomy":"comfabric","embeddable":true,"href":"https:\/\/theinvisiblecollection.com\/fr\/wp-json\/wp\/v2\/comfabric?post=38361"},{"taxonomy":"manufacturer","embeddable":true,"href":"https:\/\/theinvisiblecollection.com\/fr\/wp-json\/wp\/v2\/manufacturer?post=38361"},{"taxonomy":"reporting_designer","embeddable":true,"href":"https:\/\/theinvisiblecollection.com\/fr\/wp-json\/wp\/v2\/reporting_designer?post=38361"},{"taxonomy":"samplecomfabric","embeddable":true,"href":"https:\/\/theinvisiblecollection.com\/fr\/wp-json\/wp\/v2\/samplecomfabric?post=38361"},{"taxonomy":"clubroom_product_designer","embeddable":true,"href":"https:\/\/theinvisiblecollection.com\/fr\/wp-json\/wp\/v2\/designer_clubroom?post=38361"}],"curies":[{"name":"wp","href":"https:\/\/api.w.org\/{rel}","templated":true}]}}