{"id":3836546,"date":"2024-09-10T00:00:00","date_gmt":"2024-09-10T00:00:00","guid":{"rendered":"https:\/\/theinvisiblecollection.com\/?post_type=product&#038;p=3836546"},"modified":"2026-05-01T07:37:59","modified_gmt":"2026-05-01T07:37:59","slug":"courtney-applebaum-large-applique-terracotta-blanche","status":"publish","type":"product","link":"https:\/\/theinvisiblecollection.com\/fr\/produit\/courtney-applebaum-large-applique-terracotta-blanche\/","title":{"rendered":"Large Applique Terracotta Blanche"},"content":{"rendered":"<p style=\"text-align: justify;\">L&#8217;applique en terre cuite de Courtney Applebaum illustre les passions et l&#8217;approche de la designer. &#8220;J&#8217;ai toujours \u00e9t\u00e9 inspir\u00e9e par la beaut\u00e9 naturelle de la terre et les formes de design plus classiques&#8221;, explique-t-elle. &#8220;Dans cette collection, j&#8217;ai essay\u00e9 de synth\u00e9tiser les deux, en utilisant trois \u00e9l\u00e9ments principaux &#8211; la terre cuite, le verre et les fibres v\u00e9g\u00e9tales &#8211; pour cr\u00e9er de nouveaux designs durables.<\/p>\n","protected":false},"excerpt":{"rendered":"<p>L&#8217;applique en terre cuite de Courtney Applebaum illustre les passions et l&#8217;approche de la designer. &#8220;J&#8217;ai toujours \u00e9t\u00e9 inspir\u00e9e par la beaut\u00e9 naturelle de la terre et les formes de design plus classiques&#8221;, explique-t-elle. &#8220;Dans cette collection, j&#8217;ai essay\u00e9 de synth\u00e9tiser les deux, en utilisant trois \u00e9l\u00e9ments principaux &#8211; la terre cuite, le verre et [&hellip;]<\/p>\n","protected":false},"featured_media":3836577,"template":"","meta":{"_acf_changed":false,"content-type":"","_themeisle_gutenberg_block_has_review":false},"product_brand":[],"product_cat":[8975,12507],"product_tag":[31474,31477],"product_designer":[24433],"comfabric":[],"manufacturer":[35420],"reporting_designer":[37847],"samplecomfabric":[],"designer_clubroom":[],"class_list":{"0":"post-3836546","1":"product","2":"type-product","3":"status-publish","4":"has-post-thumbnail","6":"product_cat-appliques-murales","7":"product_cat-luminaires","8":"product_tag-co-white-fr","9":"product_tag-st-curvy-fr","10":"product_designer-courtney-applebaum-design-fr","11":"manufacturer-c-applebaum-pick-up-schiller-clayworks-fr","12":"reporting_designer-courtney-applebaum-design","14":"first","15":"instock","16":"taxable","17":"shipping-taxable","18":"purchasable","19":"product-type-variable"},"acf":[],"_links":{"self":[{"href":"https:\/\/theinvisiblecollection.com\/fr\/wp-json\/wp\/v2\/product\/3836546","targetHints":{"allow":["GET"]}}],"collection":[{"href":"https:\/\/theinvisiblecollection.com\/fr\/wp-json\/wp\/v2\/product"}],"about":[{"href":"https:\/\/theinvisiblecollection.com\/fr\/wp-json\/wp\/v2\/types\/product"}],"wp:featuredmedia":[{"embeddable":true,"href":"https:\/\/theinvisiblecollection.com\/fr\/wp-json\/wp\/v2\/media\/3836577"}],"wp:attachment":[{"href":"https:\/\/theinvisiblecollection.com\/fr\/wp-json\/wp\/v2\/media?parent=3836546"}],"wp:term":[{"taxonomy":"product_brand","embeddable":true,"href":"https:\/\/theinvisiblecollection.com\/fr\/wp-json\/wp\/v2\/product_brand?post=3836546"},{"taxonomy":"product_cat","embeddable":true,"href":"https:\/\/theinvisiblecollection.com\/fr\/wp-json\/wp\/v2\/product_cat?post=3836546"},{"taxonomy":"product_tag","embeddable":true,"href":"https:\/\/theinvisiblecollection.com\/fr\/wp-json\/wp\/v2\/product_tag?post=3836546"},{"taxonomy":"product_designer","embeddable":true,"href":"https:\/\/theinvisiblecollection.com\/fr\/wp-json\/wp\/v2\/product_designer?post=3836546"},{"taxonomy":"comfabric","embeddable":true,"href":"https:\/\/theinvisiblecollection.com\/fr\/wp-json\/wp\/v2\/comfabric?post=3836546"},{"taxonomy":"manufacturer","embeddable":true,"href":"https:\/\/theinvisiblecollection.com\/fr\/wp-json\/wp\/v2\/manufacturer?post=3836546"},{"taxonomy":"reporting_designer","embeddable":true,"href":"https:\/\/theinvisiblecollection.com\/fr\/wp-json\/wp\/v2\/reporting_designer?post=3836546"},{"taxonomy":"samplecomfabric","embeddable":true,"href":"https:\/\/theinvisiblecollection.com\/fr\/wp-json\/wp\/v2\/samplecomfabric?post=3836546"},{"taxonomy":"clubroom_product_designer","embeddable":true,"href":"https:\/\/theinvisiblecollection.com\/fr\/wp-json\/wp\/v2\/designer_clubroom?post=3836546"}],"curies":[{"name":"wp","href":"https:\/\/api.w.org\/{rel}","templated":true}]}}