{"id":38367,"date":"2019-05-23T00:00:00","date_gmt":"2019-05-23T00:00:00","guid":{"rendered":"https:\/\/www.theinvisiblecollection.com\/product\/lampe-heron\/"},"modified":"2026-05-01T07:39:57","modified_gmt":"2026-05-01T07:39:57","slug":"mmairo-lampe-heron","status":"publish","type":"product","link":"https:\/\/theinvisiblecollection.com\/fr\/produit\/mmairo-lampe-heron\/","title":{"rendered":"Lampe H\u00e9ron"},"content":{"rendered":"<p>Design par\u00a0Bec Brittain<\/p>\n","protected":false},"excerpt":{"rendered":"<p>Sur l\u2019image, lampe en marbre Rosa Egiziano, Fior Di Pesco Carnico et Bianco Michelangelo<br \/>\nLampes LED dimmables incluses, 28W<br \/>\n\u00c9lectrification adapt\u00e9e aux \u00c9tats-Unis, au Royaume-Uni, \u00e0 l\u2019Europe et au monde entier avec un adaptateur<br \/>\nAdaptateur AC-DC fourni pour le pays de votre choix<br \/>\nDimensions et mat\u00e9riaux sur-mesure sur demande<\/p>\n<p>Base L 18 cm<br \/>\nLampe L 26.7 x \u2205 6 cm<br \/>\nH 85 cm<\/p>\n<p>R\u00e9alis\u00e9 \u00e0 la main en Italie<br \/>\nD\u00e9lais de production : 8 semaines<\/p>\n<p><span style=\"text-decoration: underline;\"><a href=\"https:\/\/www.theinvisiblecollection.com\/fr\/demande-de-devis\/?product_id=38367\">Contactez-nous pour toute demande de devis ou de renseignements<\/a><\/span><\/p>\n","protected":false},"featured_media":81091,"template":"","meta":{"_acf_changed":false,"content-type":"","_themeisle_gutenberg_block_has_review":false},"product_brand":[],"product_cat":[8974,12507],"product_tag":[8993,9016,9030,9048,9049,10401,10853,10856,10876,10917,31474],"product_designer":[8892,10666],"comfabric":[],"manufacturer":[16732],"reporting_designer":[37823],"samplecomfabric":[],"designer_clubroom":[],"class_list":{"0":"post-38367","1":"product","2":"type-product","3":"status-publish","4":"has-post-thumbnail","6":"product_cat-lampes-de-table","7":"product_cat-luminaires","8":"product_tag-salon","9":"product_tag-chambre-fr-2","10":"product_tag-marbre-fr-2","11":"product_tag-lampe","12":"product_tag-lampe-de-table","13":"product_tag-mmairo","14":"product_tag-bec-brittain-fr","15":"product_tag-fior-di-pesco-carnico-fr-fr","16":"product_tag-rosa-egiziano-fr","17":"product_tag-bianco-michelangelo-fr","18":"product_tag-co-white-fr","19":"pa_material-marbre-bianco-michelangelo-fr","20":"pa_material-marbre-fior-di-pesco-carnico-fr","21":"pa_material-marbre-rosa-egiziano-fr","22":"product_designer-mmairo-fr","23":"product_designer-bec-brittain-fr","24":"manufacturer-mmairo-fr","25":"reporting_designer-bec-brittain","27":"first","28":"instock","29":"taxable","30":"shipping-taxable","31":"purchasable","32":"product-type-variable"},"acf":[],"_links":{"self":[{"href":"https:\/\/theinvisiblecollection.com\/fr\/wp-json\/wp\/v2\/product\/38367","targetHints":{"allow":["GET"]}}],"collection":[{"href":"https:\/\/theinvisiblecollection.com\/fr\/wp-json\/wp\/v2\/product"}],"about":[{"href":"https:\/\/theinvisiblecollection.com\/fr\/wp-json\/wp\/v2\/types\/product"}],"wp:featuredmedia":[{"embeddable":true,"href":"https:\/\/theinvisiblecollection.com\/fr\/wp-json\/wp\/v2\/media\/81091"}],"wp:attachment":[{"href":"https:\/\/theinvisiblecollection.com\/fr\/wp-json\/wp\/v2\/media?parent=38367"}],"wp:term":[{"taxonomy":"product_brand","embeddable":true,"href":"https:\/\/theinvisiblecollection.com\/fr\/wp-json\/wp\/v2\/product_brand?post=38367"},{"taxonomy":"product_cat","embeddable":true,"href":"https:\/\/theinvisiblecollection.com\/fr\/wp-json\/wp\/v2\/product_cat?post=38367"},{"taxonomy":"product_tag","embeddable":true,"href":"https:\/\/theinvisiblecollection.com\/fr\/wp-json\/wp\/v2\/product_tag?post=38367"},{"taxonomy":"product_designer","embeddable":true,"href":"https:\/\/theinvisiblecollection.com\/fr\/wp-json\/wp\/v2\/product_designer?post=38367"},{"taxonomy":"comfabric","embeddable":true,"href":"https:\/\/theinvisiblecollection.com\/fr\/wp-json\/wp\/v2\/comfabric?post=38367"},{"taxonomy":"manufacturer","embeddable":true,"href":"https:\/\/theinvisiblecollection.com\/fr\/wp-json\/wp\/v2\/manufacturer?post=38367"},{"taxonomy":"reporting_designer","embeddable":true,"href":"https:\/\/theinvisiblecollection.com\/fr\/wp-json\/wp\/v2\/reporting_designer?post=38367"},{"taxonomy":"samplecomfabric","embeddable":true,"href":"https:\/\/theinvisiblecollection.com\/fr\/wp-json\/wp\/v2\/samplecomfabric?post=38367"},{"taxonomy":"clubroom_product_designer","embeddable":true,"href":"https:\/\/theinvisiblecollection.com\/fr\/wp-json\/wp\/v2\/designer_clubroom?post=38367"}],"curies":[{"name":"wp","href":"https:\/\/api.w.org\/{rel}","templated":true}]}}