{"id":38387,"date":"2019-05-28T00:00:00","date_gmt":"2019-05-28T00:00:00","guid":{"rendered":"https:\/\/www.theinvisiblecollection.com\/product\/lampe-oronera\/"},"modified":"2026-05-01T07:39:57","modified_gmt":"2026-05-01T07:39:57","slug":"cslb-studio-lampe-oronera","status":"publish","type":"product","link":"https:\/\/theinvisiblecollection.com\/fr\/produit\/cslb-studio-lampe-oronera\/","title":{"rendered":"Lampe Oronera"},"content":{"rendered":"<p>Les lampes CSLB Studio ainsi que les vases utilisent le cristal de verre mis au point dans leur atelier. Travaill\u00e9 en volutes ou simplement opaque, ce cristal de verre opalin, proche de l\u2019alb\u00e2tre, diffuse et adoucit la lumi\u00e8re de mani\u00e8re unique. <span class=\"s1\">La marqueterie de paille, technique souvent utilis\u00e9e par Laurent Bourgois et Caroline Sarkozy, souligne les lignes simplissimes et \u00e9l\u00e9gantes de ce pied de lampe.\u00a0<\/span><\/p>\n","protected":false},"excerpt":{"rendered":"<p>Design par CSLB Studio<br \/>\nLampe en marqueterie de paille et laiton, abat-jour en tissu &#8220;Drap de Flandres&#8221; ivoire<br \/>\nDimensions et mat\u00e9riaux sur-mesure sur demande<br \/>\nAmpoule E26\/E27 incluse, 40W<br \/>\nDimmable<\/p>\n<p>Total : \u00d8 30 cm x H 43 cm<br \/>\nBase : L 15 x l 10<\/p>\n<p>R\u00e9alis\u00e9e \u00e0 la main en France<br \/>\nD\u00e9lais de production : 8 &#8211; 12 semaines<\/p>\n<p><span style=\"text-decoration: underline;\"><a href=\"https:\/\/www.theinvisiblecollection.com\/fr\/demande-de-devis\/?product_id=38387\">Contactez-nous pour toute demande de devis ou de renseignements<\/a><\/span><\/p>\n","protected":false},"featured_media":75137,"template":"","meta":{"_acf_changed":false,"content-type":"","_themeisle_gutenberg_block_has_review":false},"product_brand":[],"product_cat":[8974,12507,13076],"product_tag":[8954,8993,9016,9048,9049,9256,9406,9429],"product_designer":[8898],"comfabric":[],"manufacturer":[16870],"reporting_designer":[37354],"samplecomfabric":[],"designer_clubroom":[],"class_list":{"0":"post-38387","1":"product","2":"type-product","3":"status-publish","4":"has-post-thumbnail","6":"product_cat-lampes-de-table","7":"product_cat-luminaires","8":"product_cat-bureau-a-la-maison","9":"product_tag-laiton-fr-2","10":"product_tag-salon","11":"product_tag-chambre-fr-2","12":"product_tag-lampe","13":"product_tag-lampe-de-table","14":"product_tag-marqueterie-de-paille","15":"product_tag-cslb-fr","16":"product_tag-csbl-studio-fr","17":"product_designer-cslb-studio-fr","18":"manufacturer-cslb-studio-fr","19":"reporting_designer-cslb-studio","21":"first","22":"instock","23":"taxable","24":"shipping-taxable","25":"purchasable","26":"product-type-variable"},"acf":[],"_links":{"self":[{"href":"https:\/\/theinvisiblecollection.com\/fr\/wp-json\/wp\/v2\/product\/38387","targetHints":{"allow":["GET"]}}],"collection":[{"href":"https:\/\/theinvisiblecollection.com\/fr\/wp-json\/wp\/v2\/product"}],"about":[{"href":"https:\/\/theinvisiblecollection.com\/fr\/wp-json\/wp\/v2\/types\/product"}],"wp:featuredmedia":[{"embeddable":true,"href":"https:\/\/theinvisiblecollection.com\/fr\/wp-json\/wp\/v2\/media\/75137"}],"wp:attachment":[{"href":"https:\/\/theinvisiblecollection.com\/fr\/wp-json\/wp\/v2\/media?parent=38387"}],"wp:term":[{"taxonomy":"product_brand","embeddable":true,"href":"https:\/\/theinvisiblecollection.com\/fr\/wp-json\/wp\/v2\/product_brand?post=38387"},{"taxonomy":"product_cat","embeddable":true,"href":"https:\/\/theinvisiblecollection.com\/fr\/wp-json\/wp\/v2\/product_cat?post=38387"},{"taxonomy":"product_tag","embeddable":true,"href":"https:\/\/theinvisiblecollection.com\/fr\/wp-json\/wp\/v2\/product_tag?post=38387"},{"taxonomy":"product_designer","embeddable":true,"href":"https:\/\/theinvisiblecollection.com\/fr\/wp-json\/wp\/v2\/product_designer?post=38387"},{"taxonomy":"comfabric","embeddable":true,"href":"https:\/\/theinvisiblecollection.com\/fr\/wp-json\/wp\/v2\/comfabric?post=38387"},{"taxonomy":"manufacturer","embeddable":true,"href":"https:\/\/theinvisiblecollection.com\/fr\/wp-json\/wp\/v2\/manufacturer?post=38387"},{"taxonomy":"reporting_designer","embeddable":true,"href":"https:\/\/theinvisiblecollection.com\/fr\/wp-json\/wp\/v2\/reporting_designer?post=38387"},{"taxonomy":"samplecomfabric","embeddable":true,"href":"https:\/\/theinvisiblecollection.com\/fr\/wp-json\/wp\/v2\/samplecomfabric?post=38387"},{"taxonomy":"clubroom_product_designer","embeddable":true,"href":"https:\/\/theinvisiblecollection.com\/fr\/wp-json\/wp\/v2\/designer_clubroom?post=38387"}],"curies":[{"name":"wp","href":"https:\/\/api.w.org\/{rel}","templated":true}]}}