{"id":38442,"date":"2019-11-26T00:00:00","date_gmt":"2019-11-26T00:00:00","guid":{"rendered":"https:\/\/www.theinvisiblecollection.com\/product\/le-chuchotier\/"},"modified":"2026-05-08T04:41:09","modified_gmt":"2026-05-08T04:41:09","slug":"mayaro-editions-le-chuchotier","status":"publish","type":"product","link":"https:\/\/theinvisiblecollection.com\/fr\/produit\/mayaro-editions-le-chuchotier\/","title":{"rendered":"Le Chuchotier"},"content":{"rendered":"<p>Con\u00e7u par Virieu di Petrillo pour Mayaro<\/p>\n<p style=\"text-align: justify;\">Cet objet insolite est fabriqu\u00e9 par une entreprise sp\u00e9cialis\u00e9e dans les instruments de musique et les cors de chasse. C&#8217;est une pi\u00e8ce de conversation parfaite, tr\u00e8s d\u00e9corative lorsqu&#8217;elle est suspendue \u00e0 un mur comme un arc, tr\u00e8s amusante lorsque vous voulez chuchoter des secrets \u00e0 un h\u00f4te \u00e0 votre table. Il a \u00e9t\u00e9 imagin\u00e9 par Virieu di Petrillo.<\/p>\n","protected":false},"excerpt":{"rendered":"<p>Laiton<br \/>\nLani\u00e8re en cuir disponible en orange, rouge, bleu et marron<br \/>\nMayaro r\u00e9alise sur demande une pi\u00e8ce similaire pour communiquer d&#8217;une pi\u00e8ce \u00e0 l&#8217;autre<br \/>\nN\u00e9cessite une installation sp\u00e9cifique, prix sur demande en fonction de la localisation<\/p>\n<p>L 130 x \u00f8 8 cm<\/p>\n<p>Fabriqu\u00e9 \u00e0 la main en France<br \/>\nD\u00e9lais de production : 4 semaines minimum<\/p>\n<p class=\"p1\"><span class=\"s1\"><a href=\"https:\/\/www.theinvisiblecollection.com\/fr\/contact-produit\/?product_id=38442\">Contactez-nous pour toute demande de devis ou de renseignements<\/a><\/span><\/p><\/p>\n","protected":false},"featured_media":81983,"template":"","meta":{"_acf_changed":false,"content-type":"","_themeisle_gutenberg_block_has_review":false},"product_brand":[],"product_cat":[7517,12531],"product_tag":[8954,9015,22790],"product_designer":[8894],"comfabric":[],"manufacturer":[16730],"reporting_designer":[37226],"samplecomfabric":[],"designer_clubroom":[],"class_list":{"0":"post-38442","1":"product","2":"type-product","3":"status-publish","4":"has-post-thumbnail","6":"product_cat-deco-fr","7":"product_cat-objets-de-decoration","8":"product_tag-laiton-fr-2","9":"product_tag-cuir","10":"product_tag-disponible-immediatement","11":"pa_leather-bleu-fr","12":"pa_leather-marron-fr","13":"pa_leather-orange-fr","14":"pa_leather-rouge-fr","15":"product_designer-mayaro-editions-fr","16":"manufacturer-mayaro-editions-fr","17":"reporting_designer-mayaro-editions","18":"exhibitions-paris-fr","20":"first","21":"instock","22":"taxable","23":"shipping-taxable","24":"purchasable","25":"product-type-variable"},"acf":[],"_links":{"self":[{"href":"https:\/\/theinvisiblecollection.com\/fr\/wp-json\/wp\/v2\/product\/38442","targetHints":{"allow":["GET"]}}],"collection":[{"href":"https:\/\/theinvisiblecollection.com\/fr\/wp-json\/wp\/v2\/product"}],"about":[{"href":"https:\/\/theinvisiblecollection.com\/fr\/wp-json\/wp\/v2\/types\/product"}],"wp:featuredmedia":[{"embeddable":true,"href":"https:\/\/theinvisiblecollection.com\/fr\/wp-json\/wp\/v2\/media\/81983"}],"wp:attachment":[{"href":"https:\/\/theinvisiblecollection.com\/fr\/wp-json\/wp\/v2\/media?parent=38442"}],"wp:term":[{"taxonomy":"product_brand","embeddable":true,"href":"https:\/\/theinvisiblecollection.com\/fr\/wp-json\/wp\/v2\/product_brand?post=38442"},{"taxonomy":"product_cat","embeddable":true,"href":"https:\/\/theinvisiblecollection.com\/fr\/wp-json\/wp\/v2\/product_cat?post=38442"},{"taxonomy":"product_tag","embeddable":true,"href":"https:\/\/theinvisiblecollection.com\/fr\/wp-json\/wp\/v2\/product_tag?post=38442"},{"taxonomy":"product_designer","embeddable":true,"href":"https:\/\/theinvisiblecollection.com\/fr\/wp-json\/wp\/v2\/product_designer?post=38442"},{"taxonomy":"comfabric","embeddable":true,"href":"https:\/\/theinvisiblecollection.com\/fr\/wp-json\/wp\/v2\/comfabric?post=38442"},{"taxonomy":"manufacturer","embeddable":true,"href":"https:\/\/theinvisiblecollection.com\/fr\/wp-json\/wp\/v2\/manufacturer?post=38442"},{"taxonomy":"reporting_designer","embeddable":true,"href":"https:\/\/theinvisiblecollection.com\/fr\/wp-json\/wp\/v2\/reporting_designer?post=38442"},{"taxonomy":"samplecomfabric","embeddable":true,"href":"https:\/\/theinvisiblecollection.com\/fr\/wp-json\/wp\/v2\/samplecomfabric?post=38442"},{"taxonomy":"clubroom_product_designer","embeddable":true,"href":"https:\/\/theinvisiblecollection.com\/fr\/wp-json\/wp\/v2\/designer_clubroom?post=38442"}],"curies":[{"name":"wp","href":"https:\/\/api.w.org\/{rel}","templated":true}]}}