{"id":38560,"date":"2016-04-27T00:00:00","date_gmt":"2016-04-27T00:00:00","guid":{"rendered":"https:\/\/www.theinvisiblecollection.com\/product\/lustre-sirene\/"},"modified":"2026-05-01T07:39:55","modified_gmt":"2026-05-01T07:39:55","slug":"jerome-faillant-dumas-lustre-sirene","status":"publish","type":"product","link":"https:\/\/theinvisiblecollection.com\/fr\/produit\/jerome-faillant-dumas-lustre-sirene\/","title":{"rendered":"Lustre Sir\u00e8ne"},"content":{"rendered":"<p style=\"text-align: justify;\"><span class=\"TextRun SCXW62011920 BCX0\" lang=\"FR-FR\" xml:lang=\"FR-FR\" data-contrast=\"auto\"><span class=\"NormalTextRun SCXW62011920 BCX0\">L<\/span><span class=\"NormalTextRun SCXW62011920 BCX0\">e<\/span><span class=\"NormalTextRun SCXW62011920 BCX0\"> lustre<\/span><span class=\"NormalTextRun SCXW62011920 BCX0\"> Sir\u00e8ne, imagin\u00e9 par J\u00e9r\u00f4me Faillant-Dumas, est un hommage d\u00e9licat aux ann\u00e9es 50. R\u00e9alis\u00e9e en pl\u00e2tre, elle diffuse une lumi\u00e8re indirecte qui pr\u00e9serve toute la douceur et le romantisme de l\u2019\u00e9clairage. Chaque d\u00e9tail de cette cr\u00e9ation incarne un \u00e9quilibre subtil entre design vintage et modernit\u00e9, apportant une po\u00e9sie lumineuse unique \u00e0 l\u2019espace.\u00a0<\/span><\/span><span class=\"EOP SCXW62011920 BCX0\" data-ccp-props=\"{&quot;134233117&quot;:false,&quot;134233118&quot;:false,&quot;201341983&quot;:0,&quot;335551550&quot;:1,&quot;335551620&quot;:1,&quot;335559685&quot;:0,&quot;335559737&quot;:0,&quot;335559738&quot;:0,&quot;335559739&quot;:160,&quot;335559740&quot;:279}\">\u00a0<\/span><\/p>\n","protected":false},"excerpt":{"rendered":"<p>Lustre en pl\u00e2tre<br \/>\nFabriqu\u00e9 \u00e0 main lev\u00e9e sans moule<\/p>\n<p>\u00d8\u00a050 x H 85 cm<\/p>\n<p>Fabriqu\u00e9 \u00e0 la main en France<br \/>\nD\u00e9lais de fabrication : 12 &#8211; 14 semaines<\/p>\n<p><span style=\"text-decoration: underline;\"><a href=\"https:\/\/www.theinvisiblecollection.com\/fr\/demande-de-devis\/?product_id=38560\" target=\"_blank\" rel=\"noopener\">Contactez-nous pour toute demande de devis ou de renseignement<\/a><\/span><\/p>\n","protected":false},"featured_media":100706,"template":"","meta":{"_acf_changed":false,"content-type":"","_themeisle_gutenberg_block_has_review":false},"product_brand":[],"product_cat":[8961,12507],"product_tag":[8993,9016,9200,9342,9450,9728,10389,31474,31477],"product_designer":[8887],"comfabric":[],"manufacturer":[],"reporting_designer":[37606],"samplecomfabric":[],"designer_clubroom":[],"class_list":{"0":"post-38560","1":"product","2":"type-product","3":"status-publish","4":"has-post-thumbnail","6":"product_cat-suspensions","7":"product_cat-luminaires","8":"product_tag-salon","9":"product_tag-chambre-fr-2","10":"product_tag-luminaire-fr-2","11":"product_tag-blanc-antique","12":"product_tag-suspension-fr-3","13":"product_tag-chandelier-fr","14":"product_tag-jerome-faillant-dumas-fr-fr","15":"product_tag-co-white-fr","16":"product_tag-st-curvy-fr","17":"product_designer-jerome-faillant-dumas-fr","18":"reporting_designer-jerome-faillant-dumas","20":"first","21":"instock","22":"taxable","23":"shipping-taxable","24":"purchasable","25":"product-type-simple"},"acf":[],"_links":{"self":[{"href":"https:\/\/theinvisiblecollection.com\/fr\/wp-json\/wp\/v2\/product\/38560","targetHints":{"allow":["GET"]}}],"collection":[{"href":"https:\/\/theinvisiblecollection.com\/fr\/wp-json\/wp\/v2\/product"}],"about":[{"href":"https:\/\/theinvisiblecollection.com\/fr\/wp-json\/wp\/v2\/types\/product"}],"wp:featuredmedia":[{"embeddable":true,"href":"https:\/\/theinvisiblecollection.com\/fr\/wp-json\/wp\/v2\/media\/100706"}],"wp:attachment":[{"href":"https:\/\/theinvisiblecollection.com\/fr\/wp-json\/wp\/v2\/media?parent=38560"}],"wp:term":[{"taxonomy":"product_brand","embeddable":true,"href":"https:\/\/theinvisiblecollection.com\/fr\/wp-json\/wp\/v2\/product_brand?post=38560"},{"taxonomy":"product_cat","embeddable":true,"href":"https:\/\/theinvisiblecollection.com\/fr\/wp-json\/wp\/v2\/product_cat?post=38560"},{"taxonomy":"product_tag","embeddable":true,"href":"https:\/\/theinvisiblecollection.com\/fr\/wp-json\/wp\/v2\/product_tag?post=38560"},{"taxonomy":"product_designer","embeddable":true,"href":"https:\/\/theinvisiblecollection.com\/fr\/wp-json\/wp\/v2\/product_designer?post=38560"},{"taxonomy":"comfabric","embeddable":true,"href":"https:\/\/theinvisiblecollection.com\/fr\/wp-json\/wp\/v2\/comfabric?post=38560"},{"taxonomy":"manufacturer","embeddable":true,"href":"https:\/\/theinvisiblecollection.com\/fr\/wp-json\/wp\/v2\/manufacturer?post=38560"},{"taxonomy":"reporting_designer","embeddable":true,"href":"https:\/\/theinvisiblecollection.com\/fr\/wp-json\/wp\/v2\/reporting_designer?post=38560"},{"taxonomy":"samplecomfabric","embeddable":true,"href":"https:\/\/theinvisiblecollection.com\/fr\/wp-json\/wp\/v2\/samplecomfabric?post=38560"},{"taxonomy":"clubroom_product_designer","embeddable":true,"href":"https:\/\/theinvisiblecollection.com\/fr\/wp-json\/wp\/v2\/designer_clubroom?post=38560"}],"curies":[{"name":"wp","href":"https:\/\/api.w.org\/{rel}","templated":true}]}}