{"id":38573,"date":"2016-04-27T00:00:00","date_gmt":"2016-04-26T23:00:00","guid":{"rendered":"https:\/\/www.theinvisiblecollection.com\/product\/meridienne-psy\/"},"modified":"2026-05-01T07:39:55","modified_gmt":"2026-05-01T07:39:55","slug":"jerome-faillant-dumas-meridienne-psy","status":"publish","type":"product","link":"https:\/\/theinvisiblecollection.com\/fr\/produit\/jerome-faillant-dumas-meridienne-psy\/","title":{"rendered":"M\u00e9ridienne Psy"},"content":{"rendered":"<p style=\"text-align: justify;\"><span class=\"TextRun SCXW35187909 BCX0\" lang=\"FR-FR\" xml:lang=\"FR-FR\" data-contrast=\"auto\"><span class=\"NormalTextRun SCXW35187909 BCX0\">La M\u00e9ridienne Psy, sign\u00e9e J\u00e9r\u00f4me Faillant-Dumas, joue avec un clin d\u2019\u0153il humoristique \u00e0 son nom : &#8220;<\/span><span class=\"NormalTextRun SCXW35187909 BCX0\">Tout le monde a besoin d\u2019un psy !&#8221;<\/span><span class=\"NormalTextRun SCXW35187909 BCX0\">.<\/span><span class=\"NormalTextRun SCXW35187909 BCX0\"> Cette pi\u00e8ce invite \u00e0 la d\u00e9tente et \u00e0 la confidence, alliant confort g\u00e9n\u00e9reux et design contemporain. Une m\u00e9ridienne qui accueille \u00e0 la fois le corps et l\u2019esprit.\u00a0<\/span><\/span><span class=\"EOP SCXW35187909 BCX0\" data-ccp-props=\"{&quot;134233117&quot;:false,&quot;134233118&quot;:false,&quot;201341983&quot;:0,&quot;335551550&quot;:1,&quot;335551620&quot;:1,&quot;335559685&quot;:0,&quot;335559737&quot;:0,&quot;335559738&quot;:0,&quot;335559739&quot;:160,&quot;335559740&quot;:279}\">\u00a0<\/span><\/p>\n","protected":false},"excerpt":{"rendered":"<p>Dessin\u00e9e par J\u00e9r\u00f4me Faillant-Dumas &amp; Ga\u00ebtan Lebegue<br \/>\nPeau de buffle d\u2019Or\u00e9gon et pieds boule en m\u00e9tal canon de fusil<br \/>\nPrix en blanc (sans tissu et cuir)<br \/>\nColoris sur-mesure sur demande<\/p>\n<p>L 200 x l 80 x H 39 cm<br \/>\nHauteur d&#8217;assise : 37 cm<br \/>\nTissu requis matelas : 3 m<br \/>\nTissu requis traversin : 0.8 m<\/p>\n<p>Fabriqu\u00e9 \u00e0 la main en France<br \/>\nD\u00e9lais de fabrication : 12 &#8211; 14 semaines<\/p>\n<p><span style=\"text-decoration: underline;\"><span class=\"s1\"><a href=\"https:\/\/www.theinvisiblecollection.com\/fr\/demande-de-devis\/?product_id=36560\">Contactez-nous pour toute demande de devis ou de renseignements<\/a><\/span><\/span><\/p>\n","protected":false},"featured_media":112935,"template":"","meta":{"_acf_changed":false,"content-type":"","_themeisle_gutenberg_block_has_review":false},"product_brand":[],"product_cat":[7909,8947,8973,12499,12501],"product_tag":[35326,8942,8993,9385,10389,31477],"product_designer":[8887],"comfabric":[33905],"manufacturer":[16770],"reporting_designer":[37606],"samplecomfabric":[],"designer_clubroom":[],"class_list":{"0":"post-38573","1":"product","2":"type-product","3":"status-publish","4":"has-post-thumbnail","6":"product_cat-lits","7":"product_cat-bancs","8":"product_cat-canapes-lits","9":"product_cat-assises","10":"product_cat-chambre-a-coucher","11":"product_tag-st-scandinavian-fr","12":"product_tag-assise","13":"product_tag-salon","14":"product_tag-lit-fr-5","15":"product_tag-jerome-faillant-dumas-fr-fr","16":"product_tag-st-curvy-fr","17":"pa_fabric-dedar-splendido-smoke-fr","18":"pa_fabric-en-blanc-sans-tissu-fr","19":"pa_fabric-lelievre-maestro-23-patine-fr","20":"product_designer-jerome-faillant-dumas-fr","21":"comfabric-aura-atelier-jfd-fr","22":"manufacturer-love-editions-fr","23":"reporting_designer-jerome-faillant-dumas","25":"first","26":"instock","27":"taxable","28":"shipping-taxable","29":"product-type-variable"},"acf":[],"_links":{"self":[{"href":"https:\/\/theinvisiblecollection.com\/fr\/wp-json\/wp\/v2\/product\/38573","targetHints":{"allow":["GET"]}}],"collection":[{"href":"https:\/\/theinvisiblecollection.com\/fr\/wp-json\/wp\/v2\/product"}],"about":[{"href":"https:\/\/theinvisiblecollection.com\/fr\/wp-json\/wp\/v2\/types\/product"}],"wp:featuredmedia":[{"embeddable":true,"href":"https:\/\/theinvisiblecollection.com\/fr\/wp-json\/wp\/v2\/media\/112935"}],"wp:attachment":[{"href":"https:\/\/theinvisiblecollection.com\/fr\/wp-json\/wp\/v2\/media?parent=38573"}],"wp:term":[{"taxonomy":"product_brand","embeddable":true,"href":"https:\/\/theinvisiblecollection.com\/fr\/wp-json\/wp\/v2\/product_brand?post=38573"},{"taxonomy":"product_cat","embeddable":true,"href":"https:\/\/theinvisiblecollection.com\/fr\/wp-json\/wp\/v2\/product_cat?post=38573"},{"taxonomy":"product_tag","embeddable":true,"href":"https:\/\/theinvisiblecollection.com\/fr\/wp-json\/wp\/v2\/product_tag?post=38573"},{"taxonomy":"product_designer","embeddable":true,"href":"https:\/\/theinvisiblecollection.com\/fr\/wp-json\/wp\/v2\/product_designer?post=38573"},{"taxonomy":"comfabric","embeddable":true,"href":"https:\/\/theinvisiblecollection.com\/fr\/wp-json\/wp\/v2\/comfabric?post=38573"},{"taxonomy":"manufacturer","embeddable":true,"href":"https:\/\/theinvisiblecollection.com\/fr\/wp-json\/wp\/v2\/manufacturer?post=38573"},{"taxonomy":"reporting_designer","embeddable":true,"href":"https:\/\/theinvisiblecollection.com\/fr\/wp-json\/wp\/v2\/reporting_designer?post=38573"},{"taxonomy":"samplecomfabric","embeddable":true,"href":"https:\/\/theinvisiblecollection.com\/fr\/wp-json\/wp\/v2\/samplecomfabric?post=38573"},{"taxonomy":"clubroom_product_designer","embeddable":true,"href":"https:\/\/theinvisiblecollection.com\/fr\/wp-json\/wp\/v2\/designer_clubroom?post=38573"}],"curies":[{"name":"wp","href":"https:\/\/api.w.org\/{rel}","templated":true}]}}