{"id":38574,"date":"2021-04-22T11:40:00","date_gmt":"2021-04-22T10:40:00","guid":{"rendered":"https:\/\/www.theinvisiblecollection.com\/product\/meuble-bar-roulant-flintstones\/"},"modified":"2026-05-01T07:39:55","modified_gmt":"2026-05-01T07:39:55","slug":"etel-meuble-bar-roulant-flintstones","status":"publish","type":"product","link":"https:\/\/theinvisiblecollection.com\/fr\/produit\/etel-meuble-bar-roulant-flintstones\/","title":{"rendered":"Meuble Bar Roulant Flintstones"},"content":{"rendered":"<p>Construit avec un plateau en porte-\u00e0-faux spectaculaire et un rouleau en bois massif pour faciliter les mouvements, ce meuble bar roulant d&#8217;Arthur de Mattos Casas rend hommage aux conceptions de chariot des d\u00e9buts de l&#8217;\u00e2ge de pierre.<\/p>\n","protected":false},"excerpt":{"rendered":"<p>Design par Arthur de Mattos Casas<br \/>\nMeuble Bar Roulant photographi\u00e9 ici en Bois de Freijo Teint\u00e9<br \/>\nStructure en acier et plateau en verre<br \/>\n<span style=\"text-decoration: underline;\"><a href=\"https:\/\/theinvisiblecollection.com\/wp-content\/uploads\/2022\/11\/TheInvisibleCollection_WoodSelection_FlinstoneTeaTrolley.pdf\" target=\"_blank\" rel=\"noopener\">D\u00e9couvrez la s\u00e9lection de bois<\/a><\/span><\/p>\n<p>L 147 x l 63.5 x H 74 cm<\/p>\n<p>Fabriqu\u00e9 \u00e0 la main au Br\u00e9sil<br \/>\nD\u00e9lais de fabrication : 20 &#8211; 24 semaines<\/p>\n<p><span style=\"text-decoration: underline;\"><a href=\"https:\/\/www.theinvisiblecollection.com\/fr\/demande-de-devis\/?product_id=38574\">Contactez-nous pour toute demande de devis ou de renseignements<\/a><\/span><\/p>\n","protected":false},"featured_media":67262,"template":"","meta":{"_acf_changed":false,"content-type":"","_themeisle_gutenberg_block_has_review":false},"product_brand":[],"product_cat":[8957,12505,12526],"product_tag":[9250,9251,9416,9423,9668,9715,9716,9717,9718,10494,11335,8854,8856,8952],"product_designer":[8866],"comfabric":[28854],"manufacturer":[16878],"reporting_designer":[37382],"samplecomfabric":[30448],"designer_clubroom":[],"class_list":{"0":"post-38574","1":"product","2":"type-product","3":"status-publish","4":"has-post-thumbnail","6":"product_cat-commodes","7":"product_cat-rangements","8":"product_cat-bars-et-cabinets","9":"product_tag-the","10":"product_tag-tea-time","11":"product_tag-design-fr","12":"product_tag-storage","13":"product_tag-designer-bresilien-fr-fr","14":"product_tag-salon-fr-2","15":"product_tag-chariot","16":"product_tag-meuble-bar-a-the-roulant","17":"product_tag-meuble-bar-roulant","18":"product_tag-bresil","19":"product_tag-eco-design","20":"product_tag-etel-fr-2","21":"product_tag-arthur-casas-fr-fr","22":"product_tag-bois-fr","23":"product_designer-etel-fr","24":"comfabric-etel-atelier-1-fr","25":"manufacturer-etel-atelier-1-fr","26":"reporting_designer-etel","27":"samplecomfabric-etel-fr","29":"first","30":"instock","31":"taxable","32":"shipping-taxable","33":"purchasable","34":"product-type-variable"},"acf":[],"_links":{"self":[{"href":"https:\/\/theinvisiblecollection.com\/fr\/wp-json\/wp\/v2\/product\/38574","targetHints":{"allow":["GET"]}}],"collection":[{"href":"https:\/\/theinvisiblecollection.com\/fr\/wp-json\/wp\/v2\/product"}],"about":[{"href":"https:\/\/theinvisiblecollection.com\/fr\/wp-json\/wp\/v2\/types\/product"}],"wp:featuredmedia":[{"embeddable":true,"href":"https:\/\/theinvisiblecollection.com\/fr\/wp-json\/wp\/v2\/media\/67262"}],"wp:attachment":[{"href":"https:\/\/theinvisiblecollection.com\/fr\/wp-json\/wp\/v2\/media?parent=38574"}],"wp:term":[{"taxonomy":"product_brand","embeddable":true,"href":"https:\/\/theinvisiblecollection.com\/fr\/wp-json\/wp\/v2\/product_brand?post=38574"},{"taxonomy":"product_cat","embeddable":true,"href":"https:\/\/theinvisiblecollection.com\/fr\/wp-json\/wp\/v2\/product_cat?post=38574"},{"taxonomy":"product_tag","embeddable":true,"href":"https:\/\/theinvisiblecollection.com\/fr\/wp-json\/wp\/v2\/product_tag?post=38574"},{"taxonomy":"product_designer","embeddable":true,"href":"https:\/\/theinvisiblecollection.com\/fr\/wp-json\/wp\/v2\/product_designer?post=38574"},{"taxonomy":"comfabric","embeddable":true,"href":"https:\/\/theinvisiblecollection.com\/fr\/wp-json\/wp\/v2\/comfabric?post=38574"},{"taxonomy":"manufacturer","embeddable":true,"href":"https:\/\/theinvisiblecollection.com\/fr\/wp-json\/wp\/v2\/manufacturer?post=38574"},{"taxonomy":"reporting_designer","embeddable":true,"href":"https:\/\/theinvisiblecollection.com\/fr\/wp-json\/wp\/v2\/reporting_designer?post=38574"},{"taxonomy":"samplecomfabric","embeddable":true,"href":"https:\/\/theinvisiblecollection.com\/fr\/wp-json\/wp\/v2\/samplecomfabric?post=38574"},{"taxonomy":"clubroom_product_designer","embeddable":true,"href":"https:\/\/theinvisiblecollection.com\/fr\/wp-json\/wp\/v2\/designer_clubroom?post=38574"}],"curies":[{"name":"wp","href":"https:\/\/api.w.org\/{rel}","templated":true}]}}