{"id":38577,"date":"2019-04-16T00:00:00","date_gmt":"2019-04-15T23:00:00","guid":{"rendered":"https:\/\/www.theinvisiblecollection.com\/product\/meuble-bar-roulant-gs\/"},"modified":"2026-05-01T07:39:55","modified_gmt":"2026-05-01T07:39:55","slug":"etel-meuble-bar-roulant-gs","status":"publish","type":"product","link":"https:\/\/theinvisiblecollection.com\/fr\/produit\/etel-meuble-bar-roulant-gs\/","title":{"rendered":"Meuble Bar Roulant GS"},"content":{"rendered":"","protected":false},"excerpt":{"rendered":"<p>Design par Giuseppe Scapinelli<br \/>\nMeuble bar \u00e0 roulettes r\u00e9alis\u00e9 en bois d&#8217;Imbuia<br \/>\n<a href=\"https:\/\/theinvisiblecollection.com\/wp-content\/uploads\/2022\/11\/TheInvisibleCollection_WoodSelection_GSTeaTrolley_LBBTeaTrolley.jpg\" target=\"_blank\" rel=\"noopener\">D<span style=\"text-decoration: underline;\">\u00e9couvrez la s\u00e9lection de bois ici<\/span><\/a><\/p>\n<p>L 86 x l 44 x H 73 cm<\/p>\n<p>Fabriqu\u00e9 \u00e0 la main au Br\u00e9sil<br \/>\nD\u00e9lais de production : 20 &#8211; 24 semaines<\/p>\n<p><span style=\"text-decoration: underline;\"><a href=\"https:\/\/www.theinvisiblecollection.com\/fr\/demande-de-devis\/?product_id=38577\" target=\"_blank\" rel=\"noopener noreferrer\">Contactez-nous pour toute demande de devis ou de renseignements<\/a><\/span><\/p>\n","protected":false},"featured_media":77190,"template":"","meta":{"_acf_changed":false,"content-type":"","_themeisle_gutenberg_block_has_review":false},"product_brand":[],"product_cat":[8957,12505,12526],"product_tag":[10494,10882,10904,10912,11235,11335,8863,8955,9046,9047,9423,9668,9716,9717,9718],"product_designer":[8866,10565],"comfabric":[28854],"manufacturer":[16878],"reporting_designer":[37382],"samplecomfabric":[30448],"designer_clubroom":[],"class_list":{"0":"post-38577","1":"product","2":"type-product","3":"status-publish","4":"has-post-thumbnail","6":"product_cat-commodes","7":"product_cat-rangements","8":"product_cat-bars-et-cabinets","9":"product_tag-bresil","10":"product_tag-accessoires","11":"product_tag-bar-fr","12":"product_tag-trolley-de-bar","13":"product_tag-reedition-fr-fr","14":"product_tag-eco-design","15":"product_tag-etel-design-fr-2","16":"product_tag-table","17":"product_tag-art-de-la-table","18":"product_tag-diner","19":"product_tag-storage","20":"product_tag-designer-bresilien-fr-fr","21":"product_tag-chariot","22":"product_tag-meuble-bar-a-the-roulant","23":"product_tag-meuble-bar-roulant","24":"product_designer-etel-fr","25":"product_designer-giuseppe-scapinelli-par-etel-fr","26":"comfabric-etel-atelier-1-fr","27":"manufacturer-etel-atelier-1-fr","28":"reporting_designer-etel","29":"samplecomfabric-etel-fr","30":"exhibitions-los-angeles-fr","32":"first","33":"instock","34":"taxable","35":"shipping-taxable","36":"purchasable","37":"product-type-variable"},"acf":[],"_links":{"self":[{"href":"https:\/\/theinvisiblecollection.com\/fr\/wp-json\/wp\/v2\/product\/38577","targetHints":{"allow":["GET"]}}],"collection":[{"href":"https:\/\/theinvisiblecollection.com\/fr\/wp-json\/wp\/v2\/product"}],"about":[{"href":"https:\/\/theinvisiblecollection.com\/fr\/wp-json\/wp\/v2\/types\/product"}],"wp:featuredmedia":[{"embeddable":true,"href":"https:\/\/theinvisiblecollection.com\/fr\/wp-json\/wp\/v2\/media\/77190"}],"wp:attachment":[{"href":"https:\/\/theinvisiblecollection.com\/fr\/wp-json\/wp\/v2\/media?parent=38577"}],"wp:term":[{"taxonomy":"product_brand","embeddable":true,"href":"https:\/\/theinvisiblecollection.com\/fr\/wp-json\/wp\/v2\/product_brand?post=38577"},{"taxonomy":"product_cat","embeddable":true,"href":"https:\/\/theinvisiblecollection.com\/fr\/wp-json\/wp\/v2\/product_cat?post=38577"},{"taxonomy":"product_tag","embeddable":true,"href":"https:\/\/theinvisiblecollection.com\/fr\/wp-json\/wp\/v2\/product_tag?post=38577"},{"taxonomy":"product_designer","embeddable":true,"href":"https:\/\/theinvisiblecollection.com\/fr\/wp-json\/wp\/v2\/product_designer?post=38577"},{"taxonomy":"comfabric","embeddable":true,"href":"https:\/\/theinvisiblecollection.com\/fr\/wp-json\/wp\/v2\/comfabric?post=38577"},{"taxonomy":"manufacturer","embeddable":true,"href":"https:\/\/theinvisiblecollection.com\/fr\/wp-json\/wp\/v2\/manufacturer?post=38577"},{"taxonomy":"reporting_designer","embeddable":true,"href":"https:\/\/theinvisiblecollection.com\/fr\/wp-json\/wp\/v2\/reporting_designer?post=38577"},{"taxonomy":"samplecomfabric","embeddable":true,"href":"https:\/\/theinvisiblecollection.com\/fr\/wp-json\/wp\/v2\/samplecomfabric?post=38577"},{"taxonomy":"clubroom_product_designer","embeddable":true,"href":"https:\/\/theinvisiblecollection.com\/fr\/wp-json\/wp\/v2\/designer_clubroom?post=38577"}],"curies":[{"name":"wp","href":"https:\/\/api.w.org\/{rel}","templated":true}]}}