{"id":38578,"date":"2020-09-15T13:00:00","date_gmt":"2020-09-15T12:00:00","guid":{"rendered":"https:\/\/www.theinvisiblecollection.com\/product\/meuble-bar-roulant-jz\/"},"modified":"2026-05-01T07:39:55","modified_gmt":"2026-05-01T07:39:55","slug":"etel-meuble-bar-roulant-jz","status":"publish","type":"product","link":"https:\/\/theinvisiblecollection.com\/fr\/produit\/etel-meuble-bar-roulant-jz\/","title":{"rendered":"Meuble Bar Roulant JZ"},"content":{"rendered":"<p style=\"text-align: justify;\">Un classique moderniste br\u00e9silien, le &#8216;JZ&#8217; a \u00e9t\u00e9 con\u00e7u dans les ann\u00e9es 1950 par Jorge Zalszupin. Sa paire de roues en laiton \u00e9lanc\u00e9es mais surdimensionn\u00e9es domine de fa\u00e7on spectaculaire l&#8217;\u00e9tag\u00e8re inf\u00e9rieure \u00e0 c\u00f4t\u00e9s triangulaires ; le plateau du haut est amovible.<\/p>\n","protected":false},"excerpt":{"rendered":"<p>Design par Jorge Zalszupin<br \/>\nStructure, support pivotant, \u00e9tag\u00e8re amovible et plateau r\u00e9alis\u00e9s en bois d&#8217;Imbuia, couleur miel<br \/>\nStructure r\u00e9alis\u00e9e en fer et roulettes en laiton<span style=\"text-decoration: underline;\"><br \/>\n<a href=\"https:\/\/theinvisiblecollection.com\/wp-content\/uploads\/2021\/05\/TheInvisibleCollection_Wood_Samples_JZ_Tea_Trolley.pdf\">D\u00e9couvrez la s\u00e9lection de bois ici<\/a><\/span><\/p>\n<p>L 113 x l 49,5 x H 74 cm<\/p>\n<p>Fabriqu\u00e9 \u00e0 la main au Br\u00e9sil<br \/>\nD\u00e9lais de production : 20 &#8211; 24 semaines<\/p>\n<p><span style=\"text-decoration: underline;\"><a href=\"https:\/\/www.theinvisiblecollection.com\/fr\/demande-de-devis\/?product_id=38578\" target=\"_blank\" rel=\"noopener noreferrer\">Contactez-nous pour toute demande de devis ou de renseignements<\/a><\/span><\/p>\n","protected":false},"featured_media":77186,"template":"","meta":{"_acf_changed":false,"content-type":"","_themeisle_gutenberg_block_has_review":false},"product_brand":[],"product_cat":[8957,12505,12526],"product_tag":[11237,11335,8854,8862,8943,8952,8954,9416,9668,9717,11234],"product_designer":[8866,15483],"comfabric":[28854],"manufacturer":[16878],"reporting_designer":[37382],"samplecomfabric":[30448],"designer_clubroom":[],"class_list":{"0":"post-38578","1":"product","2":"type-product","3":"status-publish","4":"has-post-thumbnail","6":"product_cat-commodes","7":"product_cat-rangements","8":"product_cat-bars-et-cabinets","9":"product_tag-fer","10":"product_tag-eco-design","11":"product_tag-etel-fr-2","12":"product_tag-etel-carmona-fr-3","13":"product_tag-jorge-zalszupin-fr","14":"product_tag-bois-fr","15":"product_tag-laiton-fr-2","16":"product_tag-design-fr","17":"product_tag-designer-bresilien-fr-fr","18":"product_tag-meuble-bar-a-the-roulant","19":"product_tag-jz-fr","20":"pa_wood-cannelle-miel-fr","21":"pa_wood-imbuia-miel-fr","22":"pa_wood-imbuia-teinte-fr","23":"product_designer-etel-fr","24":"product_designer-jorge-zalszupin-par-etel","25":"comfabric-etel-atelier-1-fr","26":"manufacturer-etel-atelier-1-fr","27":"reporting_designer-etel","28":"samplecomfabric-etel-fr","30":"first","31":"instock","32":"taxable","33":"shipping-taxable","34":"purchasable","35":"product-type-simple"},"acf":[],"_links":{"self":[{"href":"https:\/\/theinvisiblecollection.com\/fr\/wp-json\/wp\/v2\/product\/38578","targetHints":{"allow":["GET"]}}],"collection":[{"href":"https:\/\/theinvisiblecollection.com\/fr\/wp-json\/wp\/v2\/product"}],"about":[{"href":"https:\/\/theinvisiblecollection.com\/fr\/wp-json\/wp\/v2\/types\/product"}],"wp:featuredmedia":[{"embeddable":true,"href":"https:\/\/theinvisiblecollection.com\/fr\/wp-json\/wp\/v2\/media\/77186"}],"wp:attachment":[{"href":"https:\/\/theinvisiblecollection.com\/fr\/wp-json\/wp\/v2\/media?parent=38578"}],"wp:term":[{"taxonomy":"product_brand","embeddable":true,"href":"https:\/\/theinvisiblecollection.com\/fr\/wp-json\/wp\/v2\/product_brand?post=38578"},{"taxonomy":"product_cat","embeddable":true,"href":"https:\/\/theinvisiblecollection.com\/fr\/wp-json\/wp\/v2\/product_cat?post=38578"},{"taxonomy":"product_tag","embeddable":true,"href":"https:\/\/theinvisiblecollection.com\/fr\/wp-json\/wp\/v2\/product_tag?post=38578"},{"taxonomy":"product_designer","embeddable":true,"href":"https:\/\/theinvisiblecollection.com\/fr\/wp-json\/wp\/v2\/product_designer?post=38578"},{"taxonomy":"comfabric","embeddable":true,"href":"https:\/\/theinvisiblecollection.com\/fr\/wp-json\/wp\/v2\/comfabric?post=38578"},{"taxonomy":"manufacturer","embeddable":true,"href":"https:\/\/theinvisiblecollection.com\/fr\/wp-json\/wp\/v2\/manufacturer?post=38578"},{"taxonomy":"reporting_designer","embeddable":true,"href":"https:\/\/theinvisiblecollection.com\/fr\/wp-json\/wp\/v2\/reporting_designer?post=38578"},{"taxonomy":"samplecomfabric","embeddable":true,"href":"https:\/\/theinvisiblecollection.com\/fr\/wp-json\/wp\/v2\/samplecomfabric?post=38578"},{"taxonomy":"clubroom_product_designer","embeddable":true,"href":"https:\/\/theinvisiblecollection.com\/fr\/wp-json\/wp\/v2\/designer_clubroom?post=38578"}],"curies":[{"name":"wp","href":"https:\/\/api.w.org\/{rel}","templated":true}]}}