{"id":38585,"date":"2021-05-20T10:30:00","date_gmt":"2021-05-20T09:30:00","guid":{"rendered":"https:\/\/www.theinvisiblecollection.com\/product\/meuble-bar-roulant-toto\/"},"modified":"2026-05-08T04:41:07","modified_gmt":"2026-05-08T04:41:07","slug":"etel-meuble-bar-roulant-toto","status":"publish","type":"product","link":"https:\/\/theinvisiblecollection.com\/fr\/produit\/etel-meuble-bar-roulant-toto\/","title":{"rendered":"Meuble Bar Roulant Toto"},"content":{"rendered":"<p style=\"text-align: justify;\">Le meuble bar roulant Toto dessin\u00e9 par Isay Weinfeld est une interpr\u00e9tation contemporaine du chariot \u00e0 th\u00e9 classique. Le nom a \u00e9t\u00e9 choisi parce que cette pi\u00e8ce mobile est munie d&#8217;une lani\u00e8re de cuir qui, comme une laisse, peut \u00eatre tir\u00e9e pour la promener, comme on le ferait avec un chiot. Souvent pr\u00e9sent\u00e9 dans des publications internationales, le chariot \u00e0 th\u00e9 Toto a \u00e9t\u00e9 expos\u00e9 au Centre d&#8217;architecture de Vienne, en m\u00eame temps que d&#8217;autres projets d&#8217;Isay.<\/p>\n","protected":false},"excerpt":{"rendered":"<p>Design par Isay Weinfeld<br \/>\nMeuble bar roulant r\u00e9alis\u00e9 en bois de Freijo Naturel et une vari\u00e9t\u00e9 de bois br\u00e9siliens<br \/>\nLani\u00e8res en cuir<\/p>\n<p>L 61 x l 61 x H 52 cm<\/p>\n<p>Fabriqu\u00e9 \u00e0 la main au Br\u00e9sil<br \/>\nD\u00e9lais de fabrication : 20 semaines<\/p>\n<p><span style=\"text-decoration: underline;\"><a href=\"https:\/\/www.theinvisiblecollection.com\/fr\/demande-de-devis\/?product_id=38585\" target=\"_blank\" rel=\"noopener noreferrer\">Contactez-nous pour toute demande de devis ou de renseignements<\/a><\/span><\/p>\n","protected":false},"featured_media":77192,"template":"","meta":{"_acf_changed":false,"content-type":"","_themeisle_gutenberg_block_has_review":false},"product_brand":[],"product_cat":[12505,12526,13076],"product_tag":[8854,9015,9250,9416,9668,9718,10497,11335,31474,35326],"product_designer":[8866],"comfabric":[28854],"manufacturer":[16878],"reporting_designer":[37382],"samplecomfabric":[30448],"designer_clubroom":[],"class_list":{"0":"post-38585","1":"product","2":"type-product","3":"status-publish","4":"has-post-thumbnail","6":"product_cat-rangements","7":"product_cat-bars-et-cabinets","8":"product_cat-bureau-a-la-maison","9":"product_tag-etel-fr-2","10":"product_tag-cuir","11":"product_tag-the","12":"product_tag-design-fr","13":"product_tag-designer-bresilien-fr-fr","14":"product_tag-meuble-bar-roulant","15":"product_tag-objet-dart-fr","16":"product_tag-eco-design","17":"product_tag-co-white-fr","18":"product_tag-st-scandinavian-fr","19":"product_designer-etel-fr","20":"comfabric-etel-atelier-1-fr","21":"manufacturer-etel-atelier-1-fr","22":"reporting_designer-etel","23":"samplecomfabric-etel-fr","25":"first","26":"instock","27":"featured","28":"taxable","29":"shipping-taxable","30":"purchasable","31":"product-type-simple"},"acf":[],"_links":{"self":[{"href":"https:\/\/theinvisiblecollection.com\/fr\/wp-json\/wp\/v2\/product\/38585","targetHints":{"allow":["GET"]}}],"collection":[{"href":"https:\/\/theinvisiblecollection.com\/fr\/wp-json\/wp\/v2\/product"}],"about":[{"href":"https:\/\/theinvisiblecollection.com\/fr\/wp-json\/wp\/v2\/types\/product"}],"wp:featuredmedia":[{"embeddable":true,"href":"https:\/\/theinvisiblecollection.com\/fr\/wp-json\/wp\/v2\/media\/77192"}],"wp:attachment":[{"href":"https:\/\/theinvisiblecollection.com\/fr\/wp-json\/wp\/v2\/media?parent=38585"}],"wp:term":[{"taxonomy":"product_brand","embeddable":true,"href":"https:\/\/theinvisiblecollection.com\/fr\/wp-json\/wp\/v2\/product_brand?post=38585"},{"taxonomy":"product_cat","embeddable":true,"href":"https:\/\/theinvisiblecollection.com\/fr\/wp-json\/wp\/v2\/product_cat?post=38585"},{"taxonomy":"product_tag","embeddable":true,"href":"https:\/\/theinvisiblecollection.com\/fr\/wp-json\/wp\/v2\/product_tag?post=38585"},{"taxonomy":"product_designer","embeddable":true,"href":"https:\/\/theinvisiblecollection.com\/fr\/wp-json\/wp\/v2\/product_designer?post=38585"},{"taxonomy":"comfabric","embeddable":true,"href":"https:\/\/theinvisiblecollection.com\/fr\/wp-json\/wp\/v2\/comfabric?post=38585"},{"taxonomy":"manufacturer","embeddable":true,"href":"https:\/\/theinvisiblecollection.com\/fr\/wp-json\/wp\/v2\/manufacturer?post=38585"},{"taxonomy":"reporting_designer","embeddable":true,"href":"https:\/\/theinvisiblecollection.com\/fr\/wp-json\/wp\/v2\/reporting_designer?post=38585"},{"taxonomy":"samplecomfabric","embeddable":true,"href":"https:\/\/theinvisiblecollection.com\/fr\/wp-json\/wp\/v2\/samplecomfabric?post=38585"},{"taxonomy":"clubroom_product_designer","embeddable":true,"href":"https:\/\/theinvisiblecollection.com\/fr\/wp-json\/wp\/v2\/designer_clubroom?post=38585"}],"curies":[{"name":"wp","href":"https:\/\/api.w.org\/{rel}","templated":true}]}}