{"id":38587,"date":"2017-03-09T00:00:00","date_gmt":"2017-03-09T00:00:00","guid":{"rendered":"https:\/\/www.theinvisiblecollection.com\/product\/meuble-puzzle\/"},"modified":"2026-05-01T07:39:55","modified_gmt":"2026-05-01T07:39:55","slug":"oitoemponto-meuble-puzzle","status":"publish","type":"product","link":"https:\/\/theinvisiblecollection.com\/fr\/produit\/oitoemponto-meuble-puzzle\/","title":{"rendered":"Meuble Puzzle"},"content":{"rendered":"<p style=\"text-align: justify;\">Tir\u00e9s \u00e0 seulement 8 exemplaires (chiffre f\u00e9tiche d\u2019OITOEMPONTO), les meubles de\u00a0la collection Puzzle\u00a0s\u2019inspirent d\u2019un d\u00e9cor de t\u00e9l\u00e9vision des ann\u00e9es 1980.\u00a0Jacques Bec et Artur Miranda ont demand\u00e9 \u00e0 leurs artisans de repousser les limites de leur art afin de r\u00e9aliser ces pi\u00e8ces, v\u00e9ritables prouesses techniques.<\/p>\n","protected":false},"excerpt":{"rendered":"<p>Edition limit\u00e9e de 8 pi\u00e8ces<br \/>\nMat\u00e9riaux :\u00a0Structure en laque bleue, portes palissandre, puzzle en ip\u00e9, \u00e9tag\u00e8res int\u00e9rieur en verre et laque, pieds en acrylique transparent<\/p>\n<p>L 142 x l 45 x H 83 cm<\/p>\n<p>Fabriqu\u00e9 \u00e0 la main en Europe<br \/>\nD\u00e9lais de production : 8 &#8211; 9 semaines<br \/>\n<a href=\"https:\/\/www.theinvisiblecollection.com\/fr\/demande-de-devis\/?product_id=38587\">Veuillez svp nous contacter pour plus d&#8217;informations ou une demande sur mesure<\/a><\/p>\n","protected":false},"featured_media":5837449,"template":"","meta":{"_acf_changed":false,"content-type":"","_themeisle_gutenberg_block_has_review":false},"product_brand":[],"product_cat":[7675,8957,12503,12505],"product_tag":[9456,9670,10394,31477,33319],"product_designer":[8881],"comfabric":[],"manufacturer":[21261],"reporting_designer":[37448],"samplecomfabric":[],"designer_clubroom":[],"class_list":{"0":"post-38587","1":"product","2":"type-product","3":"status-publish","4":"has-post-thumbnail","6":"product_cat-consoles-fr","7":"product_cat-commodes","8":"product_cat-tables-fr","9":"product_cat-rangements","10":"product_tag-cabinet","11":"product_tag-console-fr-fr","12":"product_tag-puzzle-fr","13":"product_tag-st-curvy-fr","14":"product_tag-edition-limitee","15":"product_designer-oitoemponto-fr","16":"manufacturer-oitoemponto-atelier-fr","17":"reporting_designer-oitoemponto","19":"first","20":"instock","21":"taxable","22":"shipping-taxable","23":"purchasable","24":"product-type-simple"},"acf":[],"_links":{"self":[{"href":"https:\/\/theinvisiblecollection.com\/fr\/wp-json\/wp\/v2\/product\/38587","targetHints":{"allow":["GET"]}}],"collection":[{"href":"https:\/\/theinvisiblecollection.com\/fr\/wp-json\/wp\/v2\/product"}],"about":[{"href":"https:\/\/theinvisiblecollection.com\/fr\/wp-json\/wp\/v2\/types\/product"}],"wp:featuredmedia":[{"embeddable":true,"href":"https:\/\/theinvisiblecollection.com\/fr\/wp-json\/wp\/v2\/media\/5837449"}],"wp:attachment":[{"href":"https:\/\/theinvisiblecollection.com\/fr\/wp-json\/wp\/v2\/media?parent=38587"}],"wp:term":[{"taxonomy":"product_brand","embeddable":true,"href":"https:\/\/theinvisiblecollection.com\/fr\/wp-json\/wp\/v2\/product_brand?post=38587"},{"taxonomy":"product_cat","embeddable":true,"href":"https:\/\/theinvisiblecollection.com\/fr\/wp-json\/wp\/v2\/product_cat?post=38587"},{"taxonomy":"product_tag","embeddable":true,"href":"https:\/\/theinvisiblecollection.com\/fr\/wp-json\/wp\/v2\/product_tag?post=38587"},{"taxonomy":"product_designer","embeddable":true,"href":"https:\/\/theinvisiblecollection.com\/fr\/wp-json\/wp\/v2\/product_designer?post=38587"},{"taxonomy":"comfabric","embeddable":true,"href":"https:\/\/theinvisiblecollection.com\/fr\/wp-json\/wp\/v2\/comfabric?post=38587"},{"taxonomy":"manufacturer","embeddable":true,"href":"https:\/\/theinvisiblecollection.com\/fr\/wp-json\/wp\/v2\/manufacturer?post=38587"},{"taxonomy":"reporting_designer","embeddable":true,"href":"https:\/\/theinvisiblecollection.com\/fr\/wp-json\/wp\/v2\/reporting_designer?post=38587"},{"taxonomy":"samplecomfabric","embeddable":true,"href":"https:\/\/theinvisiblecollection.com\/fr\/wp-json\/wp\/v2\/samplecomfabric?post=38587"},{"taxonomy":"clubroom_product_designer","embeddable":true,"href":"https:\/\/theinvisiblecollection.com\/fr\/wp-json\/wp\/v2\/designer_clubroom?post=38587"}],"curies":[{"name":"wp","href":"https:\/\/api.w.org\/{rel}","templated":true}]}}