{"id":38605,"date":"2017-03-09T00:00:00","date_gmt":"2017-03-09T00:00:00","guid":{"rendered":"https:\/\/www.theinvisiblecollection.com\/product\/miroir-copacabana\/"},"modified":"2026-05-08T04:41:07","modified_gmt":"2026-05-08T04:41:07","slug":"oitoemponto-miroir-copacabana","status":"publish","type":"product","link":"https:\/\/theinvisiblecollection.com\/fr\/produit\/oitoemponto-miroir-copacabana\/","title":{"rendered":"Miroir Copacabana"},"content":{"rendered":"<p style=\"text-align: justify;\">Cette collection de meubles rend hommage aux architectes br\u00e9siliens contemporains connus sous le nom de \u00ab\u00a0brutalistes\u00a0\u00bb car ils employaient le b\u00e9ton brut et utilisaient angles et cassures des lignes pour r\u00e9aliser leurs \u0153uvres.<\/p>\n<p style=\"text-align: justify;\">Le miroir\u00a0<em>Copacabana,<\/em>\u00a0en laque noire, palissandre et or m\u00e9tal, est un hommage au terre-plein con\u00e7u par Burle pour le quartier d&#8217;Ipanema, \u00e0 Rio.<\/p>\n","protected":false},"excerpt":{"rendered":"<p>Edition limit\u00e9e de 8 pi\u00e8ces<br \/>\nMiroir avec un cadre en fer et feuille d\u2019or, inclusions de laque noire, palissandre<\/p>\n<p>L 130 x E 6 x\u00a0H 180 cm<\/p>\n<p>Fabriqu\u00e9 \u00e0 la main en Europe<br \/>\nD\u00e9lais de production : 8 &#8211; 9 semaines<\/p>\n<p class=\"p1\"><span class=\"s1\"><a href=\"https:\/\/www.theinvisiblecollection.com\/fr\/demande-de-devis\/?product_id=38605\">Contactez-nous pour toute demande de devis ou de renseignements<\/a><\/span><\/p>\n","protected":false},"featured_media":59420,"template":"","meta":{"_acf_changed":false,"content-type":"","_themeisle_gutenberg_block_has_review":false},"product_brand":[],"product_cat":[7517,8225],"product_tag":[9089,9404,10355,12734,31477,33319],"product_designer":[8881],"comfabric":[],"manufacturer":[21261],"reporting_designer":[37448],"samplecomfabric":[],"designer_clubroom":[],"class_list":{"0":"post-38605","1":"product","2":"type-product","3":"status-publish","4":"has-post-thumbnail","6":"product_cat-deco-fr","7":"product_cat-miroirs-fr","8":"product_tag-miroir-fr-3","9":"product_tag-wishlist","10":"product_tag-iconique","11":"product_tag-superstar-fr","12":"product_tag-st-curvy-fr","13":"product_tag-edition-limitee","14":"product_designer-oitoemponto-fr","15":"manufacturer-oitoemponto-atelier-fr","16":"reporting_designer-oitoemponto","18":"first","19":"instock","20":"taxable","21":"shipping-taxable","22":"purchasable","23":"product-type-simple"},"acf":[],"_links":{"self":[{"href":"https:\/\/theinvisiblecollection.com\/fr\/wp-json\/wp\/v2\/product\/38605","targetHints":{"allow":["GET"]}}],"collection":[{"href":"https:\/\/theinvisiblecollection.com\/fr\/wp-json\/wp\/v2\/product"}],"about":[{"href":"https:\/\/theinvisiblecollection.com\/fr\/wp-json\/wp\/v2\/types\/product"}],"wp:featuredmedia":[{"embeddable":true,"href":"https:\/\/theinvisiblecollection.com\/fr\/wp-json\/wp\/v2\/media\/59420"}],"wp:attachment":[{"href":"https:\/\/theinvisiblecollection.com\/fr\/wp-json\/wp\/v2\/media?parent=38605"}],"wp:term":[{"taxonomy":"product_brand","embeddable":true,"href":"https:\/\/theinvisiblecollection.com\/fr\/wp-json\/wp\/v2\/product_brand?post=38605"},{"taxonomy":"product_cat","embeddable":true,"href":"https:\/\/theinvisiblecollection.com\/fr\/wp-json\/wp\/v2\/product_cat?post=38605"},{"taxonomy":"product_tag","embeddable":true,"href":"https:\/\/theinvisiblecollection.com\/fr\/wp-json\/wp\/v2\/product_tag?post=38605"},{"taxonomy":"product_designer","embeddable":true,"href":"https:\/\/theinvisiblecollection.com\/fr\/wp-json\/wp\/v2\/product_designer?post=38605"},{"taxonomy":"comfabric","embeddable":true,"href":"https:\/\/theinvisiblecollection.com\/fr\/wp-json\/wp\/v2\/comfabric?post=38605"},{"taxonomy":"manufacturer","embeddable":true,"href":"https:\/\/theinvisiblecollection.com\/fr\/wp-json\/wp\/v2\/manufacturer?post=38605"},{"taxonomy":"reporting_designer","embeddable":true,"href":"https:\/\/theinvisiblecollection.com\/fr\/wp-json\/wp\/v2\/reporting_designer?post=38605"},{"taxonomy":"samplecomfabric","embeddable":true,"href":"https:\/\/theinvisiblecollection.com\/fr\/wp-json\/wp\/v2\/samplecomfabric?post=38605"},{"taxonomy":"clubroom_product_designer","embeddable":true,"href":"https:\/\/theinvisiblecollection.com\/fr\/wp-json\/wp\/v2\/designer_clubroom?post=38605"}],"curies":[{"name":"wp","href":"https:\/\/api.w.org\/{rel}","templated":true}]}}