{"id":38612,"date":"2021-05-27T00:00:00","date_gmt":"2021-05-26T23:00:00","guid":{"rendered":"https:\/\/www.theinvisiblecollection.com\/product\/miroir-ondule\/"},"modified":"2026-05-01T07:39:55","modified_gmt":"2026-05-01T07:39:55","slug":"miroir-ondule","status":"publish","type":"product","link":"https:\/\/theinvisiblecollection.com\/fr\/produit\/miroir-ondule\/","title":{"rendered":"Miroir Ondul\u00e9"},"content":{"rendered":"<p style=\"text-align: justify;\"><span class=\"TextRun SCXW17781390 BCX0\" lang=\"FR-FR\" xml:lang=\"FR-FR\" data-contrast=\"auto\"><span class=\"NormalTextRun SCXW17781390 BCX0\">Le Miroir Ondul\u00e9, imagin\u00e9 par J\u00e9r\u00f4me Faillant-Dumas, avec son cadre ondul\u00e9, rend d\u00e9licatement hommage aux courbes embl\u00e9matiques de Jean Roy\u00e8re. Sa forme sinueuse est un v\u00e9ritable tour de force artisanal, fruit du savoir-faire exceptionnel de J\u00e9r\u00f4me en travail du bois pour plier parfaitement le ch\u00eane massif. Disponible en plusieurs tailles, chaque miroir n\u00e9cessite un recalcul complet de la fonction sinus par l\u2019\u00e9b\u00e9niste, repensant ainsi toute l\u2019ondulation, ce qui rend chaque pi\u00e8ce unique.\u00a0<\/span><\/span><\/p>\n","protected":false},"excerpt":{"rendered":"<p>Miroir en Noyer ou en Ch\u00eane<\/p>\n<p>Trois dimensions disponibles :<br \/>\nl 65 x H 95 cm<br \/>\nl 120 x H 70 cm<br \/>\nl 195 x H 67 cm<\/p>\n<p>&nbsp;<\/p>\n<p>Fabriqu\u00e9 \u00e0 la main en France<br \/>\nD\u00e9lais de fabrication : 7 semaines<\/p>\n<p><span style=\"text-decoration: underline;\"><span class=\"s1\"><a href=\"https:\/\/www.theinvisiblecollection.com\/fr\/demande-de-devis\/?product_id=38612\">Contactez-nous pour toute demande de devis ou de renseignements<\/a><\/span><\/span><\/p>\n","protected":false},"featured_media":84026,"template":"","meta":{"_acf_changed":false,"content-type":"","_themeisle_gutenberg_block_has_review":false},"product_brand":[],"product_cat":[8225,7517],"product_tag":[9006,9081,10389,12465,9001],"product_designer":[8887],"comfabric":[],"manufacturer":[],"reporting_designer":[37606],"samplecomfabric":[],"designer_clubroom":[],"class_list":{"0":"post-38612","1":"product","2":"type-product","3":"status-publish","4":"has-post-thumbnail","6":"product_cat-miroirs-fr","7":"product_cat-deco-fr","8":"product_tag-st-moritz-fr-3","9":"product_tag-miroir-fr-2","10":"product_tag-jerome-faillant-dumas-fr-fr","11":"product_tag-walnut-fr","12":"product_tag-chene","13":"pa_size-grand-fr","14":"pa_size-moyenne-l-70-x-l-82-x-h-41-cm","15":"pa_size-petit-fr","16":"product_designer-jerome-faillant-dumas-fr","17":"reporting_designer-jerome-faillant-dumas","19":"first","20":"instock","21":"taxable","22":"shipping-taxable","23":"product-type-variable"},"acf":[],"_links":{"self":[{"href":"https:\/\/theinvisiblecollection.com\/fr\/wp-json\/wp\/v2\/product\/38612","targetHints":{"allow":["GET"]}}],"collection":[{"href":"https:\/\/theinvisiblecollection.com\/fr\/wp-json\/wp\/v2\/product"}],"about":[{"href":"https:\/\/theinvisiblecollection.com\/fr\/wp-json\/wp\/v2\/types\/product"}],"wp:featuredmedia":[{"embeddable":true,"href":"https:\/\/theinvisiblecollection.com\/fr\/wp-json\/wp\/v2\/media\/84026"}],"wp:attachment":[{"href":"https:\/\/theinvisiblecollection.com\/fr\/wp-json\/wp\/v2\/media?parent=38612"}],"wp:term":[{"taxonomy":"product_brand","embeddable":true,"href":"https:\/\/theinvisiblecollection.com\/fr\/wp-json\/wp\/v2\/product_brand?post=38612"},{"taxonomy":"product_cat","embeddable":true,"href":"https:\/\/theinvisiblecollection.com\/fr\/wp-json\/wp\/v2\/product_cat?post=38612"},{"taxonomy":"product_tag","embeddable":true,"href":"https:\/\/theinvisiblecollection.com\/fr\/wp-json\/wp\/v2\/product_tag?post=38612"},{"taxonomy":"product_designer","embeddable":true,"href":"https:\/\/theinvisiblecollection.com\/fr\/wp-json\/wp\/v2\/product_designer?post=38612"},{"taxonomy":"comfabric","embeddable":true,"href":"https:\/\/theinvisiblecollection.com\/fr\/wp-json\/wp\/v2\/comfabric?post=38612"},{"taxonomy":"manufacturer","embeddable":true,"href":"https:\/\/theinvisiblecollection.com\/fr\/wp-json\/wp\/v2\/manufacturer?post=38612"},{"taxonomy":"reporting_designer","embeddable":true,"href":"https:\/\/theinvisiblecollection.com\/fr\/wp-json\/wp\/v2\/reporting_designer?post=38612"},{"taxonomy":"samplecomfabric","embeddable":true,"href":"https:\/\/theinvisiblecollection.com\/fr\/wp-json\/wp\/v2\/samplecomfabric?post=38612"},{"taxonomy":"clubroom_product_designer","embeddable":true,"href":"https:\/\/theinvisiblecollection.com\/fr\/wp-json\/wp\/v2\/designer_clubroom?post=38612"}],"curies":[{"name":"wp","href":"https:\/\/api.w.org\/{rel}","templated":true}]}}